{"id":73,"date":"2022-07-28T02:29:43","date_gmt":"2022-07-28T02:29:43","guid":{"rendered":"https:\/\/www.alimakgroup.com\/?page_id=73"},"modified":"2025-11-14T13:41:39","modified_gmt":"2025-11-14T13:41:39","slug":"branscher","status":"publish","type":"page","link":"https:\/\/www.alimakgroup.com\/se\/branscher\/","title":{"rendered":"Branscher"},"content":{"rendered":"\n<section class=\"inner_banner_wrap\">\n    <div class=\"banner_pg\" style=\"background:url(https:\/\/www.alimakgroup.com\/se\/wp-content\/uploads\/sites\/20\/2022\/08\/Industries-Feature-Image-2000x344_c.jpg) center no-repeat; background-size:cover;\">\n    \t        <div class=\"b1\"><div class=\"b2\">\n            <div class=\"content_holder\">\n                <h1>Industries<\/h1>\n            <\/div>\n        <\/div><\/div>\n            <\/div>\n<\/section>\n\n\n\n\n<section class=\"contents_block  \">\n    <div class=\"content_holder\">\n    \t<h5>Alimak Groups produkter och l\u00f6sningar s\u00e4ljs under varum\u00e4rkena Alimak, Scanclimber, Tractel, CoxGomyl, Manntech och Avanti; globala varum\u00e4rken med starkt erk\u00e4nnande p\u00e5 marknaden k\u00e4nda f\u00f6r ledande s\u00e4kerhetsresultat, h\u00f6g kvalitet och h\u00e5llbarhet.<\/h5>\n    <\/div>\n<\/section>\n\n\n\n<section class=\"industry_block industri \">\n    <div class=\"content_holder\">   \n    \t        <div class=\"flex \">\n                <div class=\"ind_txts\">\n            <h3>Industri<\/h3>\n<p>Alimak &#228;r v&#228;rldsledande och pionj&#228;r inom design och tillverkning av l&#246;sningar f&#246;r vertikala transporter inom industriella industrier. Alimak har en installerad bas med &#246;ver 23&#160;000 l&#246;sningar f&#246;r vertikala transporter f&#246;r en m&#228;ngd olika branscher &#246;ver hela v&#228;rlden, alla konstruerade f&#246;r att f&#246;rb&#228;ttra effektiviteten. Eftertraktade f&#246;r sin robusta och tillf&#246;rlitliga konstruktion erbjuder Alimaks industrihissar h&#229;llbara l&#246;sningar f&#246;r vertikala transporter med tillg&#228;ngliga modeller som kan m&#246;ta de specifika behoven i en rad branscher och milj&#246;er.<\/p>\n                        <div class=\"s_links\">\n            \t<p><a href=\"http:\/\/www.alimak.com\" target=\"_blank\" rel=\"noopener\">www.alimak.com<\/a><\/p>\n            <\/div>\n                    <\/div>\n                \n        <div class=\"ind_img\">\n            <div class=\" flex\">\n            \t\t                <div class=\"in_img\" style=\"background:url(https:\/\/www.alimakgroup.com\/se\/wp-content\/uploads\/sites\/20\/2022\/07\/industry_1-400x600_c.jpg) center no-repeat; background-size:cover;\"><img decoding=\"async\" src=\"https:\/\/www.alimakgroup.com\/se\/wp-content\/uploads\/sites\/20\/2022\/07\/industry_1-400x600_c.jpg\" alt=\"\"><\/div>\n                                \t                <div class=\"in_img\" style=\"background:url(https:\/\/www.alimakgroup.com\/se\/wp-content\/uploads\/sites\/20\/2022\/07\/industry_2-400x600_c.jpg) center no-repeat; background-size:cover;\"><img decoding=\"async\" src=\"https:\/\/www.alimakgroup.com\/se\/wp-content\/uploads\/sites\/20\/2022\/07\/industry_2-400x600_c.jpg\" alt=\"\"><\/div>\n                                \t                <div class=\"in_img\" style=\"background:url(https:\/\/www.alimakgroup.com\/se\/wp-content\/uploads\/sites\/20\/2022\/07\/industry_3-400x600_c.jpg) center no-repeat; background-size:cover;\"><img decoding=\"async\" src=\"https:\/\/www.alimakgroup.com\/se\/wp-content\/uploads\/sites\/20\/2022\/07\/industry_3-400x600_c.jpg\" alt=\"\"><\/div>\n                            <\/div>\n        <\/div>\n        <\/div>\n    <\/div>\n<\/section>\n\n\n<section class=\"industry_block byggindustri industry_block_white\">\n    <div class=\"content_holder\">   \n    \t        <div class=\"flex \">\n                <div class=\"ind_txts\">\n            <h3>Byggindustri<\/h3>\n<p>I &#246;ver 70 &#229;r har Alimak varit pionj&#228;r inom industrin f&#246;r vertikala transporter och levererat l&#229;ngtg&#229;ende l&#246;sningar f&#246;r att tillgodose behoven hos en m&#228;ngd olika byggprojekt runt om i v&#228;rlden. Alimaks l&#246;sningar f&#246;r vertikal &#229;tkomst har anv&#228;nts f&#246;r att bygga v&#228;rldens h&#246;gsta byggnader, l&#228;ngsta broar och mest v&#228;lk&#228;nda landm&#228;rken. Alimak bygghissar och transportplattformar levererar effektiva och p&#229;litliga transporter f&#246;r passagerare och material i hela byggbranschen.<\/p>\n                        <div class=\"s_links\">\n            \t<p><a href=\"http:\/\/www.alimak.com\">www.alimak.com<\/a> | <a href=\"http:\/\/www.scanclimber.com\">www.scanclimber.com<\/a><\/p>\n            <\/div>\n                    <\/div>\n                \n        <div class=\"ind_img\">\n            <div class=\" flex\">\n            \t\t                <div class=\"in_img\" style=\"background:url(https:\/\/www.alimakgroup.com\/se\/wp-content\/uploads\/sites\/20\/2022\/07\/industry_4-400x600_c.jpg) center no-repeat; background-size:cover;\"><img decoding=\"async\" src=\"https:\/\/www.alimakgroup.com\/se\/wp-content\/uploads\/sites\/20\/2022\/07\/industry_4-400x600_c.jpg\" alt=\"\"><\/div>\n                                \t                <div class=\"in_img\" style=\"background:url(https:\/\/www.alimakgroup.com\/se\/wp-content\/uploads\/sites\/20\/2022\/07\/industry_5-400x600_c.jpg) center no-repeat; background-size:cover;\"><img decoding=\"async\" src=\"https:\/\/www.alimakgroup.com\/se\/wp-content\/uploads\/sites\/20\/2022\/07\/industry_5-400x600_c.jpg\" alt=\"\"><\/div>\n                                \t                <div class=\"in_img\" style=\"background:url(https:\/\/www.alimakgroup.com\/se\/wp-content\/uploads\/sites\/20\/2022\/07\/industry_6-400x600_c.jpg) center no-repeat; background-size:cover;\"><img decoding=\"async\" src=\"https:\/\/www.alimakgroup.com\/se\/wp-content\/uploads\/sites\/20\/2022\/07\/industry_6-400x600_c.jpg\" alt=\"\"><\/div>\n                            <\/div>\n        <\/div>\n        <\/div>\n    <\/div>\n<\/section>\n\n\n<section class=\"industry_block fasad\u00e5tkomst \">\n    <div class=\"content_holder\">   \n    \t        <div class=\"flex \">\n                <div class=\"ind_txts\">\n            <h3>Fasad&#229;tkomst<\/h3>\n<p>CoxGomyl, Tractel och Manntech finns i hela v&#228;rlden och har &#246;ver 120 &#229;rs kombinerad erfarenhet. De &#228;r industripionj&#228;rer och nyskapare som tillhandah&#229;ller optimala system f&#246;r byggnadsunderh&#229;ll tillg&#228;ngliga f&#246;r varje byggnadsstruktur oavsett dess enkelhet eller komplexitet. Kombinationen av varum&#228;rkena ger de mest tillf&#246;rlitliga och effektiva l&#246;sningarna f&#246;r l&#246;sningar f&#246;r &#229;tkomst till byggnader, baserade p&#229; bepr&#246;vad teknik ger de exceptionell prestanda samtidigt som de uppfyller de h&#246;gsta standarderna f&#246;r s&#228;kerhet och kvalitet.<\/p>\n                        <div class=\"s_links\">\n            \t<p><a href=\"https:\/\/facadeaccesssolutions.com\/\" target=\"_blank\" rel=\"noopener\">www.facadeaccesssolutions.com<\/a><\/p>\n            <\/div>\n                    <\/div>\n                \n        <div class=\"ind_img\">\n            <div class=\" flex\">\n            \t\t                <div class=\"in_img\" style=\"background:url(https:\/\/www.alimakgroup.com\/se\/wp-content\/uploads\/sites\/20\/2022\/07\/industry_7-400x600_c.jpg) center no-repeat; background-size:cover;\"><img decoding=\"async\" src=\"https:\/\/www.alimakgroup.com\/se\/wp-content\/uploads\/sites\/20\/2022\/07\/industry_7-400x600_c.jpg\" alt=\"\"><\/div>\n                                \t                <div class=\"in_img\" style=\"background:url(https:\/\/www.alimakgroup.com\/se\/wp-content\/uploads\/sites\/20\/2022\/07\/industry_8-400x600_c.jpg) center no-repeat; background-size:cover;\"><img decoding=\"async\" src=\"https:\/\/www.alimakgroup.com\/se\/wp-content\/uploads\/sites\/20\/2022\/07\/industry_8-400x600_c.jpg\" alt=\"\"><\/div>\n                                \t                <div class=\"in_img\" style=\"background:url(https:\/\/www.alimakgroup.com\/se\/wp-content\/uploads\/sites\/20\/2022\/07\/industry_9-400x600_c.jpg) center no-repeat; background-size:cover;\"><img decoding=\"async\" src=\"https:\/\/www.alimakgroup.com\/se\/wp-content\/uploads\/sites\/20\/2022\/07\/industry_9-400x600_c.jpg\" alt=\"\"><\/div>\n                            <\/div>\n        <\/div>\n        <\/div>\n    <\/div>\n<\/section>\n\n\n<section class=\"industry_block vindkraft industry_block_white\">\n    <div class=\"content_holder\">   \n    \t        <div class=\"flex \">\n                <div class=\"ind_txts\">\n            <h3>Vindkraft<\/h3>\n<p>Avanti \u00e4r en av de globala ledarna inom s\u00e4kert arbete i vindkraftverk. Med h\u00f6gkvalitativa s\u00e4kerhetsprodukter och -l\u00f6sningar f\u00f6r vindkraftstorn hj\u00e4lper Avanti sina kunder att h\u00e5lla kostnaderna f\u00f6r vindenergi p\u00e5 en konkurrenskraftig niv\u00e5. Avanti ing\u00e5r i Alimak Group och har kontor och produktionsanl\u00e4ggningar p\u00e5 alla st\u00f6rre marknader f\u00f6r vindkraft. Avanti har en installerad bas p\u00e5 mer \u00e4n 35 000 servicehissar globalt, mer \u00e4n 10 000 installerade torninteri\u00f6rer och mer \u00e4n 15 000 servicetekniker som arbetar inom vindindustrin, utbildade av Avanti inom s\u00e4kerhet f\u00f6r installationer b\u00e5de onshore och offshore.<\/p>\n                        <div class=\"s_links\">\n            \t<p><a href=\"https:\/\/www.avanti-online.com\/\" target=\"_blank\" rel=\"noopener\">www.avanti-online.com<\/a><\/p>\n            <\/div>\n                    <\/div>\n                \n        <div class=\"ind_img\">\n            <div class=\" flex\">\n            \t\t                <div class=\"in_img\" style=\"background:url(https:\/\/www.alimakgroup.com\/se\/wp-content\/uploads\/sites\/20\/2022\/07\/industry_10-400x600_c.jpg) center no-repeat; background-size:cover;\"><img decoding=\"async\" src=\"https:\/\/www.alimakgroup.com\/se\/wp-content\/uploads\/sites\/20\/2022\/07\/industry_10-400x600_c.jpg\" alt=\"\"><\/div>\n                                \t                <div class=\"in_img\" style=\"background:url(https:\/\/www.alimakgroup.com\/se\/wp-content\/uploads\/sites\/20\/2022\/07\/industry_11-400x600_c.jpg) center no-repeat; background-size:cover;\"><img decoding=\"async\" src=\"https:\/\/www.alimakgroup.com\/se\/wp-content\/uploads\/sites\/20\/2022\/07\/industry_11-400x600_c.jpg\" alt=\"\"><\/div>\n                                \t                <div class=\"in_img\" style=\"background:url(https:\/\/www.alimakgroup.com\/se\/wp-content\/uploads\/sites\/20\/2022\/07\/industry_12-400x600_c.jpg) center no-repeat; background-size:cover;\"><img decoding=\"async\" src=\"https:\/\/www.alimakgroup.com\/se\/wp-content\/uploads\/sites\/20\/2022\/07\/industry_12-400x600_c.jpg\" alt=\"\"><\/div>\n                            <\/div>\n        <\/div>\n        <\/div>\n    <\/div>\n<\/section>\n\n\n<section class=\"industry_block height_safety \">\n    <div class=\"content_holder\">   \n    \t    \t<div class=\"ind_title\"><h3>Height Safety &#038; Productivity Solutions<\/h3><\/div>\n                <div class=\"flex has_title\">\n                <div class=\"ind_txts\">\n            <p>Height Safety &#038; Productivity Solutions divisionen representerar v\u00e5rt varum\u00e4rke Tractel, en v\u00e4rldsledande tillverkare av p\u00e5litlig, innovativ och h\u00f6gkvalitativ lyft- och fallskyddsutrustning och tillh\u00f6rande tj\u00e4nster. Divisionen har kunder inom industri, bygg, energi, telekom och infrastruktur. Erbjudandet inkluderar ett omfattande utbud av service- och supportl\u00f6sningar, inklusive underh\u00e5ll och utbildning. Inom omr\u00e5det lyftutrustning \u00e4r Tractel v\u00e4rldsber\u00f6mt f\u00f6rvinschar som anv\u00e4nds f\u00f6r transport av personal och material samt ett brett utbud av tillh\u00f6rande lyftutrustning. I portf\u00f6ljen ing\u00e5r personlig skyddsutrustning, utrustning f\u00f6r access till tr\u00e5nga utrymmen och r\u00e4ddningsutrustning f\u00f6r fallskydd, samt installerade system som s\u00e4kerhetsstegar, skyddsr\u00e4cken och livlinor.<\/p>\n                        <div class=\"s_links\">\n            \t<p><a href=\"https:\/\/www.tractel.com\/\" target=\"_blank\" rel=\"noopener\">www.tractel.com<\/a><\/p>\n            <\/div>\n                    <\/div>\n                \n        <div class=\"ind_img\">\n            <div class=\" flex\">\n            \t\t                <div class=\"in_img\" style=\"background:url(https:\/\/www.alimakgroup.com\/se\/wp-content\/uploads\/sites\/20\/2022\/11\/img_1-400x600_c.jpg) center no-repeat; background-size:cover;\"><img decoding=\"async\" src=\"https:\/\/www.alimakgroup.com\/se\/wp-content\/uploads\/sites\/20\/2022\/11\/img_1-400x600_c.jpg\" alt=\"\"><\/div>\n                                \t                <div class=\"in_img\" style=\"background:url(https:\/\/www.alimakgroup.com\/se\/wp-content\/uploads\/sites\/20\/2022\/11\/img_2-400x600_c.jpg) center no-repeat; background-size:cover;\"><img decoding=\"async\" src=\"https:\/\/www.alimakgroup.com\/se\/wp-content\/uploads\/sites\/20\/2022\/11\/img_2-400x600_c.jpg\" alt=\"\"><\/div>\n                                \t                <div class=\"in_img\" style=\"background:url(https:\/\/www.alimakgroup.com\/se\/wp-content\/uploads\/sites\/20\/2022\/11\/img_3-400x600_c.jpg) center no-repeat; background-size:cover;\"><img decoding=\"async\" src=\"https:\/\/www.alimakgroup.com\/se\/wp-content\/uploads\/sites\/20\/2022\/11\/img_3-400x600_c.jpg\" alt=\"\"><\/div>\n                            <\/div>\n        <\/div>\n        <\/div>\n    <\/div>\n<\/section>\n","protected":false},"excerpt":{"rendered":"","protected":false},"author":1,"featured_media":0,"parent":0,"menu_order":2,"comment_status":"closed","ping_status":"closed","template":"","meta":{"_acf_changed":false,"_trash_the_other_posts":false,"editor_notices":[],"footnotes":""},"class_list":["post-73","page","type-page","status-publish","hentry"],"acf":[],"yoast_head":"<!-- This site is optimized with the Yoast SEO plugin v27.3 - https:\/\/yoast.com\/product\/yoast-seo-wordpress\/ -->\n<title>Branscher - Sweden<\/title>\n<meta name=\"robots\" content=\"index, follow, max-snippet:-1, max-image-preview:large, max-video-preview:-1\" \/>\n<link rel=\"canonical\" href=\"https:\/\/www.alimakgroup.com\/se\/branscher\/\" \/>\n<meta property=\"og:locale\" content=\"sv_SE\" \/>\n<meta property=\"og:type\" content=\"article\" \/>\n<meta property=\"og:title\" content=\"Branscher - Sweden\" \/>\n<meta property=\"og:url\" content=\"https:\/\/www.alimakgroup.com\/se\/branscher\/\" \/>\n<meta property=\"og:site_name\" content=\"Sweden\" \/>\n<meta property=\"article:modified_time\" content=\"2025-11-14T13:41:39+00:00\" \/>\n<meta name=\"twitter:card\" content=\"summary_large_image\" \/>\n<script type=\"application\/ld+json\" class=\"yoast-schema-graph\">{\"@context\":\"https:\\\/\\\/schema.org\",\"@graph\":[{\"@type\":\"WebPage\",\"@id\":\"https:\\\/\\\/www.alimakgroup.com\\\/se\\\/branscher\\\/\",\"url\":\"https:\\\/\\\/www.alimakgroup.com\\\/se\\\/branscher\\\/\",\"name\":\"Branscher - Sweden\",\"isPartOf\":{\"@id\":\"https:\\\/\\\/www.alimakgroup.com\\\/se\\\/#website\"},\"datePublished\":\"2022-07-28T02:29:43+00:00\",\"dateModified\":\"2025-11-14T13:41:39+00:00\",\"inLanguage\":\"sv-SE\",\"potentialAction\":[{\"@type\":\"ReadAction\",\"target\":[\"https:\\\/\\\/www.alimakgroup.com\\\/se\\\/branscher\\\/\"]}]},{\"@type\":\"WebSite\",\"@id\":\"https:\\\/\\\/www.alimakgroup.com\\\/se\\\/#website\",\"url\":\"https:\\\/\\\/www.alimakgroup.com\\\/se\\\/\",\"name\":\"Sweden\",\"description\":\"Just another WordPress site\",\"potentialAction\":[{\"@type\":\"SearchAction\",\"target\":{\"@type\":\"EntryPoint\",\"urlTemplate\":\"https:\\\/\\\/www.alimakgroup.com\\\/se\\\/?s={search_term_string}\"},\"query-input\":{\"@type\":\"PropertyValueSpecification\",\"valueRequired\":true,\"valueName\":\"search_term_string\"}}],\"inLanguage\":\"sv-SE\"}]}<\/script>\n<!-- \/ Yoast SEO plugin. -->","yoast_head_json":{"title":"Branscher - Sweden","robots":{"index":"index","follow":"follow","max-snippet":"max-snippet:-1","max-image-preview":"max-image-preview:large","max-video-preview":"max-video-preview:-1"},"canonical":"https:\/\/www.alimakgroup.com\/se\/branscher\/","og_locale":"sv_SE","og_type":"article","og_title":"Branscher - Sweden","og_url":"https:\/\/www.alimakgroup.com\/se\/branscher\/","og_site_name":"Sweden","article_modified_time":"2025-11-14T13:41:39+00:00","twitter_card":"summary_large_image","schema":{"@context":"https:\/\/schema.org","@graph":[{"@type":"WebPage","@id":"https:\/\/www.alimakgroup.com\/se\/branscher\/","url":"https:\/\/www.alimakgroup.com\/se\/branscher\/","name":"Branscher - Sweden","isPartOf":{"@id":"https:\/\/www.alimakgroup.com\/se\/#website"},"datePublished":"2022-07-28T02:29:43+00:00","dateModified":"2025-11-14T13:41:39+00:00","inLanguage":"sv-SE","potentialAction":[{"@type":"ReadAction","target":["https:\/\/www.alimakgroup.com\/se\/branscher\/"]}]},{"@type":"WebSite","@id":"https:\/\/www.alimakgroup.com\/se\/#website","url":"https:\/\/www.alimakgroup.com\/se\/","name":"Sweden","description":"Just another WordPress site","potentialAction":[{"@type":"SearchAction","target":{"@type":"EntryPoint","urlTemplate":"https:\/\/www.alimakgroup.com\/se\/?s={search_term_string}"},"query-input":{"@type":"PropertyValueSpecification","valueRequired":true,"valueName":"search_term_string"}}],"inLanguage":"sv-SE"}]}},"_links":{"self":[{"href":"https:\/\/www.alimakgroup.com\/se\/wp-json\/wp\/v2\/pages\/73","targetHints":{"allow":["GET"]}}],"collection":[{"href":"https:\/\/www.alimakgroup.com\/se\/wp-json\/wp\/v2\/pages"}],"about":[{"href":"https:\/\/www.alimakgroup.com\/se\/wp-json\/wp\/v2\/types\/page"}],"author":[{"embeddable":true,"href":"https:\/\/www.alimakgroup.com\/se\/wp-json\/wp\/v2\/users\/1"}],"replies":[{"embeddable":true,"href":"https:\/\/www.alimakgroup.com\/se\/wp-json\/wp\/v2\/comments?post=73"}],"version-history":[{"count":34,"href":"https:\/\/www.alimakgroup.com\/se\/wp-json\/wp\/v2\/pages\/73\/revisions"}],"predecessor-version":[{"id":660,"href":"https:\/\/www.alimakgroup.com\/se\/wp-json\/wp\/v2\/pages\/73\/revisions\/660"}],"wp:attachment":[{"href":"https:\/\/www.alimakgroup.com\/se\/wp-json\/wp\/v2\/media?parent=73"}],"curies":[{"name":"wp","href":"https:\/\/api.w.org\/{rel}","templated":true}]}}