{"id":654,"date":"2024-07-16T06:11:36","date_gmt":"2024-07-16T06:11:36","guid":{"rendered":"https:\/\/www.alimakgroup.com\/se\/legal-notice-svenska\/"},"modified":"2024-07-16T06:32:53","modified_gmt":"2024-07-16T06:32:53","slug":"legal-notice-svenska","status":"publish","type":"page","link":"https:\/\/www.alimakgroup.com\/se\/legal-notice-svenska\/","title":{"rendered":"R\u00e4ttsligt meddelande"},"content":{"rendered":"\n<section class=\"inner_banner_wrap\">\n    <div class=\"banner_pg\" style=\"background:url(https:\/\/www.alimakgroup.com\/se\/wp-content\/uploads\/sites\/20\/2024\/01\/Asset-Data-Management-Feature-Image-2000x344_c.jpg) center no-repeat; background-size:cover;\">\n    \t        <div class=\"b1\"><div class=\"b2\">\n            <div class=\"content_holder\">\n                <h1>R\u00e4ttsligt meddelande<\/h1>\n            <\/div>\n        <\/div><\/div>\n            <\/div>\n<\/section>\n\n\n\n\n<section class=\"contents_block  remove_bs\">\n    <div class=\"content_holder\">\n    \t<h2>Alimak Group AB (publ)<\/h2>\n<p class=\"p1\">Alimak Group AB (publ) med sina dotterbolag (\u201cAlimak Group\u201d) \u00e4r en global leverant\u00f6r av h\u00e5llbara l\u00f6sningar f\u00f6r vertikal \u00e5tkomst och arbete p\u00e5 h\u00f6jd med n\u00e4rvaro i mer \u00e4n 120 l\u00e4nder, Alimak Group utvecklar, tillverkar, s\u00e4ljer och servar vertikal \u00e5tkomst och arbete p\u00e5 h\u00f6jden l\u00f6sningar med fokus p\u00e5 att tillf\u00f6ra kundv\u00e4rde genom \u00f6kad s\u00e4kerhet, h\u00f6gre produktivitet och f\u00f6rb\u00e4ttrad kostnadseffektivitet.<\/p>\n<h3>IMMATERIELL EGENDOM<\/h3>\n<h4>Meddelande om upphovsr\u00e4tt och reproduktion<\/h4>\n<h4>Copyright \u00a9 2024 Alimak Group. Alla r\u00e4ttigheter f\u00f6rbeh\u00e5llna.<\/h4>\n<p>Inneh\u00e5llet p\u00e5 Alimak Groups webbplatser \u00e4r skyddat enligt internationella upphovsr\u00e4ttskonventioner. Sidhuvuden, anpassad grafik, knappikoner, stilmallar och skript som bidrar till &#8221;utseendet och k\u00e4nslan&#8221; av webbplatsen \u00e4r servicem\u00e4rken, varum\u00e4rken och\/eller kl\u00e4dsel som tillh\u00f6r Alimak Group och f\u00e5r inte kopieras, imiteras eller anv\u00e4ndas, i helt eller delvis, i samband med n\u00e5gon produkt eller tj\u00e4nst utan v\u00e5rt skriftliga tillst\u00e5nd i f\u00f6rv\u00e4g, p\u00e5 n\u00e5got s\u00e4tt som kan orsaka f\u00f6rvirring bland kunder, eller p\u00e5 n\u00e5got s\u00e4tt som neds\u00e4tter eller misskrediterar Alimak Group. Reproduktion av rimliga delar av inneh\u00e5llet p\u00e5 webbplatserna \u00e4r endast till\u00e5ten under f\u00f6ruts\u00e4ttning att (i) s\u00e5dana reproduktioner g\u00f6rs tillg\u00e4ngliga gratis och f\u00f6r icke-kommersiella \u00e4ndam\u00e5l, (ii) s\u00e5dana reproduktioner \u00e4r korrekt tillskrivna Alimak Group, (iii) delen av webbplatsen som reproduceras inte \u00e4ndras eller g\u00f6ras tillg\u00e4nglig p\u00e5 ett s\u00e4tt som modifierar inneh\u00e5llet p\u00e5 webbplatsen eller presenterar den del av webbplatsen som reproduceras i ett falskt ljus och (iv) meddelande g\u00f6rs till friskrivningarna som ing\u00e5r p\u00e5 webbplatsen. Till\u00e5telse att kopiera om till\u00e5ter inte inkorporering av n\u00e5gon v\u00e4sentlig del av webbplatserna i n\u00e5got verk eller publikation, vare sig i papperskopia, elektronisk eller n\u00e5gon annan form eller f\u00f6r kommersiella \u00e4ndam\u00e5l.<\/p>\n<h3>Varum\u00e4rken<\/h3>\n<p><strong>ALIMAK, AVANTI, COXGOMYL, MANNTECH, SCANCLIMBER, TRACTEL<\/strong> och relaterade logotyper \u00e4r registrerade varum\u00e4rken som tillh\u00f6r Alimak Group AB och dess dotterbolag, i flera jurisdiktioner inklusive men inte begr\u00e4nsat till EU och USA. Alimak Group beh\u00e5ller alla r\u00e4ttigheter i sitt namn och f\u00f6r ovan n\u00e4mnda varum\u00e4rken samt andra varum\u00e4rken och produktnamn som n\u00e4mns p\u00e5 webbplatsen, oavsett om de \u00e4r registrerade eller inte (&#8221;Varum\u00e4rkena&#8221;). Du f\u00e5r inte anv\u00e4nda varum\u00e4rkena utan v\u00e5rt skriftliga tillst\u00e5nd i f\u00f6rv\u00e4g; du f\u00e5r inte anv\u00e4nda varum\u00e4rkena p\u00e5 n\u00e5got s\u00e4tt som kan orsaka f\u00f6rvirring om huruvida vi \u00e4r k\u00e4llan till en produkt, tj\u00e4nst eller aktivitet.<\/p>\n<p>&nbsp;<\/p>\n    <\/div>\n<\/section>\n\n","protected":false},"excerpt":{"rendered":"<p>1 Detta Asset Data Management Statement beskriver praxis f\u00f6r Alimak Group AB och dess &#8230;<\/p>\n","protected":false},"author":1,"featured_media":0,"parent":0,"menu_order":0,"comment_status":"closed","ping_status":"closed","template":"","meta":{"_acf_changed":false,"_trash_the_other_posts":false,"editor_notices":[],"footnotes":""},"class_list":["post-654","page","type-page","status-publish","hentry"],"acf":[],"yoast_head":"<!-- This site is optimized with the Yoast SEO plugin v27.3 - https:\/\/yoast.com\/product\/yoast-seo-wordpress\/ -->\n<title>R\u00e4ttsligt meddelande - Sweden<\/title>\n<meta name=\"robots\" content=\"index, follow, max-snippet:-1, max-image-preview:large, max-video-preview:-1\" \/>\n<link rel=\"canonical\" href=\"https:\/\/www.alimakgroup.com\/se\/legal-notice-svenska\/\" \/>\n<meta property=\"og:locale\" content=\"sv_SE\" \/>\n<meta property=\"og:type\" content=\"article\" \/>\n<meta property=\"og:title\" content=\"R\u00e4ttsligt meddelande - Sweden\" \/>\n<meta property=\"og:description\" content=\"1 Detta Asset Data Management Statement beskriver praxis f\u00f6r Alimak Group AB och dess ...\" \/>\n<meta property=\"og:url\" content=\"https:\/\/www.alimakgroup.com\/se\/legal-notice-svenska\/\" \/>\n<meta property=\"og:site_name\" content=\"Sweden\" \/>\n<meta property=\"article:modified_time\" content=\"2024-07-16T06:32:53+00:00\" \/>\n<meta name=\"twitter:card\" content=\"summary_large_image\" \/>\n<script type=\"application\/ld+json\" class=\"yoast-schema-graph\">{\"@context\":\"https:\\\/\\\/schema.org\",\"@graph\":[{\"@type\":\"WebPage\",\"@id\":\"https:\\\/\\\/www.alimakgroup.com\\\/se\\\/legal-notice-svenska\\\/\",\"url\":\"https:\\\/\\\/www.alimakgroup.com\\\/se\\\/legal-notice-svenska\\\/\",\"name\":\"R\u00e4ttsligt meddelande - Sweden\",\"isPartOf\":{\"@id\":\"https:\\\/\\\/www.alimakgroup.com\\\/se\\\/#website\"},\"datePublished\":\"2024-07-16T06:11:36+00:00\",\"dateModified\":\"2024-07-16T06:32:53+00:00\",\"inLanguage\":\"sv-SE\",\"potentialAction\":[{\"@type\":\"ReadAction\",\"target\":[\"https:\\\/\\\/www.alimakgroup.com\\\/se\\\/legal-notice-svenska\\\/\"]}]},{\"@type\":\"WebSite\",\"@id\":\"https:\\\/\\\/www.alimakgroup.com\\\/se\\\/#website\",\"url\":\"https:\\\/\\\/www.alimakgroup.com\\\/se\\\/\",\"name\":\"Sweden\",\"description\":\"Just another WordPress site\",\"potentialAction\":[{\"@type\":\"SearchAction\",\"target\":{\"@type\":\"EntryPoint\",\"urlTemplate\":\"https:\\\/\\\/www.alimakgroup.com\\\/se\\\/?s={search_term_string}\"},\"query-input\":{\"@type\":\"PropertyValueSpecification\",\"valueRequired\":true,\"valueName\":\"search_term_string\"}}],\"inLanguage\":\"sv-SE\"}]}<\/script>\n<!-- \/ Yoast SEO plugin. -->","yoast_head_json":{"title":"R\u00e4ttsligt meddelande - Sweden","robots":{"index":"index","follow":"follow","max-snippet":"max-snippet:-1","max-image-preview":"max-image-preview:large","max-video-preview":"max-video-preview:-1"},"canonical":"https:\/\/www.alimakgroup.com\/se\/legal-notice-svenska\/","og_locale":"sv_SE","og_type":"article","og_title":"R\u00e4ttsligt meddelande - Sweden","og_description":"1 Detta Asset Data Management Statement beskriver praxis f\u00f6r Alimak Group AB och dess ...","og_url":"https:\/\/www.alimakgroup.com\/se\/legal-notice-svenska\/","og_site_name":"Sweden","article_modified_time":"2024-07-16T06:32:53+00:00","twitter_card":"summary_large_image","schema":{"@context":"https:\/\/schema.org","@graph":[{"@type":"WebPage","@id":"https:\/\/www.alimakgroup.com\/se\/legal-notice-svenska\/","url":"https:\/\/www.alimakgroup.com\/se\/legal-notice-svenska\/","name":"R\u00e4ttsligt meddelande - Sweden","isPartOf":{"@id":"https:\/\/www.alimakgroup.com\/se\/#website"},"datePublished":"2024-07-16T06:11:36+00:00","dateModified":"2024-07-16T06:32:53+00:00","inLanguage":"sv-SE","potentialAction":[{"@type":"ReadAction","target":["https:\/\/www.alimakgroup.com\/se\/legal-notice-svenska\/"]}]},{"@type":"WebSite","@id":"https:\/\/www.alimakgroup.com\/se\/#website","url":"https:\/\/www.alimakgroup.com\/se\/","name":"Sweden","description":"Just another WordPress site","potentialAction":[{"@type":"SearchAction","target":{"@type":"EntryPoint","urlTemplate":"https:\/\/www.alimakgroup.com\/se\/?s={search_term_string}"},"query-input":{"@type":"PropertyValueSpecification","valueRequired":true,"valueName":"search_term_string"}}],"inLanguage":"sv-SE"}]}},"_links":{"self":[{"href":"https:\/\/www.alimakgroup.com\/se\/wp-json\/wp\/v2\/pages\/654","targetHints":{"allow":["GET"]}}],"collection":[{"href":"https:\/\/www.alimakgroup.com\/se\/wp-json\/wp\/v2\/pages"}],"about":[{"href":"https:\/\/www.alimakgroup.com\/se\/wp-json\/wp\/v2\/types\/page"}],"author":[{"embeddable":true,"href":"https:\/\/www.alimakgroup.com\/se\/wp-json\/wp\/v2\/users\/1"}],"replies":[{"embeddable":true,"href":"https:\/\/www.alimakgroup.com\/se\/wp-json\/wp\/v2\/comments?post=654"}],"version-history":[{"count":3,"href":"https:\/\/www.alimakgroup.com\/se\/wp-json\/wp\/v2\/pages\/654\/revisions"}],"predecessor-version":[{"id":657,"href":"https:\/\/www.alimakgroup.com\/se\/wp-json\/wp\/v2\/pages\/654\/revisions\/657"}],"wp:attachment":[{"href":"https:\/\/www.alimakgroup.com\/se\/wp-json\/wp\/v2\/media?parent=654"}],"curies":[{"name":"wp","href":"https:\/\/api.w.org\/{rel}","templated":true}]}}