{"id":60,"date":"2022-07-28T02:27:01","date_gmt":"2022-07-28T02:27:01","guid":{"rendered":"https:\/\/www.alimakgroup.com\/?page_id=60"},"modified":"2022-11-26T06:42:50","modified_gmt":"2022-11-26T06:42:50","slug":"tjanster","status":"publish","type":"page","link":"https:\/\/www.alimakgroup.com\/se\/tjanster\/","title":{"rendered":"Tj\u00e4nster"},"content":{"rendered":"\n<section class=\"inner_banner_wrap\">\n    <div class=\"banner_pg\" style=\"background:url(https:\/\/www.alimakgroup.com\/se\/wp-content\/uploads\/sites\/20\/2022\/08\/Services-Feature-Image-2000x344_c.jpg) center no-repeat; background-size:cover;\">\n    \t        <div class=\"b1\"><div class=\"b2\">\n            <div class=\"content_holder\">\n                <h1>Servicel\u00f6sningar<\/h1>\n            <\/div>\n        <\/div><\/div>\n            <\/div>\n<\/section>\n\n\n\n\n<section class=\"contents_block  \">\n    <div class=\"content_holder\">\n    \t<h5>Alimak Group har en installerad bas p\u00e5 \u00f6ver 67 000 hissar, plattformar, servicehissar och enheter f\u00f6r byggnadsunderh\u00e5ll runt om i v\u00e4rlden. Alimak Group anv\u00e4nder sitt globala fotavtryck av tekniker f\u00f6r att ge v\u00e5ra kunder b\u00e4sta m\u00f6jliga produktdrifttid och s\u00e4kerhet \u2013 vi \u00e4r experter p\u00e5 underh\u00e5ll av utrustning f\u00f6r vertikal \u00e5tkomst.<\/h5>\n<p>Var din utrustning \u00e4n \u00e4r i v\u00e4rlden erbjuder Alimak Group en rad skr\u00e4ddarsydda l\u00f6sningar f\u00f6r att maximera produktiviteten hos din utrustning och samtidigt m\u00f6ta de str\u00e4nga industrikraven f\u00f6r l\u00f6sningar f\u00f6r vertikal \u00e5tkomst. Genom v\u00e5ra servicecenter och noggrant utvalda auktoriserade distribut\u00f6rer i \u00f6ver 100 l\u00e4nder erbjuder Alimak Group omfattande paket utformade f\u00f6r att ta hand om dina produkter och de m\u00e4nniskor som anv\u00e4nder dem under utrustningens hela livscykel.<\/p>\n    <\/div>\n<\/section>\n\n\n\n    <section class=\"services_list\">\n        <div class=\"content_holder\">\n            <div class=\"s_list flex\">\n            \t                            <div class=\"s_item\">                            \n                                                                <div class=\"s_icon\">\n                                                                                                <img decoding=\"async\" src=\"https:\/\/www.alimakgroup.com\/se\/wp-content\/uploads\/sites\/20\/2022\/07\/service_1.svg\" alt=\"Inspektion, s\u00e4kerhet och efterlevnad\" title=\"Inspektion, s\u00e4kerhet och efterlevnad\">\n                                                                <\/div>\n                                                                \n                                                                <h3>\n                                                                Inspektion, s\u00e4kerhet och efterlevnad                                                                <\/h3>\n                                                                \n                                <p>Program f\u00f6r rutininspektioner f\u00f6r att s\u00e4kerst\u00e4lla att utrustningen \u00e4r s\u00e4ker och uppfyller kraven<\/p>\n                            <\/div>\n                                                        <div class=\"s_item\">                            \n                                                                <div class=\"s_icon\">\n                                                                                                <img decoding=\"async\" src=\"https:\/\/www.alimakgroup.com\/se\/wp-content\/uploads\/sites\/20\/2022\/07\/service_2.svg\" alt=\"Service och underh\u00e5ll\" title=\"Service och underh\u00e5ll\">\n                                                                <\/div>\n                                                                \n                                                                <h3>\n                                                                Service och underh\u00e5ll                                                                <\/h3>\n                                                                \n                                <p>Omfattande utbud av servicekontrakt, underh\u00e5llsprogram och reparationsl\u00f6sningar<\/p>\n                            <\/div>\n                                                        <div class=\"s_item\">                            \n                                                                <div class=\"s_icon\">\n                                                                                                <img decoding=\"async\" src=\"https:\/\/www.alimakgroup.com\/se\/wp-content\/uploads\/sites\/20\/2022\/07\/service_3.svg\" alt=\"Utbildning\" title=\"Utbildning\">\n                                                                <\/div>\n                                                                \n                                                                <h3>\n                                                                Utbildning                                                                <\/h3>\n                                                                \n                                <p>Utbildning i klassrum eller e-utbildning f\u00f6r att st\u00f6dja s\u00e4ker drift, underh\u00e5ll och installation av utrustning<\/p>\n                            <\/div>\n                                                        <div class=\"s_item\">                            \n                                                                <div class=\"s_icon\">\n                                                                                                <img decoding=\"async\" src=\"https:\/\/www.alimakgroup.com\/se\/wp-content\/uploads\/sites\/20\/2022\/07\/service_4.svg\" alt=\"Tillg\u00e5ngshantering\" title=\"Tillg\u00e5ngshantering\">\n                                                                <\/div>\n                                                                \n                                                                <h3>\n                                                                Tillg\u00e5ngshantering                                                                <\/h3>\n                                                                \n                                <p>Fj\u00e4rr\u00f6vervakning, servicel\u00f6sningar och experter p\u00e5 eftermarknadsservice kombineras f\u00f6r att tillhandah\u00e5lla utrustningens hela livscykel och kundorienterade l\u00f6sningar<\/p>\n                            <\/div>\n                                                        <div class=\"s_item\">                            \n                                                                <div class=\"s_icon\">\n                                                                                                <img decoding=\"async\" src=\"https:\/\/www.alimakgroup.com\/se\/wp-content\/uploads\/sites\/20\/2022\/07\/service_5.svg\" alt=\"Originalreservdelar\" title=\"Originalreservdelar\">\n                                                                <\/div>\n                                                                \n                                                                <h3>\n                                                                Originalreservdelar                                                                <\/h3>\n                                                                \n                                <p>Originalreservdelar f\u00f6rl\u00e4nger maskinens livsl\u00e4ngd och maximerar prestanda<\/p>\n                            <\/div>\n                                                        <div class=\"s_item\">                            \n                                                                <div class=\"s_icon\">\n                                                                                                <img decoding=\"async\" src=\"https:\/\/www.alimakgroup.com\/se\/wp-content\/uploads\/sites\/20\/2022\/07\/service_6.svg\" alt=\"Renoveringsl\u00f6sningar\" title=\"Renoveringsl\u00f6sningar\">\n                                                                <\/div>\n                                                                \n                                                                <h3>\n                                                                Renoveringsl\u00f6sningar                                                                <\/h3>\n                                                                \n                                <p>Ge nytt liv till en \u00e5ldrande maskin med en kostnadseffektiv renovering eller uppgradering<\/p>\n                            <\/div>\n                                        <\/div>\n        <\/div>\n    <\/section>\n\n\n\n<section class=\"contents_block  \">\n    <div class=\"content_holder\">\n    \t<p>Att v\u00e4lja Alimak Group f\u00f6r att underh\u00e5lla din utrustning ger total trygghet n\u00e4r det g\u00e4ller k\u00e4nnedom om din utrustning och att de m\u00e4nniskor som anv\u00e4nder den \u00e4r s\u00e4kra och produktiva, vilket g\u00f6r att du kan fokusera p\u00e5 att maximera intj\u00e4ningsm\u00f6jligheterna f\u00f6r din tillg\u00e5ng. Som en dedikerad serviceorganisation etablerad fr\u00e5n kombinationen av de ledande varum\u00e4rkena Alimak, Tractel,\u00a0CoxGomyl, Manntech och Avanti, \u00e4r Alimak Group fokuserad p\u00e5 att tillhandah\u00e5lla branschens b\u00e4sta kundsupport n\u00e4ra v\u00e5ra kunder.<\/p>\n<p>Alimak Group tillhandah\u00e5ller \u00e4ven servicel\u00f6sningar f\u00f6r utrustning f\u00f6r vertikal \u00e5tkomst fr\u00e5n andra tillverkare.<\/p>\n    <\/div>\n<\/section>\n\n","protected":false},"excerpt":{"rendered":"","protected":false},"author":1,"featured_media":0,"parent":0,"menu_order":1,"comment_status":"closed","ping_status":"closed","template":"","meta":{"_acf_changed":false,"_trash_the_other_posts":false,"editor_notices":[],"footnotes":""},"class_list":["post-60","page","type-page","status-publish","hentry"],"acf":[],"yoast_head":"<!-- This site is optimized with the Yoast SEO plugin v27.5 - https:\/\/yoast.com\/product\/yoast-seo-wordpress\/ -->\n<title>Tj\u00e4nster - Sweden<\/title>\n<meta name=\"robots\" content=\"index, follow, max-snippet:-1, max-image-preview:large, max-video-preview:-1\" \/>\n<link rel=\"canonical\" href=\"https:\/\/www.alimakgroup.com\/se\/tjanster\/\" \/>\n<meta property=\"og:locale\" content=\"sv_SE\" \/>\n<meta property=\"og:type\" content=\"article\" \/>\n<meta property=\"og:title\" content=\"Tj\u00e4nster - Sweden\" \/>\n<meta property=\"og:url\" content=\"https:\/\/www.alimakgroup.com\/se\/tjanster\/\" \/>\n<meta property=\"og:site_name\" content=\"Sweden\" \/>\n<meta property=\"article:modified_time\" content=\"2022-11-26T06:42:50+00:00\" \/>\n<meta name=\"twitter:card\" content=\"summary_large_image\" \/>\n<script type=\"application\/ld+json\" class=\"yoast-schema-graph\">{\"@context\":\"https:\\\/\\\/schema.org\",\"@graph\":[{\"@type\":\"WebPage\",\"@id\":\"https:\\\/\\\/www.alimakgroup.com\\\/se\\\/tjanster\\\/\",\"url\":\"https:\\\/\\\/www.alimakgroup.com\\\/se\\\/tjanster\\\/\",\"name\":\"Tj\u00e4nster - Sweden\",\"isPartOf\":{\"@id\":\"https:\\\/\\\/www.alimakgroup.com\\\/se\\\/#website\"},\"datePublished\":\"2022-07-28T02:27:01+00:00\",\"dateModified\":\"2022-11-26T06:42:50+00:00\",\"inLanguage\":\"sv-SE\",\"potentialAction\":[{\"@type\":\"ReadAction\",\"target\":[\"https:\\\/\\\/www.alimakgroup.com\\\/se\\\/tjanster\\\/\"]}]},{\"@type\":\"WebSite\",\"@id\":\"https:\\\/\\\/www.alimakgroup.com\\\/se\\\/#website\",\"url\":\"https:\\\/\\\/www.alimakgroup.com\\\/se\\\/\",\"name\":\"Sweden\",\"description\":\"Just another WordPress site\",\"potentialAction\":[{\"@type\":\"SearchAction\",\"target\":{\"@type\":\"EntryPoint\",\"urlTemplate\":\"https:\\\/\\\/www.alimakgroup.com\\\/se\\\/?s={search_term_string}\"},\"query-input\":{\"@type\":\"PropertyValueSpecification\",\"valueRequired\":true,\"valueName\":\"search_term_string\"}}],\"inLanguage\":\"sv-SE\"}]}<\/script>\n<!-- \/ Yoast SEO plugin. -->","yoast_head_json":{"title":"Tj\u00e4nster - Sweden","robots":{"index":"index","follow":"follow","max-snippet":"max-snippet:-1","max-image-preview":"max-image-preview:large","max-video-preview":"max-video-preview:-1"},"canonical":"https:\/\/www.alimakgroup.com\/se\/tjanster\/","og_locale":"sv_SE","og_type":"article","og_title":"Tj\u00e4nster - Sweden","og_url":"https:\/\/www.alimakgroup.com\/se\/tjanster\/","og_site_name":"Sweden","article_modified_time":"2022-11-26T06:42:50+00:00","twitter_card":"summary_large_image","schema":{"@context":"https:\/\/schema.org","@graph":[{"@type":"WebPage","@id":"https:\/\/www.alimakgroup.com\/se\/tjanster\/","url":"https:\/\/www.alimakgroup.com\/se\/tjanster\/","name":"Tj\u00e4nster - Sweden","isPartOf":{"@id":"https:\/\/www.alimakgroup.com\/se\/#website"},"datePublished":"2022-07-28T02:27:01+00:00","dateModified":"2022-11-26T06:42:50+00:00","inLanguage":"sv-SE","potentialAction":[{"@type":"ReadAction","target":["https:\/\/www.alimakgroup.com\/se\/tjanster\/"]}]},{"@type":"WebSite","@id":"https:\/\/www.alimakgroup.com\/se\/#website","url":"https:\/\/www.alimakgroup.com\/se\/","name":"Sweden","description":"Just another WordPress site","potentialAction":[{"@type":"SearchAction","target":{"@type":"EntryPoint","urlTemplate":"https:\/\/www.alimakgroup.com\/se\/?s={search_term_string}"},"query-input":{"@type":"PropertyValueSpecification","valueRequired":true,"valueName":"search_term_string"}}],"inLanguage":"sv-SE"}]}},"_links":{"self":[{"href":"https:\/\/www.alimakgroup.com\/se\/wp-json\/wp\/v2\/pages\/60","targetHints":{"allow":["GET"]}}],"collection":[{"href":"https:\/\/www.alimakgroup.com\/se\/wp-json\/wp\/v2\/pages"}],"about":[{"href":"https:\/\/www.alimakgroup.com\/se\/wp-json\/wp\/v2\/types\/page"}],"author":[{"embeddable":true,"href":"https:\/\/www.alimakgroup.com\/se\/wp-json\/wp\/v2\/users\/1"}],"replies":[{"embeddable":true,"href":"https:\/\/www.alimakgroup.com\/se\/wp-json\/wp\/v2\/comments?post=60"}],"version-history":[{"count":15,"href":"https:\/\/www.alimakgroup.com\/se\/wp-json\/wp\/v2\/pages\/60\/revisions"}],"predecessor-version":[{"id":501,"href":"https:\/\/www.alimakgroup.com\/se\/wp-json\/wp\/v2\/pages\/60\/revisions\/501"}],"wp:attachment":[{"href":"https:\/\/www.alimakgroup.com\/se\/wp-json\/wp\/v2\/media?parent=60"}],"curies":[{"name":"wp","href":"https:\/\/api.w.org\/{rel}","templated":true}]}}