{"id":10,"date":"2024-08-28T07:59:17","date_gmt":"2024-08-28T07:59:17","guid":{"rendered":"https:\/\/www.alimakgroup.com\/?page_id=10"},"modified":"2024-08-28T07:59:18","modified_gmt":"2024-08-28T07:59:18","slug":"svenska","status":"publish","type":"page","link":"https:\/\/www.alimakgroup.com\/se\/","title":{"rendered":"Hem"},"content":{"rendered":"    <section class=\"site_banner_wrap\" id=\"block_f8ab403bca2bc3241e005959324a7b63\"><div class=\"site_banner\">\n            <div>\n            <div class=\"banner_slide\" style=\"background:url(https:\/\/www.alimakgroup.com\/se\/wp-content\/uploads\/sites\/20\/2022\/07\/banner_slide-1920x600_c.jpg) center no-repeat; background-size:cover;\">\n                <img decoding=\"async\" src=\"https:\/\/www.alimakgroup.com\/se\/wp-content\/uploads\/sites\/20\/2022\/07\/banner_slide-1920x600_c.jpg\" alt=\"En global leverant\u00f6r av h\u00e5llbara vertikala transportl\u00f6sningar och l\u00f6sningar f\u00f6r arbete p\u00e5 h\u00f6jd\" title=\"En global leverant\u00f6r av h\u00e5llbara vertikala transportl\u00f6sningar och l\u00f6sningar f\u00f6r arbete p\u00e5 h\u00f6jd\">\n                                <div class=\"banner_txts\"><div class=\"b1\"><div class=\"b2\">\n                    <div class=\"content_holder\">\n\t\t\t\t\t\t                        <h1>En global leverant\u00f6r av h\u00e5llbara vertikala transportl\u00f6sningar och l\u00f6sningar f\u00f6r arbete p\u00e5 h\u00f6jd<\/h1>\n                                            <\/div>\n                <\/div><\/div><\/div>\n                            <\/div>\n        <\/div>\n            <\/div>\n    <div class=\"banner_navi\">\n        <div class=\"content_holder\">\n            <div class=\"b_navi\">\n            \t                <a href=\"#\" class=\"banner_arrow\" id=\"banner_arrow\"><\/a>\n            <\/div>\n        <\/div>\n    <\/div>\n<\/section>\n    \n\n\n<section class=\"contents_block inro_block\">\n    <div class=\"content_holder\">\n        <p>Alimak Group \u00e4r en global marknadsleverant\u00f6r inom l\u00f6sningar f\u00f6r vertikal \u00e5tkomst f\u00f6r industri- och byggsektorerna med ett starkt engagemang f\u00f6r att f\u00f6rb\u00e4ttra kunds\u00e4kerhet, produktivitet och kostnadseffektivitet. Koncernen har varit en pionj\u00e4r och branschledare i 70 \u00e5r n\u00e4r det g\u00e4ller att leverera ett m\u00e5ngsidigt produktsortiment av l\u00f6sningar f\u00f6r vertikal \u00e5tkomst inklusive bygghissar och plattformar, industrihissar, helhetsl\u00f6sningar f\u00f6r fasad\u00e5tkomst samt system med servicehissar f\u00f6r vindkraftstorn. Alimak Groups varum\u00e4rkesportf\u00f6lj best\u00e5r av <a href=\"https:\/\/alimak.com\/\" target=\"_blank\" rel=\"noopener\">Alimak<\/a>, <a href=\"https:\/\/www.scanclimber.com\/\" target=\"_blank\" rel=\"noopener\">Scanclimber<\/a>, <a href=\"https:\/\/www.tractel.com\/\" target=\"_blank\" rel=\"noopener\">Tractel<\/a>, <a href=\"https:\/\/www.coxgomyl.com\/\" target=\"_blank\" rel=\"noopener\">CoxGomyl<\/a>, <a href=\"https:\/\/www.manntech.com\/\" target=\"_blank\" rel=\"noopener\">Manntech<\/a> och <a href=\"https:\/\/www.avanti-online.com\/\" target=\"_blank\" rel=\"noopener\">Avanti<\/a>.<\/p>\n    <\/div>\n<\/section>\n\n\n<section class=\"content_logos\">\n    <div class=\"content_holder\">\n    \t                <a href=\"https:\/\/alimak.com\/\" target=\"_blank\">                \t<img decoding=\"async\" src=\"https:\/\/www.alimakgroup.com\/se\/wp-content\/uploads\/sites\/20\/2022\/07\/logo_1.png\" alt=\"Alimak\" title=\"Alimak\">\n                <\/a>                                <a href=\"https:\/\/www.scanclimber.com\/\" target=\"_blank\">                \t<img decoding=\"async\" src=\"https:\/\/www.alimakgroup.com\/se\/wp-content\/uploads\/sites\/20\/2023\/03\/logo_5.png\" alt=\"Scanclimber\" title=\"Scanclimber\">\n                <\/a>                                <a href=\"https:\/\/www.tractel.com\/\" target=\"_blank\">                \t<img decoding=\"async\" src=\"https:\/\/www.alimakgroup.com\/se\/wp-content\/uploads\/sites\/20\/2023\/03\/tractel_logo_no_r.png\" alt=\"Tractel\" title=\"Tractel\">\n                <\/a>                                <a href=\"https:\/\/www.coxgomyl.com\/\" target=\"_blank\">                \t<img decoding=\"async\" src=\"https:\/\/www.alimakgroup.com\/se\/wp-content\/uploads\/sites\/20\/2022\/07\/logo_2.png\" alt=\"Coxgomyl\" title=\"Coxgomyl\">\n                <\/a>                                <a href=\"https:\/\/www.manntech.com\/\" target=\"_blank\">                \t<img decoding=\"async\" src=\"https:\/\/www.alimakgroup.com\/se\/wp-content\/uploads\/sites\/20\/2022\/07\/logo_3.png\" alt=\"Manntech\" title=\"Manntech\">\n                <\/a>                                <a href=\"https:\/\/www.avanti-online.com\/\" target=\"_blank\">                \t<img decoding=\"async\" src=\"https:\/\/www.alimakgroup.com\/se\/wp-content\/uploads\/sites\/20\/2022\/07\/logo_4.png\" alt=\"Avanti\" title=\"Avanti\">\n                <\/a>                    <\/div>\n<\/section>\n\n\n<section class=\"cta_banner\">\n    <div class=\"cta_bg\" style=\"background:url(https:\/\/www.alimakgroup.com\/se\/wp-content\/uploads\/sites\/20\/2022\/07\/cta_img-1920x434_c.jpg) center no-repeat; background-size:cover;\">\n    \t        <div class=\"ct_1\"><div class=\"ct_2\">\n            <div class=\"content_holder\">\n                <h2>N\u00e5 nya h\u00f6jder<\/h2>\n            <\/div>\n        <\/div><\/div>\n            <\/div>\n<\/section>\n\n\n<section class=\"industries_block\">\n    <div class=\"content_holder\">\n    \t<h2>Branscher<\/h2>        <p>Alimak Groups produkter och tj\u00e4nster fokuserar p\u00e5 fyra nyckelbranscher: fasad\u00e5tkomst, byggindustri, industri och vindkraft.<\/p>        \n        \n                <div class=\"ind_cols flex\">\n        \t                        \n                        \n            <div class=\"ind_c ind_c_1\" style=\"background:url(https:\/\/www.alimakgroup.com\/se\/wp-content\/uploads\/sites\/20\/2022\/07\/ind_1-336x645_c.jpg) center no-repeat; background-size:cover;\">\n                <img decoding=\"async\" src=\"https:\/\/www.alimakgroup.com\/se\/wp-content\/uploads\/sites\/20\/2022\/07\/ind_1-336x645_c.jpg\" alt=\"Industri\" title=\"Industri\">\n                <h3>Industri<\/h3>\n                                <div class=\"ind_logo\">\n                \t\n                                        \n                \t                    <a href=\"https:\/\/p74.plusaim.co.uk\/newprojects\/alimakgroup\/se\/branscher\/#industri\" title=\"Industri\">                    \t<img decoding=\"async\" src=\"https:\/\/www.alimakgroup.com\/se\/wp-content\/uploads\/sites\/20\/2022\/07\/ind_logo_1.png\" alt=\"Industri\" title=\"Industri\" class=\"logo_1\">\n                    <\/a>                                                        <\/div>\n                                <a href=\"https:\/\/p74.plusaim.co.uk\/newprojects\/alimakgroup\/se\/branscher\/#industri\" title=\"Industri\" class=\"overlay_link\"><\/a>            <\/div>\n                        \n                        \n                      \t                        \n                        \n            <div class=\"ind_c ind_c_2\" style=\"background:url(https:\/\/www.alimakgroup.com\/se\/wp-content\/uploads\/sites\/20\/2022\/07\/ind_2-336x645_c.jpg) center no-repeat; background-size:cover;\">\n                <img decoding=\"async\" src=\"https:\/\/www.alimakgroup.com\/se\/wp-content\/uploads\/sites\/20\/2022\/07\/ind_2-336x645_c.jpg\" alt=\"Byggindustri\" title=\"Byggindustri\">\n                <h3>Byggindustri<\/h3>\n                                <div class=\"ind_logo\">\n                \t\n                                        \n                \t                    <a href=\"https:\/\/p74.plusaim.co.uk\/newprojects\/alimakgroup\/se\/branscher\/#byggindustri\" title=\"Byggindustri\">                    \t<img decoding=\"async\" src=\"https:\/\/www.alimakgroup.com\/se\/wp-content\/uploads\/sites\/20\/2022\/07\/ind_logo_1.png\" alt=\"Byggindustri\" title=\"Byggindustri\" class=\"logo_1\">\n                    <\/a>                                                            <a href=\"https:\/\/p74.plusaim.co.uk\/newprojects\/alimakgroup\/se\/branscher\/#byggindustri\" title=\"Byggindustri\">                    \t<img decoding=\"async\" src=\"https:\/\/www.alimakgroup.com\/se\/wp-content\/uploads\/sites\/20\/2022\/11\/scan_logo.png\" alt=\"Byggindustri\" title=\"Byggindustri\" class=\"logo_2\">\n                    <\/a>                                    <\/div>\n                                <a href=\"https:\/\/p74.plusaim.co.uk\/newprojects\/alimakgroup\/se\/branscher\/#byggindustri\" title=\"Byggindustri\" class=\"overlay_link\"><\/a>            <\/div>\n                        \n                        \n                      \t                        \n                        \n            <div class=\"ind_c ind_c_3\" style=\"background:url(https:\/\/www.alimakgroup.com\/se\/wp-content\/uploads\/sites\/20\/2022\/07\/ind_3-336x645_c.jpg) center no-repeat; background-size:cover;\">\n                <img decoding=\"async\" src=\"https:\/\/www.alimakgroup.com\/se\/wp-content\/uploads\/sites\/20\/2022\/07\/ind_3-336x645_c.jpg\" alt=\"Fasad\u00e5tkomst\" title=\"Fasad\u00e5tkomst\">\n                <h3>Fasad\u00e5tkomst<\/h3>\n                                <div class=\"ind_logo\">\n                \t\n                                        <a href=\"https:\/\/p74.plusaim.co.uk\/newprojects\/alimakgroup\/se\/branscher\/#fasad\u00e5tkomst\" title=\"Fasad\u00e5tkomst\">                    \t<img decoding=\"async\" src=\"https:\/\/www.alimakgroup.com\/se\/wp-content\/uploads\/sites\/20\/2022\/11\/tractel_logo_white-1.png\" alt=\"Fasad\u00e5tkomst\" title=\"Fasad\u00e5tkomst\" class=\"logo_0\">\n                    <\/a>                                        \n                \t                    <a href=\"https:\/\/p74.plusaim.co.uk\/newprojects\/alimakgroup\/se\/branscher\/#fasad\u00e5tkomst\" title=\"Fasad\u00e5tkomst\">                    \t<img decoding=\"async\" src=\"https:\/\/www.alimakgroup.com\/se\/wp-content\/uploads\/sites\/20\/2022\/11\/ind_mann_logo.png\" alt=\"Fasad\u00e5tkomst\" title=\"Fasad\u00e5tkomst\" class=\"logo_1\">\n                    <\/a>                                                            <a href=\"https:\/\/p74.plusaim.co.uk\/newprojects\/alimakgroup\/se\/branscher\/#fasad\u00e5tkomst\" title=\"Fasad\u00e5tkomst\">                    \t<img decoding=\"async\" src=\"https:\/\/www.alimakgroup.com\/se\/wp-content\/uploads\/sites\/20\/2022\/11\/ind_cox_logo.png\" alt=\"Fasad\u00e5tkomst\" title=\"Fasad\u00e5tkomst\" class=\"logo_2\">\n                    <\/a>                                    <\/div>\n                                <a href=\"https:\/\/p74.plusaim.co.uk\/newprojects\/alimakgroup\/se\/branscher\/#fasad\u00e5tkomst\" title=\"Fasad\u00e5tkomst\" class=\"overlay_link\"><\/a>            <\/div>\n                        \n                        \n                      \t                        \n                        \n            <div class=\"ind_c ind_c_4\" style=\"background:url(https:\/\/www.alimakgroup.com\/se\/wp-content\/uploads\/sites\/20\/2022\/07\/ind_4-336x645_c.jpg) center no-repeat; background-size:cover;\">\n                <img decoding=\"async\" src=\"https:\/\/www.alimakgroup.com\/se\/wp-content\/uploads\/sites\/20\/2022\/07\/ind_4-336x645_c.jpg\" alt=\"Vindkraft\" title=\"Vindkraft\">\n                <h3>Vindkraft<\/h3>\n                                <div class=\"ind_logo\">\n                \t\n                                        \n                \t                    <a href=\"https:\/\/p74.plusaim.co.uk\/newprojects\/alimakgroup\/se\/branscher\/#vindkraft\" title=\"Vindkraft\">                    \t<img decoding=\"async\" src=\"https:\/\/www.alimakgroup.com\/se\/wp-content\/uploads\/sites\/20\/2022\/07\/ind_logo_4.png\" alt=\"Vindkraft\" title=\"Vindkraft\" class=\"logo_1\">\n                    <\/a>                                                        <\/div>\n                                <a href=\"https:\/\/p74.plusaim.co.uk\/newprojects\/alimakgroup\/se\/branscher\/#vindkraft\" title=\"Vindkraft\" class=\"overlay_link\"><\/a>            <\/div>\n                        \n                        \n                      \t                        \n                        \n            <div class=\"ind_c ind_c_5\" style=\"background:url(https:\/\/www.alimakgroup.com\/se\/wp-content\/uploads\/sites\/20\/2022\/11\/tractel_ind_img-336x645_c.jpg) center no-repeat; background-size:cover;\">\n                <img decoding=\"async\" src=\"https:\/\/www.alimakgroup.com\/se\/wp-content\/uploads\/sites\/20\/2022\/11\/tractel_ind_img-336x645_c.jpg\" alt=\"Height Safety &#038; Productivity Solutions\" title=\"Height Safety &#038; Productivity Solutions\">\n                <h3>Height Safety &#038; Productivity Solutions<\/h3>\n                                <div class=\"ind_logo\">\n                \t\n                                        \n                \t                    <a href=\"https:\/\/p74.plusaim.co.uk\/newprojects\/alimakgroup\/se\/branscher\/#height_safety\" title=\"Height Safety &#038; Productivity Solutions\">                    \t<img decoding=\"async\" src=\"https:\/\/www.alimakgroup.com\/se\/wp-content\/uploads\/sites\/20\/2022\/11\/tractel_logo_white.png\" alt=\"Height Safety &#038; Productivity Solutions\" title=\"Height Safety &#038; Productivity Solutions\" class=\"logo_1\">\n                    <\/a>                                                        <\/div>\n                                <a href=\"https:\/\/p74.plusaim.co.uk\/newprojects\/alimakgroup\/se\/branscher\/#height_safety\" title=\"Height Safety &#038; Productivity Solutions\" class=\"overlay_link\"><\/a>            <\/div>\n                        \n                        \n                      \t        <\/div>\n            <\/div>\n<\/section>\n\n\n<section class=\"map_block\">\n    <div class=\"content_holder flex\">\n        <div class=\"map_box\">\n            <img decoding=\"async\" src=\"https:\/\/www.alimakgroup.com\/se\/wp-content\/uploads\/sites\/20\/2022\/11\/Alimak-Division-Industrial-Worldmap-artwork-2022-820x453_c.png\" alt=\"Alimak Group v\u00e4rlden \u00f6ver\" title=\"Alimak Group v\u00e4rlden \u00f6ver\">\n            <span class=\"line_1\"><\/span>\n            <span class=\"line_2\"><\/span>\n            <span class=\"line_3\"><\/span>\n        <\/div>\n        <div class=\"map_texts\">\n            <div class=\"mt_padding\">\n                <div class=\"mt_txs\">\n                \t<h5>Alimak Group v\u00e4rlden \u00f6ver<\/h5>\n<p>Alimak Group har ett globalt n\u00e4tverk av egna f\u00f6rs\u00e4ljningskontor och distribut\u00f6rer i \u00f6ver 100 l\u00e4nder. Den globala organisationen placerar Alimak Group n\u00e4ra kunderna, vilket s\u00e4kerst\u00e4ller god kunskap om deras verksamhet, l\u00e5ngsiktiga relationer och h\u00f6g servicekvalitet.<\/p>\n                                    <\/div>\n            <\/div>\n            <div class=\"mt_shadow\"><\/div>\n        <\/div>\n    <\/div>\n<\/section>\n\n\n<section class=\"insta_feed flex\">\n\t    <div class=\"in_img\" style=\"background:url(https:\/\/www.alimakgroup.com\/se\/wp-content\/uploads\/sites\/20\/2022\/08\/insta_1-322x322_c.jpg) center no-repeat; background-size:cover;\">\n        <img decoding=\"async\" src=\"https:\/\/www.alimakgroup.com\/se\/wp-content\/uploads\/sites\/20\/2022\/08\/insta_1-322x322_c.jpg\" alt=\"\" title=\"\">\n    <\/div>\n    \t    <div class=\"in_img\" style=\"background:url(https:\/\/www.alimakgroup.com\/se\/wp-content\/uploads\/sites\/20\/2022\/08\/insta_2-322x322_c.jpg) center no-repeat; background-size:cover;\">\n        <img decoding=\"async\" src=\"https:\/\/www.alimakgroup.com\/se\/wp-content\/uploads\/sites\/20\/2022\/08\/insta_2-322x322_c.jpg\" alt=\"\" title=\"\">\n    <\/div>\n    \t    <div class=\"in_img\" style=\"background:url(https:\/\/www.alimakgroup.com\/se\/wp-content\/uploads\/sites\/20\/2022\/08\/insta_3-322x322_c.jpg) center no-repeat; background-size:cover;\">\n        <img decoding=\"async\" src=\"https:\/\/www.alimakgroup.com\/se\/wp-content\/uploads\/sites\/20\/2022\/08\/insta_3-322x322_c.jpg\" alt=\"\" title=\"\">\n    <\/div>\n    \t    <div class=\"in_img\" style=\"background:url(https:\/\/www.alimakgroup.com\/se\/wp-content\/uploads\/sites\/20\/2022\/08\/insta_4-322x322_c.jpg) center no-repeat; background-size:cover;\">\n        <img decoding=\"async\" src=\"https:\/\/www.alimakgroup.com\/se\/wp-content\/uploads\/sites\/20\/2022\/08\/insta_4-322x322_c.jpg\" alt=\"\" title=\"\">\n    <\/div>\n    \t    <div class=\"in_img\" style=\"background:url(https:\/\/www.alimakgroup.com\/se\/wp-content\/uploads\/sites\/20\/2022\/08\/insta_5-322x322_c.jpg) center no-repeat; background-size:cover;\">\n        <img decoding=\"async\" src=\"https:\/\/www.alimakgroup.com\/se\/wp-content\/uploads\/sites\/20\/2022\/08\/insta_5-322x322_c.jpg\" alt=\"\" title=\"\">\n    <\/div>\n    \t    <div class=\"in_img\" style=\"background:url(https:\/\/www.alimakgroup.com\/se\/wp-content\/uploads\/sites\/20\/2022\/08\/insta_6-322x322_c.jpg) center no-repeat; background-size:cover;\">\n        <img decoding=\"async\" src=\"https:\/\/www.alimakgroup.com\/se\/wp-content\/uploads\/sites\/20\/2022\/08\/insta_6-322x322_c.jpg\" alt=\"\" title=\"\">\n    <\/div>\n       \n<\/section>","protected":false},"excerpt":{"rendered":"<p>1 Detta Asset Data Management Statement beskriver praxis f\u00f6r Alimak Group AB och dess &#8230;<\/p>\n","protected":false},"author":1,"featured_media":0,"parent":0,"menu_order":0,"comment_status":"closed","ping_status":"closed","template":"","meta":{"_acf_changed":false,"_trash_the_other_posts":false,"editor_notices":[],"footnotes":""},"class_list":["post-10","page","type-page","status-publish","hentry"],"acf":[],"yoast_head":"<!-- This site is optimized with the Yoast SEO plugin v27.5 - https:\/\/yoast.com\/product\/yoast-seo-wordpress\/ -->\n<title>Hem - Sweden<\/title>\n<meta name=\"robots\" content=\"index, follow, max-snippet:-1, max-image-preview:large, max-video-preview:-1\" \/>\n<link rel=\"canonical\" href=\"https:\/\/www.alimakgroup.com\/se\/\" \/>\n<meta property=\"og:locale\" content=\"sv_SE\" \/>\n<meta property=\"og:type\" content=\"article\" \/>\n<meta property=\"og:title\" content=\"Hem - Sweden\" \/>\n<meta property=\"og:description\" content=\"1 Detta Asset Data Management Statement beskriver praxis f\u00f6r Alimak Group AB och dess ...\" \/>\n<meta property=\"og:url\" content=\"https:\/\/www.alimakgroup.com\/se\/\" \/>\n<meta property=\"og:site_name\" content=\"Sweden\" \/>\n<meta property=\"article:modified_time\" content=\"2024-08-28T07:59:18+00:00\" \/>\n<meta name=\"twitter:card\" content=\"summary_large_image\" \/>\n<script type=\"application\/ld+json\" class=\"yoast-schema-graph\">{\"@context\":\"https:\\\/\\\/schema.org\",\"@graph\":[{\"@type\":\"WebPage\",\"@id\":\"https:\\\/\\\/www.alimakgroup.com\\\/se\\\/\",\"url\":\"https:\\\/\\\/www.alimakgroup.com\\\/se\\\/\",\"name\":\"Hem - Sweden\",\"isPartOf\":{\"@id\":\"https:\\\/\\\/www.alimakgroup.com\\\/se\\\/#website\"},\"datePublished\":\"2024-08-28T07:59:17+00:00\",\"dateModified\":\"2024-08-28T07:59:18+00:00\",\"inLanguage\":\"sv-SE\",\"potentialAction\":[{\"@type\":\"ReadAction\",\"target\":[\"https:\\\/\\\/www.alimakgroup.com\\\/se\\\/\"]}]},{\"@type\":\"WebSite\",\"@id\":\"https:\\\/\\\/www.alimakgroup.com\\\/se\\\/#website\",\"url\":\"https:\\\/\\\/www.alimakgroup.com\\\/se\\\/\",\"name\":\"Sweden\",\"description\":\"Just another WordPress site\",\"potentialAction\":[{\"@type\":\"SearchAction\",\"target\":{\"@type\":\"EntryPoint\",\"urlTemplate\":\"https:\\\/\\\/www.alimakgroup.com\\\/se\\\/?s={search_term_string}\"},\"query-input\":{\"@type\":\"PropertyValueSpecification\",\"valueRequired\":true,\"valueName\":\"search_term_string\"}}],\"inLanguage\":\"sv-SE\"}]}<\/script>\n<!-- \/ Yoast SEO plugin. -->","yoast_head_json":{"title":"Hem - Sweden","robots":{"index":"index","follow":"follow","max-snippet":"max-snippet:-1","max-image-preview":"max-image-preview:large","max-video-preview":"max-video-preview:-1"},"canonical":"https:\/\/www.alimakgroup.com\/se\/","og_locale":"sv_SE","og_type":"article","og_title":"Hem - Sweden","og_description":"1 Detta Asset Data Management Statement beskriver praxis f\u00f6r Alimak Group AB och dess ...","og_url":"https:\/\/www.alimakgroup.com\/se\/","og_site_name":"Sweden","article_modified_time":"2024-08-28T07:59:18+00:00","twitter_card":"summary_large_image","schema":{"@context":"https:\/\/schema.org","@graph":[{"@type":"WebPage","@id":"https:\/\/www.alimakgroup.com\/se\/","url":"https:\/\/www.alimakgroup.com\/se\/","name":"Hem - Sweden","isPartOf":{"@id":"https:\/\/www.alimakgroup.com\/se\/#website"},"datePublished":"2024-08-28T07:59:17+00:00","dateModified":"2024-08-28T07:59:18+00:00","inLanguage":"sv-SE","potentialAction":[{"@type":"ReadAction","target":["https:\/\/www.alimakgroup.com\/se\/"]}]},{"@type":"WebSite","@id":"https:\/\/www.alimakgroup.com\/se\/#website","url":"https:\/\/www.alimakgroup.com\/se\/","name":"Sweden","description":"Just another WordPress site","potentialAction":[{"@type":"SearchAction","target":{"@type":"EntryPoint","urlTemplate":"https:\/\/www.alimakgroup.com\/se\/?s={search_term_string}"},"query-input":{"@type":"PropertyValueSpecification","valueRequired":true,"valueName":"search_term_string"}}],"inLanguage":"sv-SE"}]}},"_links":{"self":[{"href":"https:\/\/www.alimakgroup.com\/se\/wp-json\/wp\/v2\/pages\/10","targetHints":{"allow":["GET"]}}],"collection":[{"href":"https:\/\/www.alimakgroup.com\/se\/wp-json\/wp\/v2\/pages"}],"about":[{"href":"https:\/\/www.alimakgroup.com\/se\/wp-json\/wp\/v2\/types\/page"}],"author":[{"embeddable":true,"href":"https:\/\/www.alimakgroup.com\/se\/wp-json\/wp\/v2\/users\/1"}],"replies":[{"embeddable":true,"href":"https:\/\/www.alimakgroup.com\/se\/wp-json\/wp\/v2\/comments?post=10"}],"version-history":[{"count":74,"href":"https:\/\/www.alimakgroup.com\/se\/wp-json\/wp\/v2\/pages\/10\/revisions"}],"predecessor-version":[{"id":659,"href":"https:\/\/www.alimakgroup.com\/se\/wp-json\/wp\/v2\/pages\/10\/revisions\/659"}],"wp:attachment":[{"href":"https:\/\/www.alimakgroup.com\/se\/wp-json\/wp\/v2\/media?parent=10"}],"curies":[{"name":"wp","href":"https:\/\/api.w.org\/{rel}","templated":true}]}}