{"id":73,"date":"2022-07-28T02:29:43","date_gmt":"2022-07-28T02:29:43","guid":{"rendered":"https:\/\/www.alimakgroup.com\/?page_id=73"},"modified":"2025-11-14T13:28:33","modified_gmt":"2025-11-14T13:28:33","slug":"secteurs-industriels","status":"publish","type":"page","link":"https:\/\/www.alimakgroup.com\/fr\/secteurs-industriels\/","title":{"rendered":"Secteurs industriels"},"content":{"rendered":"\n<section class=\"inner_banner_wrap\">\n    <div class=\"banner_pg\" style=\"background:url(https:\/\/www.alimakgroup.com\/fr\/wp-content\/uploads\/sites\/9\/2022\/08\/Industries-Feature-Image-2000x344_c.jpg) center no-repeat; background-size:cover;\">\n    \t        <div class=\"b1\"><div class=\"b2\">\n            <div class=\"content_holder\">\n                <h1>Secteurs industriels<\/h1>\n            <\/div>\n        <\/div><\/div>\n            <\/div>\n<\/section>\n\n\n\n\n<section class=\"contents_block  \">\n    <div class=\"content_holder\">\n    \t<h5>Les produits et solutions du Groupe Alimak sont commercialis\u00e9s sous les marques Alimak, Scanclimber, Tractel, CoxGomyl, Manntech et Avanti, des marques mondiales b\u00e9n\u00e9ficiant d&rsquo;une forte reconnaissance sur le march\u00e9 et reconnues pour leur s\u00e9curit\u00e9, leur qualit\u00e9 et leur durabilit\u00e9.<\/h5>\n    <\/div>\n<\/section>\n\n\n\n<section class=\"industry_block industriel \">\n    <div class=\"content_holder\">   \n    \t        <div class=\"flex \">\n                <div class=\"ind_txts\">\n            <h3>Industriel<\/h3>\n<p>Alimak est un leader mondial et un pionnier dans la conception et la fabrication de solutions d&rsquo;acc&egrave;s vertical pour le secteur industriel. Con&ccedil;u pour am&eacute;liorer l&rsquo;efficacit&eacute;, Alimak dispose d&rsquo;une base install&eacute;e de plus de 23&nbsp;000 solutions d&rsquo;acc&egrave;s vertical pour une vari&eacute;t&eacute; d&rsquo;entreprises industrielles dans le monde entier. Recherch&eacute;s pour leur conception robuste et fiable, les &eacute;l&eacute;vateurs industriels Alimak fournissent une solution d&rsquo;acc&egrave;s vertical durable avec des mod&egrave;les disponibles pour r&eacute;pondre aux besoins sp&eacute;cifiques de toute une gamme d&rsquo;entreprises industrielles et d&rsquo;environnements.<\/p>\n                        <div class=\"s_links\">\n            \t<p><a href=\"http:\/\/www.alimak.com\" target=\"_blank\" rel=\"noopener\">www.alimak.com<\/a><\/p>\n            <\/div>\n                    <\/div>\n                \n        <div class=\"ind_img\">\n            <div class=\" flex\">\n            \t\t                <div class=\"in_img\" style=\"background:url(https:\/\/www.alimakgroup.com\/fr\/wp-content\/uploads\/sites\/9\/2022\/07\/industry_1-400x600_c.jpg) center no-repeat; background-size:cover;\"><img decoding=\"async\" src=\"https:\/\/www.alimakgroup.com\/fr\/wp-content\/uploads\/sites\/9\/2022\/07\/industry_1-400x600_c.jpg\" alt=\"\"><\/div>\n                                \t                <div class=\"in_img\" style=\"background:url(https:\/\/www.alimakgroup.com\/fr\/wp-content\/uploads\/sites\/9\/2022\/07\/industry_2-400x600_c.jpg) center no-repeat; background-size:cover;\"><img decoding=\"async\" src=\"https:\/\/www.alimakgroup.com\/fr\/wp-content\/uploads\/sites\/9\/2022\/07\/industry_2-400x600_c.jpg\" alt=\"\"><\/div>\n                                \t                <div class=\"in_img\" style=\"background:url(https:\/\/www.alimakgroup.com\/fr\/wp-content\/uploads\/sites\/9\/2022\/07\/industry_3-400x600_c.jpg) center no-repeat; background-size:cover;\"><img decoding=\"async\" src=\"https:\/\/www.alimakgroup.com\/fr\/wp-content\/uploads\/sites\/9\/2022\/07\/industry_3-400x600_c.jpg\" alt=\"\"><\/div>\n                            <\/div>\n        <\/div>\n        <\/div>\n    <\/div>\n<\/section>\n\n\n<section class=\"industry_block construction industry_block_white\">\n    <div class=\"content_holder\">   \n    \t        <div class=\"flex \">\n                <div class=\"ind_txts\">\n            <h3>Construction<\/h3>\n<p>Depuis plus de 70 ans, Alimak est un pionnier de l&rsquo;industrie de l&rsquo;acc&egrave;s vertical, fournissant des solutions d&rsquo;acc&egrave;s vertical de grande envergure pour r&eacute;pondre aux besoins d&rsquo;une vari&eacute;t&eacute; de projets de construction &agrave; travers le monde. Les solutions d&rsquo;acc&egrave;s vertical d&rsquo;Alimak ont &eacute;t&eacute; utilis&eacute;es pour construire les b&acirc;timents les plus hauts, les ponts les plus longs et les points de rep&egrave;re les plus reconnaissables dans le monde. Les monte-charges de chantier et les plateformes de transport Alimak assurent un transport efficace et fiable des personnes et des mat&eacute;riaux dans le secteur de la construction.<\/p>\n                        <div class=\"s_links\">\n            \t<p><a href=\"http:\/\/www.alimak.com\">www.alimak.com<\/a> | <a href=\"http:\/\/www.scanclimber.com\">www.scanclimber.com<\/a><\/p>\n            <\/div>\n                    <\/div>\n                \n        <div class=\"ind_img\">\n            <div class=\" flex\">\n            \t\t                <div class=\"in_img\" style=\"background:url(https:\/\/www.alimakgroup.com\/fr\/wp-content\/uploads\/sites\/9\/2022\/07\/industry_4-400x600_c.jpg) center no-repeat; background-size:cover;\"><img decoding=\"async\" src=\"https:\/\/www.alimakgroup.com\/fr\/wp-content\/uploads\/sites\/9\/2022\/07\/industry_4-400x600_c.jpg\" alt=\"\"><\/div>\n                                \t                <div class=\"in_img\" style=\"background:url(https:\/\/www.alimakgroup.com\/fr\/wp-content\/uploads\/sites\/9\/2022\/07\/industry_5-400x600_c.jpg) center no-repeat; background-size:cover;\"><img decoding=\"async\" src=\"https:\/\/www.alimakgroup.com\/fr\/wp-content\/uploads\/sites\/9\/2022\/07\/industry_5-400x600_c.jpg\" alt=\"\"><\/div>\n                                \t                <div class=\"in_img\" style=\"background:url(https:\/\/www.alimakgroup.com\/fr\/wp-content\/uploads\/sites\/9\/2022\/07\/industry_6-400x600_c.jpg) center no-repeat; background-size:cover;\"><img decoding=\"async\" src=\"https:\/\/www.alimakgroup.com\/fr\/wp-content\/uploads\/sites\/9\/2022\/07\/industry_6-400x600_c.jpg\" alt=\"\"><\/div>\n                            <\/div>\n        <\/div>\n        <\/div>\n    <\/div>\n<\/section>\n\n\n<section class=\"industry_block acc\u00e8s_aux_fa\u00e7ades \">\n    <div class=\"content_holder\">   \n    \t        <div class=\"flex \">\n                <div class=\"ind_txts\">\n            <h3>Acc&egrave;s aux fa&ccedil;ades<\/h3>\n<p>Pr&eacute;sents dans le monde entier avec plus de 120 ans d&rsquo;exp&eacute;rience combin&eacute;e, CoxGomyl, Tractel et Manntech sont des pionniers et des innovateurs dans le domaine industriel, fournissant des syst&egrave;mes de maintenance des b&acirc;timents optimis&eacute;s, disponibles pour toute structure de b&acirc;timent, simple ou complexe. L&rsquo;association de ces marques permet d&rsquo;offrir les solutions d&rsquo;acc&egrave;s aux b&acirc;timents les plus fiables et les plus efficaces, reposant sur des technologies reconnues et offrant des performances exceptionnelles tout en respectant les normes de s&eacute;curit&eacute; et de qualit&eacute; les plus strictes.<\/p>\n                        <div class=\"s_links\">\n            \t<p><a href=\"https:\/\/facadeaccesssolutions.com\/\" target=\"_blank\" rel=\"noopener\">www.facadeaccesssolutions.com<\/a><\/p>\n            <\/div>\n                    <\/div>\n                \n        <div class=\"ind_img\">\n            <div class=\" flex\">\n            \t\t                <div class=\"in_img\" style=\"background:url(https:\/\/www.alimakgroup.com\/fr\/wp-content\/uploads\/sites\/9\/2022\/07\/industry_7-400x600_c.jpg) center no-repeat; background-size:cover;\"><img decoding=\"async\" src=\"https:\/\/www.alimakgroup.com\/fr\/wp-content\/uploads\/sites\/9\/2022\/07\/industry_7-400x600_c.jpg\" alt=\"\"><\/div>\n                                \t                <div class=\"in_img\" style=\"background:url(https:\/\/www.alimakgroup.com\/fr\/wp-content\/uploads\/sites\/9\/2022\/07\/industry_8-400x600_c.jpg) center no-repeat; background-size:cover;\"><img decoding=\"async\" src=\"https:\/\/www.alimakgroup.com\/fr\/wp-content\/uploads\/sites\/9\/2022\/07\/industry_8-400x600_c.jpg\" alt=\"\"><\/div>\n                                \t                <div class=\"in_img\" style=\"background:url(https:\/\/www.alimakgroup.com\/fr\/wp-content\/uploads\/sites\/9\/2022\/07\/industry_9-400x600_c.jpg) center no-repeat; background-size:cover;\"><img decoding=\"async\" src=\"https:\/\/www.alimakgroup.com\/fr\/wp-content\/uploads\/sites\/9\/2022\/07\/industry_9-400x600_c.jpg\" alt=\"\"><\/div>\n                            <\/div>\n        <\/div>\n        <\/div>\n    <\/div>\n<\/section>\n\n\n<section class=\"industry_block \u00e9olien industry_block_white\">\n    <div class=\"content_holder\">   \n    \t        <div class=\"flex \">\n                <div class=\"ind_txts\">\n            <h3>&Eacute;olien<\/h3>\n<p>Avanti est l&rsquo;un des leaders mondiaux du travail en toute s&eacute;curit&eacute; dans les installations &eacute;oliennes. Gr&acirc;ce &agrave; des produits et des solutions de s&eacute;curit&eacute; de haute qualit&eacute; pour les pyl&ocirc;nes d&rsquo;&eacute;oliennes, Avanti aide ses clients &agrave; rendre l&rsquo;&eacute;nergie &eacute;olienne comp&eacute;titive en termes de co&ucirc;ts. Avanti fait partie du groupe Alimak et poss&egrave;de des bureaux et des unit&eacute;s de production sur les principaux march&eacute;s &eacute;oliens. Avanti dispose d&rsquo;une base install&eacute;e de plus de 35&nbsp;000 &eacute;l&eacute;vateurs de service dans le monde, de plus de 10&nbsp;000 internes de tour install&eacute;s et de plus de 15&nbsp;000 techniciens de service travaillant dans l&rsquo;industrie &eacute;olienne qui ont &eacute;t&eacute; form&eacute;s et entra&icirc;n&eacute;s dans le domaine de la s&eacute;curit&eacute;, pour les installations sur terre et au large par Avanti.<\/p>\n                        <div class=\"s_links\">\n            \t<p><a href=\"https:\/\/www.avanti-online.com\/\" target=\"_blank\" rel=\"noopener\">www.avanti-online.com<\/a><\/p>\n            <\/div>\n                    <\/div>\n                \n        <div class=\"ind_img\">\n            <div class=\" flex\">\n            \t\t                <div class=\"in_img\" style=\"background:url(https:\/\/www.alimakgroup.com\/fr\/wp-content\/uploads\/sites\/9\/2022\/07\/industry_10-400x600_c.jpg) center no-repeat; background-size:cover;\"><img decoding=\"async\" src=\"https:\/\/www.alimakgroup.com\/fr\/wp-content\/uploads\/sites\/9\/2022\/07\/industry_10-400x600_c.jpg\" alt=\"\"><\/div>\n                                \t                <div class=\"in_img\" style=\"background:url(https:\/\/www.alimakgroup.com\/fr\/wp-content\/uploads\/sites\/9\/2022\/07\/industry_11-400x600_c.jpg) center no-repeat; background-size:cover;\"><img decoding=\"async\" src=\"https:\/\/www.alimakgroup.com\/fr\/wp-content\/uploads\/sites\/9\/2022\/07\/industry_11-400x600_c.jpg\" alt=\"\"><\/div>\n                                \t                <div class=\"in_img\" style=\"background:url(https:\/\/www.alimakgroup.com\/fr\/wp-content\/uploads\/sites\/9\/2022\/07\/industry_12-400x600_c.jpg) center no-repeat; background-size:cover;\"><img decoding=\"async\" src=\"https:\/\/www.alimakgroup.com\/fr\/wp-content\/uploads\/sites\/9\/2022\/07\/industry_12-400x600_c.jpg\" alt=\"\"><\/div>\n                            <\/div>\n        <\/div>\n        <\/div>\n    <\/div>\n<\/section>\n\n\n<section class=\"industry_block height_safety \">\n    <div class=\"content_holder\">   \n    \t    \t<div class=\"ind_title\"><h3>Solutions de s\u00e9curit\u00e9 et de productivit\u00e9 en hauteur<\/h3><\/div>\n                <div class=\"flex has_title\">\n                <div class=\"ind_txts\">\n            <p>La Division Solutions de S\u00e9curit\u00e9 et de Productivit\u00e9 en Hauteur diffuse notre marque Tractel, fabricant sp\u00e9cialis\u00e9, leader mondial des \u00e9quipements fiables, innovants et de haute qualit\u00e9 de levage et de protection contre les chutes, et de services associ\u00e9s. La division compte ces clients dans les secteurs de l&rsquo;industrie, de la construction, de l&rsquo;\u00e9nergie, des t\u00e9l\u00e9communications et des infrastructures. Tous les clients sont accompagn\u00e9s avec des solutions compl\u00e8tes de services et d&rsquo;assistance, y compris la maintenance et la formation. En ce qui concerne les \u00e9quipements de levage, Tractel est mondialement connu pour les palans \u00e0 c\u00e2ble utilis\u00e9s pour les applications de levage d&rsquo;hommes et de mat\u00e9riaux et pour une large gamme d&rsquo;\u00e9quipements de levage associ\u00e9s. Le portefeuille comprend des EPI, des \u00e9quipements d&rsquo;acc\u00e8s et de secours en espace confin\u00e9, pour la protection contre les chutes, et des syst\u00e8mes install\u00e9s tels que des \u00e9chelles de s\u00e9curit\u00e9, des garde-corps et des lignes de vie.<\/p>\n                        <div class=\"s_links\">\n            \t<p><a href=\"https:\/\/www.tractel.com\/\" target=\"_blank\" rel=\"noopener\">www.tractel.com<\/a><\/p>\n            <\/div>\n                    <\/div>\n                \n        <div class=\"ind_img\">\n            <div class=\" flex\">\n            \t\t                <div class=\"in_img\" style=\"background:url(https:\/\/www.alimakgroup.com\/fr\/wp-content\/uploads\/sites\/9\/2022\/11\/img_1-400x600_c.jpg) center no-repeat; background-size:cover;\"><img decoding=\"async\" src=\"https:\/\/www.alimakgroup.com\/fr\/wp-content\/uploads\/sites\/9\/2022\/11\/img_1-400x600_c.jpg\" alt=\"\"><\/div>\n                                \t                <div class=\"in_img\" style=\"background:url(https:\/\/www.alimakgroup.com\/fr\/wp-content\/uploads\/sites\/9\/2022\/11\/img_2-400x600_c.jpg) center no-repeat; background-size:cover;\"><img decoding=\"async\" src=\"https:\/\/www.alimakgroup.com\/fr\/wp-content\/uploads\/sites\/9\/2022\/11\/img_2-400x600_c.jpg\" alt=\"\"><\/div>\n                                \t                <div class=\"in_img\" style=\"background:url(https:\/\/www.alimakgroup.com\/fr\/wp-content\/uploads\/sites\/9\/2022\/11\/img_3-400x600_c.jpg) center no-repeat; background-size:cover;\"><img decoding=\"async\" src=\"https:\/\/www.alimakgroup.com\/fr\/wp-content\/uploads\/sites\/9\/2022\/11\/img_3-400x600_c.jpg\" alt=\"\"><\/div>\n                            <\/div>\n        <\/div>\n        <\/div>\n    <\/div>\n<\/section>\n","protected":false},"excerpt":{"rendered":"","protected":false},"author":1,"featured_media":0,"parent":0,"menu_order":2,"comment_status":"closed","ping_status":"closed","template":"","meta":{"_acf_changed":false,"_trash_the_other_posts":false,"editor_notices":[],"footnotes":""},"class_list":["post-73","page","type-page","status-publish","hentry"],"acf":[],"yoast_head":"<!-- This site is optimized with the Yoast SEO plugin v27.3 - https:\/\/yoast.com\/product\/yoast-seo-wordpress\/ -->\n<title>Secteurs industriels - France<\/title>\n<meta name=\"robots\" content=\"index, follow, max-snippet:-1, max-image-preview:large, max-video-preview:-1\" \/>\n<link rel=\"canonical\" href=\"https:\/\/www.alimakgroup.com\/fr\/secteurs-industriels\/\" \/>\n<meta property=\"og:locale\" content=\"fr_FR\" \/>\n<meta property=\"og:type\" content=\"article\" \/>\n<meta property=\"og:title\" content=\"Secteurs industriels - France\" \/>\n<meta property=\"og:url\" content=\"https:\/\/www.alimakgroup.com\/fr\/secteurs-industriels\/\" \/>\n<meta property=\"og:site_name\" content=\"France\" \/>\n<meta property=\"article:modified_time\" content=\"2025-11-14T13:28:33+00:00\" \/>\n<meta name=\"twitter:card\" content=\"summary_large_image\" \/>\n<script type=\"application\/ld+json\" class=\"yoast-schema-graph\">{\"@context\":\"https:\\\/\\\/schema.org\",\"@graph\":[{\"@type\":\"WebPage\",\"@id\":\"https:\\\/\\\/www.alimakgroup.com\\\/fr\\\/secteurs-industriels\\\/\",\"url\":\"https:\\\/\\\/www.alimakgroup.com\\\/fr\\\/secteurs-industriels\\\/\",\"name\":\"Secteurs industriels - France\",\"isPartOf\":{\"@id\":\"https:\\\/\\\/www.alimakgroup.com\\\/fr\\\/#website\"},\"datePublished\":\"2022-07-28T02:29:43+00:00\",\"dateModified\":\"2025-11-14T13:28:33+00:00\",\"inLanguage\":\"fr-FR\",\"potentialAction\":[{\"@type\":\"ReadAction\",\"target\":[\"https:\\\/\\\/www.alimakgroup.com\\\/fr\\\/secteurs-industriels\\\/\"]}]},{\"@type\":\"WebSite\",\"@id\":\"https:\\\/\\\/www.alimakgroup.com\\\/fr\\\/#website\",\"url\":\"https:\\\/\\\/www.alimakgroup.com\\\/fr\\\/\",\"name\":\"France\",\"description\":\"Just another WordPress site\",\"potentialAction\":[{\"@type\":\"SearchAction\",\"target\":{\"@type\":\"EntryPoint\",\"urlTemplate\":\"https:\\\/\\\/www.alimakgroup.com\\\/fr\\\/?s={search_term_string}\"},\"query-input\":{\"@type\":\"PropertyValueSpecification\",\"valueRequired\":true,\"valueName\":\"search_term_string\"}}],\"inLanguage\":\"fr-FR\"}]}<\/script>\n<!-- \/ Yoast SEO plugin. -->","yoast_head_json":{"title":"Secteurs industriels - France","robots":{"index":"index","follow":"follow","max-snippet":"max-snippet:-1","max-image-preview":"max-image-preview:large","max-video-preview":"max-video-preview:-1"},"canonical":"https:\/\/www.alimakgroup.com\/fr\/secteurs-industriels\/","og_locale":"fr_FR","og_type":"article","og_title":"Secteurs industriels - France","og_url":"https:\/\/www.alimakgroup.com\/fr\/secteurs-industriels\/","og_site_name":"France","article_modified_time":"2025-11-14T13:28:33+00:00","twitter_card":"summary_large_image","schema":{"@context":"https:\/\/schema.org","@graph":[{"@type":"WebPage","@id":"https:\/\/www.alimakgroup.com\/fr\/secteurs-industriels\/","url":"https:\/\/www.alimakgroup.com\/fr\/secteurs-industriels\/","name":"Secteurs industriels - France","isPartOf":{"@id":"https:\/\/www.alimakgroup.com\/fr\/#website"},"datePublished":"2022-07-28T02:29:43+00:00","dateModified":"2025-11-14T13:28:33+00:00","inLanguage":"fr-FR","potentialAction":[{"@type":"ReadAction","target":["https:\/\/www.alimakgroup.com\/fr\/secteurs-industriels\/"]}]},{"@type":"WebSite","@id":"https:\/\/www.alimakgroup.com\/fr\/#website","url":"https:\/\/www.alimakgroup.com\/fr\/","name":"France","description":"Just another WordPress site","potentialAction":[{"@type":"SearchAction","target":{"@type":"EntryPoint","urlTemplate":"https:\/\/www.alimakgroup.com\/fr\/?s={search_term_string}"},"query-input":{"@type":"PropertyValueSpecification","valueRequired":true,"valueName":"search_term_string"}}],"inLanguage":"fr-FR"}]}},"_links":{"self":[{"href":"https:\/\/www.alimakgroup.com\/fr\/wp-json\/wp\/v2\/pages\/73","targetHints":{"allow":["GET"]}}],"collection":[{"href":"https:\/\/www.alimakgroup.com\/fr\/wp-json\/wp\/v2\/pages"}],"about":[{"href":"https:\/\/www.alimakgroup.com\/fr\/wp-json\/wp\/v2\/types\/page"}],"author":[{"embeddable":true,"href":"https:\/\/www.alimakgroup.com\/fr\/wp-json\/wp\/v2\/users\/1"}],"replies":[{"embeddable":true,"href":"https:\/\/www.alimakgroup.com\/fr\/wp-json\/wp\/v2\/comments?post=73"}],"version-history":[{"count":31,"href":"https:\/\/www.alimakgroup.com\/fr\/wp-json\/wp\/v2\/pages\/73\/revisions"}],"predecessor-version":[{"id":720,"href":"https:\/\/www.alimakgroup.com\/fr\/wp-json\/wp\/v2\/pages\/73\/revisions\/720"}],"wp:attachment":[{"href":"https:\/\/www.alimakgroup.com\/fr\/wp-json\/wp\/v2\/media?parent=73"}],"curies":[{"name":"wp","href":"https:\/\/api.w.org\/{rel}","templated":true}]}}