{"id":695,"date":"2022-07-28T02:42:30","date_gmt":"2022-07-28T02:42:30","guid":{"rendered":"https:\/\/www.alimakgroup.com\/fr\/asset-management-francais\/"},"modified":"2026-01-07T10:39:25","modified_gmt":"2026-01-07T10:39:25","slug":"asset-management-francais","status":"publish","type":"page","link":"https:\/\/www.alimakgroup.com\/fr\/asset-management-francais\/","title":{"rendered":"La gestion d&rsquo;actifs"},"content":{"rendered":"\n<section class=\"inner_banner_wrap\">\n    <div class=\"banner_pg\" style=\"background:url(https:\/\/www.alimakgroup.com\/fr\/wp-content\/uploads\/sites\/9\/2024\/01\/Asset-Data-Management-Feature-Image-2000x344_c.jpg) center no-repeat; background-size:cover;\">\n    \t        <div class=\"b1\"><div class=\"b2\">\n            <div class=\"content_holder\">\n                <h1>Gestion des donn\u00e9es sur les actifs<\/h1>\n            <\/div>\n        <\/div><\/div>\n            <\/div>\n<\/section>\n\n\n\n\n<section class=\"contents_block  remove_bs\">\n    <div class=\"content_holder\">\n    \t<h5>Cette d\u00e9claration de gestion des donn\u00e9es sur les actifs d\u00e9crit les pratiques d&#39;Alimak Group AB et de ses soci\u00e9t\u00e9s du groupe telles qu&#39;expos\u00e9es \u00e0 l&#39;annexe A (\u00ab Groupe Alimak \u00bb, \u00ab nous \u00bb, \u00ab notre \u00bb ou \u00ab notre \u00bb) pour la collecte, le stockage et l&#39;utilisation des donn\u00e9es du groupe Alimak. machines, produits et autres actifs exploit\u00e9s par ou pour le compte des clients (\u00ab Actifs \u00bb).<\/h5>\n<h5> Notre politique de confidentialit\u00e9 d\u00e9crit la mani\u00e8re dont nous g\u00e9rons les donn\u00e9es personnelles. c&#39;est-\u00e0-dire des informations qui peuvent \u00eatre utilis\u00e9es pour identifier un individu.<\/h5>\n<h2> Quelles donn\u00e9es nous pouvons collecter<\/h2>\n<h3> Donn\u00e9es syst\u00e8me<\/h3>\n<p> Les donn\u00e9es du syst\u00e8me sont des informations qui nous sont transmises via des plateformes num\u00e9riques (\u00ab Plateformes \u00bb), My Alimak, My BMU, A3 et des applications similaires (\u00ab Applications \u00bb) et via la t\u00e9l\u00e9matique (et appareils similaires) (\u00ab Appareils \u00bb) (nous utilisons le terme \u00ab\u00a0Offres num\u00e9riques\u00a0\u00bb pour d\u00e9signer collectivement toutes les applications et tous les appareils que nous utilisons), qui peuvent inclure\u00a0:<\/p>\n<ul>\n<li> Informations sur les appareils, les actifs et les composants, y compris le num\u00e9ro de mod\u00e8le, le num\u00e9ro de s\u00e9rie, le num\u00e9ro de commande, les num\u00e9ros de version du logiciel et du mat\u00e9riel, les performances et la configuration, y compris les outils de travail ou autres p\u00e9riph\u00e9riques connect\u00e9s aux actifs.<\/li>\n<li> Donn\u00e9es \u00e9lectroniques, y compris les journaux de capteurs, les tendances, les histogrammes, les donn\u00e9es d&#39;\u00e9v\u00e9nements, autres alertes, les donn\u00e9es d&#39;\u00e9tat num\u00e9rique, les codes d&#39;erreur, les heures de compteur de service, les fichiers de donn\u00e9es \u00e9lectroniques t\u00e9l\u00e9charg\u00e9s manuellement ou automatiquement \u00e0 partir d&#39;un actif, les donn\u00e9es de d\u00e9pannage et autres donn\u00e9es, en fonction du client. et Actif et canal de communication utilis\u00e9s par un appareil.<\/li>\n<li> Informations sur l&#39;emplacement de l&#39;appareil, y compris l&#39;emplacement physique d&#39;un actif (par exemple, d\u00e9termin\u00e9 \u00e0 l&#39;aide d&#39;un satellite, d&#39;un GPS, d&#39;une tour de t\u00e9l\u00e9phonie cellulaire, de signaux Bluetooth ou Wi-Fi).<\/li>\n<li> Donn\u00e9es de l&#39;enregistreur d&#39;\u00e9v\u00e9nements, y compris l&#39;emplacement, la vitesse et la direction.<\/li>\n<li> Historique de service et de maintenance, y compris les bons de travail (enregistrements de tous les entretiens, r\u00e9parations, achats de pi\u00e8ces, remplacement et modification d&#39;un actif), dur\u00e9e de vie des composants (historique d&#39;utilisation et dur\u00e9e de vie d&#39;un composant), calendrier de maintenance, maintenance planifi\u00e9e, donn\u00e9es de couverture de garantie , contrats de maintenance et de r\u00e9paration, intervalles d&#39;entretien (intervalle planifi\u00e9 pour la maintenance planifi\u00e9e des activit\u00e9s de remplacement de composants pour un actif), listes de composants (listes de pi\u00e8ces qui composent un actif) et lettres de service (d\u00e9crivant les actions de service sp\u00e9ciales recommand\u00e9es par les fabricants pour corriger un probl\u00e8me connu. probl\u00e8me avec un actif).<\/li>\n<li> Conditions du site et environnementales.<\/li>\n<li> Mod\u00e8les d&#39;utilisation, y compris toute information d\u00e9finie par l&#39;utilisateur relative \u00e0 un produit que vous nous fournissez via une offre num\u00e9rique.<\/li>\n<\/ul>\n<h2> Comment nous pouvons collecter des donn\u00e9es<\/h2>\n<h3> Donn\u00e9es collect\u00e9es lors de votre utilisation de nos produits et\/ou services<\/h3>\n<p> Nous pouvons collecter des informations sur votre utilisation de nos Produits et\/ou Services. Par exemple:<\/p>\n<ul>\n<li> <strong>Via des plates-formes\/applications\/appareils\u00a0:<\/strong> nous pouvons recevoir des informations directement via une liaison cellulaire ou satellite, ou une connexion radio ou Ethernet \u00e0 partir d&#39;actifs \u00e9quip\u00e9s d&#39;une application ou d&#39;un appareil pr\u00e9install\u00e9 ou install\u00e9 par nous, qui peut inclure des donn\u00e9es syst\u00e8me.<\/li>\n<li> Nous pourrions \u00e9galement recevoir des informations via votre utilisation de nos services d&#39;authentification unique. Ces services nous permettront d&#39;utiliser vos informations de connexion pour authentifier votre identit\u00e9 et vous offriront la possibilit\u00e9 de partager certaines informations personnelles avec nous.<\/li>\n<\/ul>\n<h3> Autres moyens par lesquels nous collectons des informations<\/h3>\n<p> Nous pouvons \u00e9galement collecter d&#39;autres informations sur vous, votre appareil ou votre utilisation des services de la mani\u00e8re que nous vous d\u00e9crivons au moment de la collecte ou autrement avec votre consentement. Vous pouvez choisir de ne pas nous fournir certains types d\u2019informations, mais cela peut affecter votre capacit\u00e9 \u00e0 utiliser certains produits et services.<\/p>\n<h3> Comment peut on utiliser l&#39;information<\/h3>\n<p> Nous pouvons utiliser les informations collect\u00e9es, entre autres, aux fins suivantes\u00a0:<\/p>\n<h3> Pour fournir des services \u00e0 vous et \u00e0 d\u2019autres\u00a0:<\/h3>\n<ul>\n<li> Pour vous permettre de surveiller l&#39;\u00e9tat des actifs, de compl\u00e9ter et d&#39;ex\u00e9cuter les commandes, de communiquer avec vous concernant votre achat ou location d&#39;actifs et votre achat de pi\u00e8ces d&#39;actifs et de vous fournir un service client associ\u00e9.<\/li>\n<li> Pour remplir les accords de support client, effectuer la maintenance et les r\u00e9parations et livrer des actifs ou des pi\u00e8ces de location.<\/li>\n<li> Faire des recommandations concernant la s\u00e9curit\u00e9, la sant\u00e9 et la maintenance des actifs.<\/li>\n<li> Am\u00e9liorer la s\u00e9curit\u00e9 des op\u00e9rations des machines, notamment en suivant la proximit\u00e9 des actifs ou d&#39;autres objets.<\/li>\n<li> Pour activer le d\u00e9pannage \u00e0 distance.<\/li>\n<li> Pour vous fournir des services et du contenu g\u00e9olocalis\u00e9s.<\/li>\n<\/ul>\n<h3> \u00c0 d\u2019autres fins commerciales g\u00e9n\u00e9rales\u00a0:<\/h3>\n<ul>\n<li> R\u00e9aliser des \u00e9tudes de march\u00e9.<\/li>\n<li> Pour effectuer des analyses de donn\u00e9es, des audits, am\u00e9liorer les produits, d\u00e9velopper de nouveaux produits, am\u00e9liorer, am\u00e9liorer ou modifier nos offres num\u00e9riques, identifier les tendances d&#39;utilisation et exploiter et d\u00e9velopper nos activit\u00e9s commerciales et pour des analyses statistiques bas\u00e9es sur des donn\u00e9es agr\u00e9g\u00e9es et anonymis\u00e9es, telles que des rapports d&#39;analyse comparative. .<\/li>\n<li> Fournir des services aux clients, g\u00e9rer le flux de travail, surveiller les r\u00e9parations, projeter la maintenance et le service futurs et r\u00e9soudre les probl\u00e8mes.<\/li>\n<li> Valider l\u2019efficacit\u00e9 des recommandations, r\u00e9soudre les plaintes et ex\u00e9cuter les commandes.<\/li>\n<li> G\u00e9rer l&#39;inventaire des actifs et des pi\u00e8ces afin de vous fournir des machines, des pi\u00e8ces et des services.<\/li>\n<li> Pour g\u00e9rer une flotte d\u2019actifs poss\u00e9d\u00e9s ou lou\u00e9s.<\/li>\n<li> D\u00e9velopper des applications num\u00e9riques.<\/li>\n<\/ul>\n<h3> Comment nous pouvons divulguer des informations<\/h3>\n<p> Sauf dans les cas d\u00e9crits dans la pr\u00e9sente d\u00e9claration de gestion des donn\u00e9es sur les actifs, nous pouvons \u00e9galement divulguer des informations\u00a0:<\/p>\n    <\/div>\n<\/section>\n\n\n\n\n<section class=\"contents_block remove_ts \">\n    <div class=\"content_holder\">\n    \t<ul>\n<li>\u00c0 nos affili\u00e9s, pour fournir les produits et services que vous avez demand\u00e9s.<\/li>\n<li>Aux propri\u00e9taires d\u2019actifs, pour leur permettre de g\u00e9rer l\u2019utilisation de leur actif.<\/li>\n<li>Aux fabricants de composants, pour leur permettre d&rsquo;\u00e9tudier l&rsquo;utilisation de leurs produits, d&rsquo;am\u00e9liorer leurs produits et de d\u00e9velopper de nouveaux produits.<\/li>\n<li>Aux agents, prestataires de services et autres tiers engag\u00e9s par ou engag\u00e9s dans des affaires avec les propri\u00e9taires d&rsquo;actifs, qui ont la responsabilit\u00e9 de gestion de l&rsquo;actif.<\/li>\n<li>\u00c0 un tiers li\u00e9 en cas de r\u00e9organisation, fusion, vente, coentreprise, cession, transfert ou autre disposition de tout ou partie de notre entreprise, de nos actifs ou de nos actions (y compris dans le cadre d&rsquo;une faillite ou d&rsquo;une proc\u00e9dure similaire).<\/li>\n<li>\u00c0 un tiers li\u00e9 en cas de r\u00e9organisation, fusion, vente, coentreprise, cession, transfert ou autre disposition de tout ou partie de notre entreprise, de nos actifs ou de nos actions (y compris dans le cadre d&rsquo;une faillite ou d&rsquo;une proc\u00e9dure similaire).<\/li>\n<li>\u00c0 des destinataires suppl\u00e9mentaires comme convenu entre vous et nous.<\/li>\n<\/ul>\n<h3>S\u00e9curit\u00e9<\/h3>\n<p>Nous avons mis en \u0153uvre des mesures organisationnelles, techniques et administratives raisonnables con\u00e7ues pour prot\u00e9ger les informations au sein de notre organisation. Malheureusement, aucun syst\u00e8me de transmission ou de stockage de donn\u00e9es ne peut \u00eatre garanti comme \u00e9tant s\u00e9curis\u00e9 \u00e0 100 %. Si vous avez des raisons de croire que votre interaction avec nous n&rsquo;est plus s\u00e9curis\u00e9e (par exemple, si vous estimez que la s\u00e9curit\u00e9 de votre compte a \u00e9t\u00e9 compromise), veuillez nous en informer imm\u00e9diatement conform\u00e9ment \u00e0 la section \u00ab Nous contacter \u00bb ci-dessous.<\/p>\n<h3>Mises \u00e0 jour de cette d\u00e9claration de gouvernance<\/h3>\n<p>Nous pouvons modifier cette d\u00e9claration de gestion des donn\u00e9es sur les actifs de temps \u00e0 autre et sans pr\u00e9avis. La l\u00e9gende \u00ab\u00a0DERNI\u00c8RE MISE \u00c0 JOUR\u00a0\u00bb au bas de cette page indique la date \u00e0 laquelle cette d\u00e9claration de gestion des donn\u00e9es sur les actifs a \u00e9t\u00e9 r\u00e9vis\u00e9e pour la derni\u00e8re fois. Dans tous les \u00e9v\u00e9nements et circonstances, nous collectons, utilisons et divulguons les donn\u00e9es uniquement de la mani\u00e8re autoris\u00e9e par les lois et r\u00e9glementations applicables.<\/p>\n<h3>Planifier un<\/h3>\n<h3>Entreprises du groupe Alimak<\/h3>\n<ul>\n<li>Alimak do Brasil Elevadores Ltda<\/li>\n<li>Alimak Group Australie Pty.<\/li>\n<li>Alimak Group Benelux BV Pays-Bas<\/li>\n<li>Alimak Group Benelux NV Belgique<\/li>\n<li>Groupe Alimak BMU (Shanghai) Co. Ltd<\/li>\n<li>Alimak Group Canada Ltd<\/li>\n<li>Alimak Group Danemark A\/S<\/li>\n<li>Alimak Group Deutschland GmbH<\/li>\n<li>Groupe Alimak France SAS<\/li>\n<li>Alimak Group Hong Kong Ltd.<\/li>\n<li>Groupe Alimak Inde Pvt. Lt\u00e9e<\/li>\n<li>Alimak Group Italie srl<\/li>\n<li>Groupe Alimak Cor\u00e9e Co. Ltd<\/li>\n<li>Alimak Group Malaisie Sdn. Bhd<\/li>\n<li>Alimak Group Management AB<\/li>\n<li>Alimak Group Manufacturing SL<\/li>\n<li>Alimak Group Norv\u00e8ge AS<\/li>\n<li>Groupe Alimak Singapour Pte. Lt\u00e9e<\/li>\n<li>Alimak Group Su\u00e8de AB<\/li>\n<li>Alimak Group Suisse SA<\/li>\n<li>Alimak Group UK Ltd.<\/li>\n<li>Groupe Alimak USA Inc.<\/li>\n<li>Groupe Alimak \u00c9quipement d&rsquo;acc\u00e8s vertical Co. Ltd<\/li>\n<li>Avanti Brasil Sistemas Eolicos Ltda<\/li>\n<li>Avanti Wind Eng. Technologie. Guangdong Co., Ltd.<\/li>\n<li>Avanti Wind Systems Co. Ltd.Shanghai<\/li>\n<li>Avanti Wind Systems Inde Pvt. Lt\u00e9e<\/li>\n<li>Avanti Wind Systems SL<\/li>\n<li>Avanti Wind Systems SL<\/li>\n<li>Avanti Wind Systems Techn. SL<\/li>\n<li>Soci\u00e9t\u00e9 d&rsquo;ing\u00e9nierie Cento Ltd.<\/li>\n<li>Cox Gomyl Macao Ltd.<\/li>\n<li>Cox Gomyl Op\u00e9rations SAU<\/li>\n<li>Cox Gomyl Shenzhen Co.Ltd<\/li>\n<li>EW Cox Moyen-Orient LLC<\/li>\n<li>\u00c9cole de formation industrielle James Hickey Ltd<\/li>\n<li>Manntech (HK) Ltd<\/li>\n<li>\u00c9quipement de grue haute Ltd<\/li>\n<\/ul>\n<h3>O\u00f9 s&rsquo;adresser pour des questions et des informations compl\u00e9mentaires<\/h3>\n<p>Pour toute question concernant cette d\u00e9claration, veuillez nous contacter par e-mail \u00e0 <strong><a href=\"mailto:privacy@alimakgroup.com\">Privacy@alimakgroup.com<\/a><\/strong> ou par courrier ordinaire \u00e0 l&rsquo;adresse ci-dessous :<\/p>\n<p>Alimak Group AB (publ)<br \/>\nAtt : Global Data Protection Manager<br \/>\nBlekholmstorget 30 111 64 Stockholm<\/p>\n<p>Last modifi\u00e9 : 7 janvier 2026<\/p>\n    <\/div>\n<\/section>\n\n","protected":false},"excerpt":{"rendered":"<p>1 This Asset Data Management Statement describes the practices of Alimak Group AB and its &#8230;<\/p>\n","protected":false},"author":1,"featured_media":0,"parent":0,"menu_order":5,"comment_status":"closed","ping_status":"closed","template":"","meta":{"_acf_changed":false,"_trash_the_other_posts":false,"editor_notices":[],"footnotes":""},"class_list":["post-695","page","type-page","status-publish","hentry"],"acf":[],"yoast_head":"<!-- This site is optimized with the Yoast SEO plugin v27.3 - https:\/\/yoast.com\/product\/yoast-seo-wordpress\/ -->\n<title>La gestion d&#039;actifs - France<\/title>\n<meta name=\"robots\" content=\"index, follow, max-snippet:-1, max-image-preview:large, max-video-preview:-1\" \/>\n<link rel=\"canonical\" href=\"https:\/\/www.alimakgroup.com\/fr\/asset-management-francais\/\" \/>\n<meta property=\"og:locale\" content=\"fr_FR\" \/>\n<meta property=\"og:type\" content=\"article\" \/>\n<meta property=\"og:title\" content=\"La gestion d&#039;actifs - France\" \/>\n<meta property=\"og:description\" content=\"1 This Asset Data Management Statement describes the practices of Alimak Group AB and its ...\" \/>\n<meta property=\"og:url\" content=\"https:\/\/www.alimakgroup.com\/fr\/asset-management-francais\/\" \/>\n<meta property=\"og:site_name\" content=\"France\" \/>\n<meta property=\"article:modified_time\" content=\"2026-01-07T10:39:25+00:00\" \/>\n<meta name=\"twitter:card\" content=\"summary_large_image\" \/>\n<script type=\"application\/ld+json\" class=\"yoast-schema-graph\">{\"@context\":\"https:\\\/\\\/schema.org\",\"@graph\":[{\"@type\":\"WebPage\",\"@id\":\"https:\\\/\\\/www.alimakgroup.com\\\/fr\\\/asset-management-francais\\\/\",\"url\":\"https:\\\/\\\/www.alimakgroup.com\\\/fr\\\/asset-management-francais\\\/\",\"name\":\"La gestion d'actifs - France\",\"isPartOf\":{\"@id\":\"https:\\\/\\\/www.alimakgroup.com\\\/fr\\\/#website\"},\"datePublished\":\"2022-07-28T02:42:30+00:00\",\"dateModified\":\"2026-01-07T10:39:25+00:00\",\"inLanguage\":\"fr-FR\",\"potentialAction\":[{\"@type\":\"ReadAction\",\"target\":[\"https:\\\/\\\/www.alimakgroup.com\\\/fr\\\/asset-management-francais\\\/\"]}]},{\"@type\":\"WebSite\",\"@id\":\"https:\\\/\\\/www.alimakgroup.com\\\/fr\\\/#website\",\"url\":\"https:\\\/\\\/www.alimakgroup.com\\\/fr\\\/\",\"name\":\"France\",\"description\":\"Just another WordPress site\",\"potentialAction\":[{\"@type\":\"SearchAction\",\"target\":{\"@type\":\"EntryPoint\",\"urlTemplate\":\"https:\\\/\\\/www.alimakgroup.com\\\/fr\\\/?s={search_term_string}\"},\"query-input\":{\"@type\":\"PropertyValueSpecification\",\"valueRequired\":true,\"valueName\":\"search_term_string\"}}],\"inLanguage\":\"fr-FR\"}]}<\/script>\n<!-- \/ Yoast SEO plugin. -->","yoast_head_json":{"title":"La gestion d'actifs - France","robots":{"index":"index","follow":"follow","max-snippet":"max-snippet:-1","max-image-preview":"max-image-preview:large","max-video-preview":"max-video-preview:-1"},"canonical":"https:\/\/www.alimakgroup.com\/fr\/asset-management-francais\/","og_locale":"fr_FR","og_type":"article","og_title":"La gestion d'actifs - France","og_description":"1 This Asset Data Management Statement describes the practices of Alimak Group AB and its ...","og_url":"https:\/\/www.alimakgroup.com\/fr\/asset-management-francais\/","og_site_name":"France","article_modified_time":"2026-01-07T10:39:25+00:00","twitter_card":"summary_large_image","schema":{"@context":"https:\/\/schema.org","@graph":[{"@type":"WebPage","@id":"https:\/\/www.alimakgroup.com\/fr\/asset-management-francais\/","url":"https:\/\/www.alimakgroup.com\/fr\/asset-management-francais\/","name":"La gestion d'actifs - France","isPartOf":{"@id":"https:\/\/www.alimakgroup.com\/fr\/#website"},"datePublished":"2022-07-28T02:42:30+00:00","dateModified":"2026-01-07T10:39:25+00:00","inLanguage":"fr-FR","potentialAction":[{"@type":"ReadAction","target":["https:\/\/www.alimakgroup.com\/fr\/asset-management-francais\/"]}]},{"@type":"WebSite","@id":"https:\/\/www.alimakgroup.com\/fr\/#website","url":"https:\/\/www.alimakgroup.com\/fr\/","name":"France","description":"Just another WordPress site","potentialAction":[{"@type":"SearchAction","target":{"@type":"EntryPoint","urlTemplate":"https:\/\/www.alimakgroup.com\/fr\/?s={search_term_string}"},"query-input":{"@type":"PropertyValueSpecification","valueRequired":true,"valueName":"search_term_string"}}],"inLanguage":"fr-FR"}]}},"_links":{"self":[{"href":"https:\/\/www.alimakgroup.com\/fr\/wp-json\/wp\/v2\/pages\/695","targetHints":{"allow":["GET"]}}],"collection":[{"href":"https:\/\/www.alimakgroup.com\/fr\/wp-json\/wp\/v2\/pages"}],"about":[{"href":"https:\/\/www.alimakgroup.com\/fr\/wp-json\/wp\/v2\/types\/page"}],"author":[{"embeddable":true,"href":"https:\/\/www.alimakgroup.com\/fr\/wp-json\/wp\/v2\/users\/1"}],"replies":[{"embeddable":true,"href":"https:\/\/www.alimakgroup.com\/fr\/wp-json\/wp\/v2\/comments?post=695"}],"version-history":[{"count":6,"href":"https:\/\/www.alimakgroup.com\/fr\/wp-json\/wp\/v2\/pages\/695\/revisions"}],"predecessor-version":[{"id":723,"href":"https:\/\/www.alimakgroup.com\/fr\/wp-json\/wp\/v2\/pages\/695\/revisions\/723"}],"wp:attachment":[{"href":"https:\/\/www.alimakgroup.com\/fr\/wp-json\/wp\/v2\/media?parent=695"}],"curies":[{"name":"wp","href":"https:\/\/api.w.org\/{rel}","templated":true}]}}