{"id":611,"date":"2022-07-28T02:45:54","date_gmt":"2022-07-28T02:45:54","guid":{"rendered":"https:\/\/www.alimakgroup.com\/fr\/privacy-policy-francais\/"},"modified":"2023-07-11T16:54:08","modified_gmt":"2023-07-11T16:54:08","slug":"politique-de-confidentialite","status":"publish","type":"page","link":"https:\/\/www.alimakgroup.com\/fr\/politique-de-confidentialite\/","title":{"rendered":"Politique de confidentialit\u00e9"},"content":{"rendered":"\n<section class=\"inner_banner_wrap\">\n    <div class=\"banner_pg\" style=\"background:url(https:\/\/www.alimakgroup.com\/fr\/wp-content\/uploads\/sites\/9\/2022\/07\/banner_serv-2000x344_c.jpg) center no-repeat; background-size:cover;\">\n    \t        <div class=\"b1\"><div class=\"b2\">\n            <div class=\"content_holder\">\n                <h1>Politique de confidentialit\u00e9<\/h1>\n            <\/div>\n        <\/div><\/div>\n            <\/div>\n<\/section>\n\n\n\n\n<section class=\"contents_block  \">\n    <div class=\"content_holder\">\n    \t<h5>Informations sur la gestion des donn\u00e9es \u00e0 caract\u00e8re personnel au sein du Groupe Alimak<\/h5>\n<p>Nous nous engageons toujours \u00e0 entretenir des relations solides et dignes de confiance avec tous nos partenaires et collaborateurs. Il est donc essentiel pour nous de g\u00e9rer vos donn\u00e9es personnelles en veillant \u00e0 pr\u00e9server votre int\u00e9grit\u00e9.<\/p>\n<p>Les donn\u00e9es personnelles d\u00e9signent toutes sortes d\u2019informations qui peuvent \u00eatre utilis\u00e9es pour vous identifier en tant que personne physique. Notre politique de confidentialit\u00e9 d\u00e9crit pourquoi et comment nous g\u00e9rons vos donn\u00e9es personnelles mais aussi comment vous pouvez faire valoir vos droits.<\/p>\n<p>Merci de bien vouloir lire cette politique de confidentialit\u00e9.<\/p>\n<h3>Notre responsabilit\u00e9<\/h3>\n<p>Nous g\u00e9rons vos donn\u00e9es personnelles pour pouvoir nous approvisionner en mat\u00e9riel n\u00e9cessaire \u00e0 la conduite de nos affaires et \u00eatre ainsi en mesure de fournir \u00e0 nos clients les solutions attendues. La plupart de ces donn\u00e9es sont associ\u00e9es \u00e0 votre emploi, votre int\u00e9r\u00eat en tant qu\u2019actionnaire ou tout autre int\u00e9r\u00eat dans le Groupe Alimak. Ces donn\u00e9es concernent les coordonn\u00e9es et informations n\u00e9cessaires au maintien de la relation \u00e9tablie avec vous ou votre employeur.<\/p>\n<p>Le Groupe Alimak est responsable de tout traitement de vos donn\u00e9es \u00e0 caract\u00e8re personnel. Nous adh\u00e9rons aux r\u00e9glementations applicables en mati\u00e8re de protection des donn\u00e9es et nous g\u00e9rons les donn\u00e9es personnelles sur la base de ces r\u00e9glementations ainsi qu\u2019en fonction des politiques et directives internes. Nous nous engageons \u00e0 prendre les mesures n\u00e9cessaires pour assurer la s\u00e9curit\u00e9 de vos donn\u00e9es personnelles.<\/p>\n<h3>Collecte de donn\u00e9es<\/h3>\n<p>Nous ne recueillons des donn\u00e9es personnelles qu\u2019\u00e0 des fins pr\u00e9cises, explicites et l\u00e9gitimes. Les sources de collecte de donn\u00e9es peuvent varier, mais les donn\u00e9es personnelles sont g\u00e9n\u00e9ralement fournies par vous-m\u00eame lorsque vous nous contactez via nos sites internet, e-mail, r\u00e9seaux sociaux, etc., lorsque vous exercez votre droit d\u2019actionnaire ou par votre employeur dans le cadre de son engagement lorsqu\u2019il fait affaire avec le Groupe Alimak.<\/p>\n<h3>Conservation des donn\u00e9es<\/h3>\n<p>Nous ne traitons vos donn\u00e9es personnelles que pendant la dur\u00e9e n\u00e9cessaire \u00e0 la r\u00e9alisation de la finalit\u00e9 du traitement. Par la suite, soit nous effacerons les donn\u00e9es personnelles, soit nous leur donnerons un pseudonyme ou les rendrons anonymes afin qu\u2019il ne soit plus possible de vous identifier. La dur\u00e9e de conservation des donn\u00e9es \u00e0 caract\u00e8re personnel d\u00e9pend des finalit\u00e9s du traitement, y compris de la l\u00e9gislation applicable.<\/p>\n<h3>Transfert de donn\u00e9es<\/h3>\n<p>Nous ne transf\u00e9rons des donn\u00e9es personnelles au-del\u00e0 des fronti\u00e8res (transferts vers des pays tiers) que si cela est n\u00e9cessaire pour remplir notre engagement envers vous ou votre employeur, pour r\u00e9pondre aux int\u00e9r\u00eats l\u00e9gitimes du Groupe Alimak ou pour se conformer \u00e0 une obligation l\u00e9gale.<\/p>\n<p>Tout sous-traitant ou tiers susceptible de traiter vos donn\u00e9es personnelles pour le compte du Groupe Alimak n\u2019est autoris\u00e9 \u00e0 le faire que conform\u00e9ment aux exigences techniques, organisationnelles et l\u00e9gales \u00e9nonc\u00e9es par le Groupe Alimak et sp\u00e9cifi\u00e9es dans les contrats conclus avec chaque sous-traitant, tiers ou toute autre partie responsable du traitement.<\/p>\n<h3>L\u2019utilisation de cookies sur les sites internet du Groupe Alimak<\/h3>\n<p>Un cookie est un petit fichier de donn\u00e9es que les sites internet du Groupe Alimak stockent temporairement ou d\u00e9finitivement sur le disque dur de votre ordinateur lorsque vous visitez nos sites. Nous utilisons les cookies principalement pour analyser la fa\u00e7on dont nos sites internet sont utilis\u00e9s, pour analyser leur performance et pour am\u00e9liorer votre exp\u00e9rience sur nos sites. Nous utilisons \u00e9galement les cookies pour commercialiser nos produits et services aupr\u00e8s de nos clients.<\/p>\n<p>Vous pouvez restreindre, bloquer ou refuser les cookies en r\u00e9glant les param\u00e8tres des cookies dans le navigateur de votre ordinateur ou dans les r\u00e9glages de votre t\u00e9l\u00e9phone. Pour en savoir plus sur la gestion des cookies, utilisez la fonction d\u2019aide ou les param\u00e8tres.<\/p>\n<h3>Droits de la personne concern\u00e9e par la collecte de donn\u00e9es<\/h3>\n<p>Si vous ou votre employeur r\u00e9sidez dans l\u2019UE\/EEE ou si vos donn\u00e9es personnelles sont trait\u00e9es par une soci\u00e9t\u00e9 du Groupe Alimak au sein de l\u2019UE\/EEE, le R\u00e8glement g\u00e9n\u00e9ral de protection des donn\u00e9es (RGPD) s\u2019applique dans votre cas. Ce r\u00e8glement fixe les r\u00e8gles relatives \u00e0 la protection des personnes physiques en ce qui concerne le traitement des donn\u00e9es \u00e0 caract\u00e8re personnel. Cette l\u00e9gislation s\u2019accompagne d\u2019un certain nombre de droits que vous pouvez faire valoir. Si vous souhaitez faire valoir vos droits, veuillez nous contacter \u00e0 l\u2019une des adresses indiqu\u00e9es ci-dessous dans la rubrique \u00ab O\u00f9 s\u2019adresser pour des questions et informations compl\u00e9mentaires \u00bb. D\u2019\u00e9ventuelles restrictions ou modifications du traitement des donn\u00e9es pourront s\u2019appliquer au Groupe Alimak ainsi qu\u2019\u00e0 toute partie traitant des donn\u00e9es \u00e0 caract\u00e8re personnel en notre nom.<\/p>\n<h3>Droit d\u2019acc\u00e8s aux donn\u00e9es personnelles<\/h3>\n<p>Vous avez le droit de savoir si nous traitons des donn\u00e9es personnelles vous concernant et, si tel est le cas, elles peuvent vous \u00eatre fournies, \u00e0 votre demande, dans un format structur\u00e9 et couramment utilis\u00e9. Par ailleurs, vous avez le droit de transmettre ces donn\u00e9es \u00e0 toute tierce personne de votre choix.<\/p>\n<p>Outre le traitement de vos donn\u00e9es personnelles, vous avez le droit d\u2019\u00eatre inform\u00e9 de la finalit\u00e9 et du fondement juridique du traitement, de toute information disponible quant \u00e0 la source des donn\u00e9es, si possible, de la dur\u00e9e de conservation des donn\u00e9es, des destinataires ou des cat\u00e9gories de destinataires auxquels les donn\u00e9es personnelles ont \u00e9t\u00e9 ou seront divulgu\u00e9es, de nos garanties concernant les transferts \u00e9ventuels vers des pays tiers et de la logique appliqu\u00e9e en cas de prise de d\u00e9cision automatis\u00e9e, y compris le profilage.<\/p>\n<h3>Droit de rectification des donn\u00e9es<\/h3>\n<p>Le Groupe Alimak est responsable de l\u2019exactitude des donn\u00e9es personnelles que nous traitons \u00e0 votre sujet. N\u00e9anmoins, si vous estimez que vos donn\u00e9es personnelles sont inexactes, vous avez le droit de demander la rectification de ces donn\u00e9es erron\u00e9es. Une fois la rectification effectu\u00e9e, nous vous informerons des mesures mises en \u0153uvre pour r\u00e9pondre \u00e0 votre demande.<\/p>\n<h3>Droit d\u2019opposition<\/h3>\n<p>Vous avez le droit de vous opposer au traitement de donn\u00e9es lorsque vos donn\u00e9es personnelles sont utilis\u00e9es \u00e0 des fins de marketing et dans l\u2019int\u00e9r\u00eat l\u00e9gitime du Groupe Alimak, y compris lorsque le profilage est utilis\u00e9 \u00e0 ces fins. Si l\u2019on consid\u00e8re que vos int\u00e9r\u00eats ou vos droits et libert\u00e9s fondamentaux l\u2019emportent sur nos int\u00e9r\u00eats l\u00e9gitimes, nous mettrons fin au traitement de donn\u00e9es et vous informerons des mesures mises en \u0153uvre.<\/p>\n<h3>Droit \u00e0 la limitation du traitement de vos donn\u00e9es<\/h3>\n<p>Vous avez le droit de demander la limitation du traitement de vos donn\u00e9es personnelles lorsque vous estimez que la finalit\u00e9 du traitement n\u2019est plus valable, que vous consid\u00e9rez que le traitement est ill\u00e9gal, que vous contestez l\u2019exactitude des donn\u00e9es \u00e0 caract\u00e8re personnel trait\u00e9es ou que vous vous opposez au traitement.<\/p>\n<p>En cas de lev\u00e9e de la limitation de traitement suite \u00e0 votre demande, le Groupe Alimak se chargera de vous en informer.<\/p>\n<h3>Droit de retrait du consentement<\/h3>\n<p>Certaines des activit\u00e9s de traitement de donn\u00e9es effectu\u00e9es au sein du Groupe Alimak peuvent \u00eatre fond\u00e9es sur votre consentement. Dans ce cas, vous avez le droit de retirer votre consentement \u00e0 tout moment. Le retrait de votre consentement n\u2019affectera pas la l\u00e9gitimit\u00e9 du traitement r\u00e9alis\u00e9 avant celui-ci. Si vous retirez votre consentement, nous cesserons de traiter vos donn\u00e9es personnelles, sauf si nous sommes tenus de continuer \u00e0 les traiter conform\u00e9ment \u00e0 une obligation l\u00e9gale.<\/p>\n<h3>Droit \u00e0 l\u2019oubli (effacement)<\/h3>\n<p>Tout comme le droit de\u00a0limitation\u00a0de vos\u00a0donn\u00e9es, il s\u2019agit de votre droit de demander l\u2019effacement de vos donn\u00e9es \u00e0 caract\u00e8re personnel lorsque vous estimez que la finalit\u00e9 du traitement n\u2019est plus valable ou que vous consid\u00e9rez que le traitement est illicite.<\/p>\n<p>Si le Groupe Alimak doit continuer \u00e0 traiter vos donn\u00e9es personnelles conform\u00e9ment \u00e0 une obligation l\u00e9gale, nous refuserons votre demande et vous informerons du motif.<\/p>\n<h3>Droit \u00e0 la portabilit\u00e9 des donn\u00e9es<\/h3>\n<p>Vous avez le droit d\u2019invoquer votre droit de portabilit\u00e9 des donn\u00e9es dans le cas o\u00f9 le traitement de vos donn\u00e9es personnelles est bas\u00e9 sur le consentement, est effectu\u00e9 par des moyens automatis\u00e9s ou est n\u00e9cessaire \u00e0 l\u2019ex\u00e9cution d\u2019un contrat auquel vous participez. \u00c0 votre demande et si cela est possible, le Groupe Alimak fournira vos donn\u00e9es personnelles \u00e0 un tiers de votre choix, dans un format structur\u00e9, couramment utilis\u00e9 et lisible par machine.<\/p>\n<h3>Modifications de la politique de confidentialit\u00e9<\/h3>\n<p>Le Groupe Alimak peut modifier ou mettre \u00e0 jour cette politique de confidentialit\u00e9 lorsque cela est n\u00e9cessaire pour refl\u00e9ter des changements dans ses activit\u00e9s ou des changements dans la l\u00e9gislation applicable. Merci de bien vouloir revoir cette politique de confidentialit\u00e9 r\u00e9guli\u00e8rement.<\/p>\n<h3>O\u00f9 s\u2019adresser pour des questions et informations compl\u00e9mentaires<\/h3>\n<p>Pour toute question concernant cette politique de confidentialit\u00e9 ou vos droits, veuillez nous contacter par e-mail \u00e0 <strong><a href=\"mailto:privacy@alimakgroup.com\">privacy@alimakgroup.com<\/a><\/strong> ou par courrier \u00e0 l\u2019adresse ci-dessous :<\/p>\n<p>Alimak Group AB (publ)<br \/>\nAtt. : Global Data Protection Manager<br \/>\nBlekholmstorget 30<br \/>\n111 64 Stockholm<\/p>\n<p>Derni\u00e8re modification : 21 juin 2022<\/p>\n    <\/div>\n<\/section>\n\n","protected":false},"excerpt":{"rendered":"","protected":false},"author":1,"featured_media":0,"parent":0,"menu_order":6,"comment_status":"closed","ping_status":"closed","template":"","meta":{"_acf_changed":false,"_trash_the_other_posts":false,"editor_notices":[],"footnotes":""},"class_list":["post-611","page","type-page","status-publish","hentry"],"acf":[],"yoast_head":"<!-- This site is optimized with the Yoast SEO plugin v27.3 - https:\/\/yoast.com\/product\/yoast-seo-wordpress\/ -->\n<title>Politique de confidentialit\u00e9 - France<\/title>\n<meta name=\"robots\" content=\"index, follow, max-snippet:-1, max-image-preview:large, max-video-preview:-1\" \/>\n<link rel=\"canonical\" href=\"https:\/\/www.alimakgroup.com\/fr\/politique-de-confidentialite\/\" \/>\n<meta property=\"og:locale\" content=\"fr_FR\" \/>\n<meta property=\"og:type\" content=\"article\" \/>\n<meta property=\"og:title\" content=\"Politique de confidentialit\u00e9 - France\" \/>\n<meta property=\"og:url\" content=\"https:\/\/www.alimakgroup.com\/fr\/politique-de-confidentialite\/\" \/>\n<meta property=\"og:site_name\" content=\"France\" \/>\n<meta property=\"article:modified_time\" content=\"2023-07-11T16:54:08+00:00\" \/>\n<meta name=\"twitter:card\" content=\"summary_large_image\" \/>\n<script type=\"application\/ld+json\" class=\"yoast-schema-graph\">{\"@context\":\"https:\\\/\\\/schema.org\",\"@graph\":[{\"@type\":\"WebPage\",\"@id\":\"https:\\\/\\\/www.alimakgroup.com\\\/fr\\\/politique-de-confidentialite\\\/\",\"url\":\"https:\\\/\\\/www.alimakgroup.com\\\/fr\\\/politique-de-confidentialite\\\/\",\"name\":\"Politique de confidentialit\u00e9 - France\",\"isPartOf\":{\"@id\":\"https:\\\/\\\/www.alimakgroup.com\\\/fr\\\/#website\"},\"datePublished\":\"2022-07-28T02:45:54+00:00\",\"dateModified\":\"2023-07-11T16:54:08+00:00\",\"inLanguage\":\"fr-FR\",\"potentialAction\":[{\"@type\":\"ReadAction\",\"target\":[\"https:\\\/\\\/www.alimakgroup.com\\\/fr\\\/politique-de-confidentialite\\\/\"]}]},{\"@type\":\"WebSite\",\"@id\":\"https:\\\/\\\/www.alimakgroup.com\\\/fr\\\/#website\",\"url\":\"https:\\\/\\\/www.alimakgroup.com\\\/fr\\\/\",\"name\":\"France\",\"description\":\"Just another WordPress site\",\"potentialAction\":[{\"@type\":\"SearchAction\",\"target\":{\"@type\":\"EntryPoint\",\"urlTemplate\":\"https:\\\/\\\/www.alimakgroup.com\\\/fr\\\/?s={search_term_string}\"},\"query-input\":{\"@type\":\"PropertyValueSpecification\",\"valueRequired\":true,\"valueName\":\"search_term_string\"}}],\"inLanguage\":\"fr-FR\"}]}<\/script>\n<!-- \/ Yoast SEO plugin. -->","yoast_head_json":{"title":"Politique de confidentialit\u00e9 - France","robots":{"index":"index","follow":"follow","max-snippet":"max-snippet:-1","max-image-preview":"max-image-preview:large","max-video-preview":"max-video-preview:-1"},"canonical":"https:\/\/www.alimakgroup.com\/fr\/politique-de-confidentialite\/","og_locale":"fr_FR","og_type":"article","og_title":"Politique de confidentialit\u00e9 - France","og_url":"https:\/\/www.alimakgroup.com\/fr\/politique-de-confidentialite\/","og_site_name":"France","article_modified_time":"2023-07-11T16:54:08+00:00","twitter_card":"summary_large_image","schema":{"@context":"https:\/\/schema.org","@graph":[{"@type":"WebPage","@id":"https:\/\/www.alimakgroup.com\/fr\/politique-de-confidentialite\/","url":"https:\/\/www.alimakgroup.com\/fr\/politique-de-confidentialite\/","name":"Politique de confidentialit\u00e9 - France","isPartOf":{"@id":"https:\/\/www.alimakgroup.com\/fr\/#website"},"datePublished":"2022-07-28T02:45:54+00:00","dateModified":"2023-07-11T16:54:08+00:00","inLanguage":"fr-FR","potentialAction":[{"@type":"ReadAction","target":["https:\/\/www.alimakgroup.com\/fr\/politique-de-confidentialite\/"]}]},{"@type":"WebSite","@id":"https:\/\/www.alimakgroup.com\/fr\/#website","url":"https:\/\/www.alimakgroup.com\/fr\/","name":"France","description":"Just another WordPress site","potentialAction":[{"@type":"SearchAction","target":{"@type":"EntryPoint","urlTemplate":"https:\/\/www.alimakgroup.com\/fr\/?s={search_term_string}"},"query-input":{"@type":"PropertyValueSpecification","valueRequired":true,"valueName":"search_term_string"}}],"inLanguage":"fr-FR"}]}},"_links":{"self":[{"href":"https:\/\/www.alimakgroup.com\/fr\/wp-json\/wp\/v2\/pages\/611","targetHints":{"allow":["GET"]}}],"collection":[{"href":"https:\/\/www.alimakgroup.com\/fr\/wp-json\/wp\/v2\/pages"}],"about":[{"href":"https:\/\/www.alimakgroup.com\/fr\/wp-json\/wp\/v2\/types\/page"}],"author":[{"embeddable":true,"href":"https:\/\/www.alimakgroup.com\/fr\/wp-json\/wp\/v2\/users\/1"}],"replies":[{"embeddable":true,"href":"https:\/\/www.alimakgroup.com\/fr\/wp-json\/wp\/v2\/comments?post=611"}],"version-history":[{"count":5,"href":"https:\/\/www.alimakgroup.com\/fr\/wp-json\/wp\/v2\/pages\/611\/revisions"}],"predecessor-version":[{"id":616,"href":"https:\/\/www.alimakgroup.com\/fr\/wp-json\/wp\/v2\/pages\/611\/revisions\/616"}],"wp:attachment":[{"href":"https:\/\/www.alimakgroup.com\/fr\/wp-json\/wp\/v2\/media?parent=611"}],"curies":[{"name":"wp","href":"https:\/\/api.w.org\/{rel}","templated":true}]}}