{"id":60,"date":"2022-07-28T02:27:01","date_gmt":"2022-07-28T02:27:01","guid":{"rendered":"https:\/\/www.alimakgroup.com\/?page_id=60"},"modified":"2022-11-26T05:10:27","modified_gmt":"2022-11-26T05:10:27","slug":"services","status":"publish","type":"page","link":"https:\/\/www.alimakgroup.com\/fr\/services\/","title":{"rendered":"Services"},"content":{"rendered":"\n<section class=\"inner_banner_wrap\">\n    <div class=\"banner_pg\" style=\"background:url(https:\/\/www.alimakgroup.com\/fr\/wp-content\/uploads\/sites\/9\/2022\/08\/Services-Feature-Image-2000x344_c.jpg) center no-repeat; background-size:cover;\">\n    \t        <div class=\"b1\"><div class=\"b2\">\n            <div class=\"content_holder\">\n                <h1>Solutions de service<\/h1>\n            <\/div>\n        <\/div><\/div>\n            <\/div>\n<\/section>\n\n\n\n\n<section class=\"contents_block  \">\n    <div class=\"content_holder\">\n    \t<h5>Le Groupe Alimak dispose d&rsquo;une base install\u00e9e de plus de 67 000 \u00e9l\u00e9vateurs, monte-charges, plates-formes, \u00e9l\u00e9vateurs de service et unit\u00e9s d&rsquo;entretien de b\u00e2timents dans le monde entier. Le Groupe Alimak utilise ses techniciens dans le monde entier pour fournir \u00e0 ses clients les plus hauts niveaux de disponibilit\u00e9 et de s\u00e9curit\u00e9 des produits &#8211; nous sommes des experts de la maintenance des \u00e9quipements d&rsquo;acc\u00e8s vertical.<\/h5>\n<p>O\u00f9 que votre \u00e9quipement se trouve dans le monde, le Groupe Alimak propose une gamme de solutions adapt\u00e9es pour maximiser la productivit\u00e9 de votre \u00e9quipement tout en r\u00e9pondant aux exigences du secteur de l&rsquo;acc\u00e8s vertical. Par l&rsquo;interm\u00e9diaire de nos centres de service et de nos distributeurs agr\u00e9\u00e9s soigneusement s\u00e9lectionn\u00e9s dans plus de 100 pays, le Groupe Alimak propose des offres compl\u00e8tes con\u00e7ues pour prendre soin de vos produits et des personnes qui les utilisent pendant toute la dur\u00e9e de vie de l&rsquo;\u00e9quipement.<\/p>\n    <\/div>\n<\/section>\n\n\n\n    <section class=\"services_list\">\n        <div class=\"content_holder\">\n            <div class=\"s_list flex\">\n            \t                            <div class=\"s_item\">                            \n                                                                <div class=\"s_icon\">\n                                                                                                <img decoding=\"async\" src=\"https:\/\/www.alimakgroup.com\/fr\/wp-content\/uploads\/sites\/9\/2022\/07\/service_1.svg\" alt=\"Inspections, s\u00e9curit\u00e9 et conformit\u00e9\" title=\"Inspections, s\u00e9curit\u00e9 et conformit\u00e9\">\n                                                                <\/div>\n                                                                \n                                                                <h3>\n                                                                Inspections, s\u00e9curit\u00e9 et conformit\u00e9                                                                <\/h3>\n                                                                \n                                <p>Programmes d&rsquo;inspection de routine pour garantir la s\u00e9curit\u00e9 et la conformit\u00e9 des \u00e9quipements<\/p>\n                            <\/div>\n                                                        <div class=\"s_item\">                            \n                                                                <div class=\"s_icon\">\n                                                                                                <img decoding=\"async\" src=\"https:\/\/www.alimakgroup.com\/fr\/wp-content\/uploads\/sites\/9\/2022\/07\/service_2.svg\" alt=\"Service de maintenance\" title=\"Service de maintenance\">\n                                                                <\/div>\n                                                                \n                                                                <h3>\n                                                                Service de maintenance                                                                <\/h3>\n                                                                \n                                <p>Gamme compl\u00e8te de contrats de service, de programmes d&rsquo;entretien et de solutions de r\u00e9paration<\/p>\n                            <\/div>\n                                                        <div class=\"s_item\">                            \n                                                                <div class=\"s_icon\">\n                                                                                                <img decoding=\"async\" src=\"https:\/\/www.alimakgroup.com\/fr\/wp-content\/uploads\/sites\/9\/2022\/07\/service_3.svg\" alt=\"Formation\" title=\"Formation\">\n                                                                <\/div>\n                                                                \n                                                                <h3>\n                                                                Formation                                                                <\/h3>\n                                                                \n                                <p>Formation en classe et en ligne pour soutenir l&rsquo;exploitation, la maintenance et l&rsquo;installation s\u00fbres des \u00e9quipements<\/p>\n                            <\/div>\n                                                        <div class=\"s_item\">                            \n                                                                <div class=\"s_icon\">\n                                                                                                <img decoding=\"async\" src=\"https:\/\/www.alimakgroup.com\/fr\/wp-content\/uploads\/sites\/9\/2022\/07\/service_4.svg\" alt=\"Gestion des actifs\" title=\"Gestion des actifs\">\n                                                                <\/div>\n                                                                \n                                                                <h3>\n                                                                Gestion des actifs                                                                <\/h3>\n                                                                \n                                <p>La surveillance \u00e0 distance, les solutions de service et les professionnels experts du service apr\u00e8s-vente s&rsquo;associent pour fournir un cycle de vie complet de l&rsquo;\u00e9quipement et des solutions orient\u00e9es client<\/p>\n                            <\/div>\n                                                        <div class=\"s_item\">                            \n                                                                <div class=\"s_icon\">\n                                                                                                <img decoding=\"async\" src=\"https:\/\/www.alimakgroup.com\/fr\/wp-content\/uploads\/sites\/9\/2022\/07\/service_5.svg\" alt=\"Pi\u00e8ces d\u00e9tach\u00e9es d'origine\" title=\"Pi\u00e8ces d\u00e9tach\u00e9es d'origine\">\n                                                                <\/div>\n                                                                \n                                                                <h3>\n                                                                Pi\u00e8ces d\u00e9tach\u00e9es d&rsquo;origine                                                                <\/h3>\n                                                                \n                                <p>Les pi\u00e8ces d\u00e9tach\u00e9es d&rsquo;origine prolongent la dur\u00e9e de vie de la machine et optimisent les performances<\/p>\n                            <\/div>\n                                                        <div class=\"s_item\">                            \n                                                                <div class=\"s_icon\">\n                                                                                                <img decoding=\"async\" src=\"https:\/\/www.alimakgroup.com\/fr\/wp-content\/uploads\/sites\/9\/2022\/07\/service_6.svg\" alt=\"Solutions de remise \u00e0 neuf\" title=\"Solutions de remise \u00e0 neuf\">\n                                                                <\/div>\n                                                                \n                                                                <h3>\n                                                                Solutions de remise \u00e0 neuf                                                                <\/h3>\n                                                                \n                                <p>Redonnez vie \u00e0 une machine vieillissante en la r\u00e9novant ou en la modernisant de mani\u00e8re rentable<\/p>\n                            <\/div>\n                                        <\/div>\n        <\/div>\n    <\/section>\n\n\n\n<section class=\"contents_block  \">\n    <div class=\"content_holder\">\n    \t<p>Choisir le Groupe Alimak pour l&rsquo;entretien de votre \u00e9quipement vous apporte une totale tranquillit\u00e9 d&rsquo;esprit en sachant que votre \u00e9quipement et les personnes qui l&rsquo;utilisent sont en s\u00e9curit\u00e9 et productifs, ce qui vous permet de vous concentrer sur l&rsquo;optimisation du potentiel de rendement de votre actif. En tant que prestataire de services sp\u00e9cialis\u00e9, issu de la r\u00e9union des grandes marques Alimak, Tractel, CoxGomyl, Manntech et Avanti, le Groupe Alimak s&rsquo;efforce de fournir le service le plus performant du secteur, au plus pr\u00e8s de ses clients.<\/p>\n<p>Le groupe Alimak fournit \u00e9galement des solutions de service pour les \u00e9quipements d&rsquo;acc\u00e8s vertical venant d&rsquo;autres fabricants.<\/p>\n    <\/div>\n<\/section>\n\n","protected":false},"excerpt":{"rendered":"","protected":false},"author":1,"featured_media":0,"parent":0,"menu_order":1,"comment_status":"closed","ping_status":"closed","template":"","meta":{"_acf_changed":false,"_trash_the_other_posts":false,"editor_notices":[],"footnotes":""},"class_list":["post-60","page","type-page","status-publish","hentry"],"acf":[],"yoast_head":"<!-- This site is optimized with the Yoast SEO plugin v27.3 - https:\/\/yoast.com\/product\/yoast-seo-wordpress\/ -->\n<title>Services - France<\/title>\n<meta name=\"robots\" content=\"index, follow, max-snippet:-1, max-image-preview:large, max-video-preview:-1\" \/>\n<link rel=\"canonical\" href=\"https:\/\/www.alimakgroup.com\/fr\/services\/\" \/>\n<meta property=\"og:locale\" content=\"fr_FR\" \/>\n<meta property=\"og:type\" content=\"article\" \/>\n<meta property=\"og:title\" content=\"Services - France\" \/>\n<meta property=\"og:url\" content=\"https:\/\/www.alimakgroup.com\/fr\/services\/\" \/>\n<meta property=\"og:site_name\" content=\"France\" \/>\n<meta property=\"article:modified_time\" content=\"2022-11-26T05:10:27+00:00\" \/>\n<meta name=\"twitter:card\" content=\"summary_large_image\" \/>\n<script type=\"application\/ld+json\" class=\"yoast-schema-graph\">{\"@context\":\"https:\\\/\\\/schema.org\",\"@graph\":[{\"@type\":\"WebPage\",\"@id\":\"https:\\\/\\\/www.alimakgroup.com\\\/fr\\\/services\\\/\",\"url\":\"https:\\\/\\\/www.alimakgroup.com\\\/fr\\\/services\\\/\",\"name\":\"Services - France\",\"isPartOf\":{\"@id\":\"https:\\\/\\\/www.alimakgroup.com\\\/fr\\\/#website\"},\"datePublished\":\"2022-07-28T02:27:01+00:00\",\"dateModified\":\"2022-11-26T05:10:27+00:00\",\"inLanguage\":\"fr-FR\",\"potentialAction\":[{\"@type\":\"ReadAction\",\"target\":[\"https:\\\/\\\/www.alimakgroup.com\\\/fr\\\/services\\\/\"]}]},{\"@type\":\"WebSite\",\"@id\":\"https:\\\/\\\/www.alimakgroup.com\\\/fr\\\/#website\",\"url\":\"https:\\\/\\\/www.alimakgroup.com\\\/fr\\\/\",\"name\":\"France\",\"description\":\"Just another WordPress site\",\"potentialAction\":[{\"@type\":\"SearchAction\",\"target\":{\"@type\":\"EntryPoint\",\"urlTemplate\":\"https:\\\/\\\/www.alimakgroup.com\\\/fr\\\/?s={search_term_string}\"},\"query-input\":{\"@type\":\"PropertyValueSpecification\",\"valueRequired\":true,\"valueName\":\"search_term_string\"}}],\"inLanguage\":\"fr-FR\"}]}<\/script>\n<!-- \/ Yoast SEO plugin. -->","yoast_head_json":{"title":"Services - France","robots":{"index":"index","follow":"follow","max-snippet":"max-snippet:-1","max-image-preview":"max-image-preview:large","max-video-preview":"max-video-preview:-1"},"canonical":"https:\/\/www.alimakgroup.com\/fr\/services\/","og_locale":"fr_FR","og_type":"article","og_title":"Services - France","og_url":"https:\/\/www.alimakgroup.com\/fr\/services\/","og_site_name":"France","article_modified_time":"2022-11-26T05:10:27+00:00","twitter_card":"summary_large_image","schema":{"@context":"https:\/\/schema.org","@graph":[{"@type":"WebPage","@id":"https:\/\/www.alimakgroup.com\/fr\/services\/","url":"https:\/\/www.alimakgroup.com\/fr\/services\/","name":"Services - France","isPartOf":{"@id":"https:\/\/www.alimakgroup.com\/fr\/#website"},"datePublished":"2022-07-28T02:27:01+00:00","dateModified":"2022-11-26T05:10:27+00:00","inLanguage":"fr-FR","potentialAction":[{"@type":"ReadAction","target":["https:\/\/www.alimakgroup.com\/fr\/services\/"]}]},{"@type":"WebSite","@id":"https:\/\/www.alimakgroup.com\/fr\/#website","url":"https:\/\/www.alimakgroup.com\/fr\/","name":"France","description":"Just another WordPress site","potentialAction":[{"@type":"SearchAction","target":{"@type":"EntryPoint","urlTemplate":"https:\/\/www.alimakgroup.com\/fr\/?s={search_term_string}"},"query-input":{"@type":"PropertyValueSpecification","valueRequired":true,"valueName":"search_term_string"}}],"inLanguage":"fr-FR"}]}},"_links":{"self":[{"href":"https:\/\/www.alimakgroup.com\/fr\/wp-json\/wp\/v2\/pages\/60","targetHints":{"allow":["GET"]}}],"collection":[{"href":"https:\/\/www.alimakgroup.com\/fr\/wp-json\/wp\/v2\/pages"}],"about":[{"href":"https:\/\/www.alimakgroup.com\/fr\/wp-json\/wp\/v2\/types\/page"}],"author":[{"embeddable":true,"href":"https:\/\/www.alimakgroup.com\/fr\/wp-json\/wp\/v2\/users\/1"}],"replies":[{"embeddable":true,"href":"https:\/\/www.alimakgroup.com\/fr\/wp-json\/wp\/v2\/comments?post=60"}],"version-history":[{"count":20,"href":"https:\/\/www.alimakgroup.com\/fr\/wp-json\/wp\/v2\/pages\/60\/revisions"}],"predecessor-version":[{"id":553,"href":"https:\/\/www.alimakgroup.com\/fr\/wp-json\/wp\/v2\/pages\/60\/revisions\/553"}],"wp:attachment":[{"href":"https:\/\/www.alimakgroup.com\/fr\/wp-json\/wp\/v2\/media?parent=60"}],"curies":[{"name":"wp","href":"https:\/\/api.w.org\/{rel}","templated":true}]}}