{"id":73,"date":"2022-07-28T02:29:43","date_gmt":"2022-07-28T02:29:43","guid":{"rendered":"https:\/\/www.alimakgroup.com\/?page_id=73"},"modified":"2025-11-14T13:29:59","modified_gmt":"2025-11-14T13:29:59","slug":"branchen","status":"publish","type":"page","link":"https:\/\/www.alimakgroup.com\/de\/branchen\/","title":{"rendered":"Branchen"},"content":{"rendered":"\n<section class=\"inner_banner_wrap\">\n    <div class=\"banner_pg\" style=\"background:url(https:\/\/www.alimakgroup.com\/de\/wp-content\/uploads\/sites\/10\/2022\/08\/Industries-Feature-Image-2000x344_c.jpg) center no-repeat; background-size:cover;\">\n    \t        <div class=\"b1\"><div class=\"b2\">\n            <div class=\"content_holder\">\n                <h1>Branchen<\/h1>\n            <\/div>\n        <\/div><\/div>\n            <\/div>\n<\/section>\n\n\n\n\n<section class=\"contents_block  \">\n    <div class=\"content_holder\">\n    \t<h5>Die Produkte und L\u00f6sungen der Alimak Group werden unter den Handelsmarken Alimak, Scanclimber, Tractel, CoxGomyl, Manntech und Avanti verkauft; globale Handelsmarken mit hohem Bekanntheitsgrad, die f\u00fcr ihre f\u00fchrende Sicherheitsbilanz, hohe Qualit\u00e4t und Langlebigkeit bekannt sind.<\/h5>\n    <\/div>\n<\/section>\n\n\n\n<section class=\"industry_block industrie \">\n    <div class=\"content_holder\">   \n    \t        <div class=\"flex \">\n                <div class=\"ind_txts\">\n            <h3>Industrie<\/h3>\n<p>Alimak ist weltweit f&#252;hrend und Vorreiter bei der Entwicklung und Herstellung von H&#246;henzugangsl&#246;sungen f&#252;r die Industriebranche. Weltweit hat Alimak mehr als 23.000 H&#246;henzugangsl&#246;sungen f&#252;r zahlreiche Branchen zur Steigerung der Effizienz installiert. Alimak-Industrieaufz&#252;ge sind aufgrund ihres robusten und zuverl&#228;ssigen Designs begehrt und bieten eine dauerhafte H&#246;henzugangsl&#246;sung. Es sind Modelle erh&#228;ltlich, die den spezifischen Anforderungen zahlreicher Branchen und Umgebungen gerecht werden.<\/p>\n                        <div class=\"s_links\">\n            \t<p><a href=\"http:\/\/www.alimak.com\" target=\"_blank\" rel=\"noopener\">www.alimak.com<\/a><\/p>\n            <\/div>\n                    <\/div>\n                \n        <div class=\"ind_img\">\n            <div class=\" flex\">\n            \t\t                <div class=\"in_img\" style=\"background:url(https:\/\/www.alimakgroup.com\/de\/wp-content\/uploads\/sites\/10\/2022\/07\/industry_1-400x600_c.jpg) center no-repeat; background-size:cover;\"><img decoding=\"async\" src=\"https:\/\/www.alimakgroup.com\/de\/wp-content\/uploads\/sites\/10\/2022\/07\/industry_1-400x600_c.jpg\" alt=\"\"><\/div>\n                                \t                <div class=\"in_img\" style=\"background:url(https:\/\/www.alimakgroup.com\/de\/wp-content\/uploads\/sites\/10\/2022\/07\/industry_2-400x600_c.jpg) center no-repeat; background-size:cover;\"><img decoding=\"async\" src=\"https:\/\/www.alimakgroup.com\/de\/wp-content\/uploads\/sites\/10\/2022\/07\/industry_2-400x600_c.jpg\" alt=\"\"><\/div>\n                                \t                <div class=\"in_img\" style=\"background:url(https:\/\/www.alimakgroup.com\/de\/wp-content\/uploads\/sites\/10\/2022\/07\/industry_3-400x600_c.jpg) center no-repeat; background-size:cover;\"><img decoding=\"async\" src=\"https:\/\/www.alimakgroup.com\/de\/wp-content\/uploads\/sites\/10\/2022\/07\/industry_3-400x600_c.jpg\" alt=\"\"><\/div>\n                            <\/div>\n        <\/div>\n        <\/div>\n    <\/div>\n<\/section>\n\n\n<section class=\"industry_block bauwesen industry_block_white\">\n    <div class=\"content_holder\">   \n    \t        <div class=\"flex \">\n                <div class=\"ind_txts\">\n            <h3>Bauwesen<\/h3>\n<p>Seit &#252;ber 70 Jahren leistet Alimak Pionierarbeit in der H&#246;henzugangsbranche und liefert weitreichende H&#246;henzugangsl&#246;sungen, um die Anforderungen zahlreicher Bauprojekte auf der ganzen Welt zu erf&#252;llen. H&#246;henzugangsl&#246;sungen von Alimak kamen beim Bau der h&#246;chsten Geb&#228;ude, l&#228;ngsten Br&#252;cken und bekanntesten Wahrzeichen der Welt zum Einsatz. Bauaufz&#252;ge und Transportplattformen von Alimak sorgen in der gesamten Bauindustrie f&#252;r einen effizienten und zuverl&#228;ssigen Transport von Personen und Material.<\/p>\n                        <div class=\"s_links\">\n            \t<p><a href=\"http:\/\/www.alimak.com\">www.alimak.com<\/a> | <a href=\"http:\/\/www.scanclimber.com\">www.scanclimber.com<\/a><\/p>\n            <\/div>\n                    <\/div>\n                \n        <div class=\"ind_img\">\n            <div class=\" flex\">\n            \t\t                <div class=\"in_img\" style=\"background:url(https:\/\/www.alimakgroup.com\/de\/wp-content\/uploads\/sites\/10\/2022\/07\/industry_4-400x600_c.jpg) center no-repeat; background-size:cover;\"><img decoding=\"async\" src=\"https:\/\/www.alimakgroup.com\/de\/wp-content\/uploads\/sites\/10\/2022\/07\/industry_4-400x600_c.jpg\" alt=\"\"><\/div>\n                                \t                <div class=\"in_img\" style=\"background:url(https:\/\/www.alimakgroup.com\/de\/wp-content\/uploads\/sites\/10\/2022\/07\/industry_5-400x600_c.jpg) center no-repeat; background-size:cover;\"><img decoding=\"async\" src=\"https:\/\/www.alimakgroup.com\/de\/wp-content\/uploads\/sites\/10\/2022\/07\/industry_5-400x600_c.jpg\" alt=\"\"><\/div>\n                                \t                <div class=\"in_img\" style=\"background:url(https:\/\/www.alimakgroup.com\/de\/wp-content\/uploads\/sites\/10\/2022\/07\/industry_6-400x600_c.jpg) center no-repeat; background-size:cover;\"><img decoding=\"async\" src=\"https:\/\/www.alimakgroup.com\/de\/wp-content\/uploads\/sites\/10\/2022\/07\/industry_6-400x600_c.jpg\" alt=\"\"><\/div>\n                            <\/div>\n        <\/div>\n        <\/div>\n    <\/div>\n<\/section>\n\n\n<section class=\"industry_block fassaden_zugang \">\n    <div class=\"content_holder\">   \n    \t        <div class=\"flex \">\n                <div class=\"ind_txts\">\n            <h3>Fassadenzugang<\/h3>\n<p>CoxGomyl, Tractel und Manntech sind mit &#252;ber 120 Jahren gemeinsamer Erfahrung auf der ganzen Welt pr&#228;sent und sind Branchenpioniere und Innovatoren, die optimale Systeme zur Geb&#228;udeinstandhaltung f&#252;r jede Geb&#228;udestruktur anbieten, unabh&#228;ngig von ihrer Einfachheit oder Komplexit&#228;t. Die Kombination der Marken bietet die zuverl&#228;ssigsten und effizientesten Geb&#228;udezugangsl&#246;sungen, die auf bew&#228;hrten Technologien basieren, einzigartige Leistung bieten und gleichzeitig die h&#246;chsten Sicherheits- und Qualit&#228;tsstandards erf&#252;llen.<\/p>\n                        <div class=\"s_links\">\n            \t<p><a href=\"https:\/\/facadeaccesssolutions.com\/\" target=\"_blank\" rel=\"noopener\">www.facadeaccesssolutions.com<\/a><\/p>\n            <\/div>\n                    <\/div>\n                \n        <div class=\"ind_img\">\n            <div class=\" flex\">\n            \t\t                <div class=\"in_img\" style=\"background:url(https:\/\/www.alimakgroup.com\/de\/wp-content\/uploads\/sites\/10\/2022\/07\/industry_7-400x600_c.jpg) center no-repeat; background-size:cover;\"><img decoding=\"async\" src=\"https:\/\/www.alimakgroup.com\/de\/wp-content\/uploads\/sites\/10\/2022\/07\/industry_7-400x600_c.jpg\" alt=\"\"><\/div>\n                                \t                <div class=\"in_img\" style=\"background:url(https:\/\/www.alimakgroup.com\/de\/wp-content\/uploads\/sites\/10\/2022\/07\/industry_8-400x600_c.jpg) center no-repeat; background-size:cover;\"><img decoding=\"async\" src=\"https:\/\/www.alimakgroup.com\/de\/wp-content\/uploads\/sites\/10\/2022\/07\/industry_8-400x600_c.jpg\" alt=\"\"><\/div>\n                                \t                <div class=\"in_img\" style=\"background:url(https:\/\/www.alimakgroup.com\/de\/wp-content\/uploads\/sites\/10\/2022\/07\/industry_9-400x600_c.jpg) center no-repeat; background-size:cover;\"><img decoding=\"async\" src=\"https:\/\/www.alimakgroup.com\/de\/wp-content\/uploads\/sites\/10\/2022\/07\/industry_9-400x600_c.jpg\" alt=\"\"><\/div>\n                            <\/div>\n        <\/div>\n        <\/div>\n    <\/div>\n<\/section>\n\n\n<section class=\"industry_block wind industry_block_white\">\n    <div class=\"content_holder\">   \n    \t        <div class=\"flex \">\n                <div class=\"ind_txts\">\n            <h3>Wind<\/h3>\n<p>Avanti ist einer der weltweit f\u00fchrenden Anbieter f\u00fcr sicheres Arbeiten in Windkraftanlagen. Durch hochwertige Sicherheitsprodukte und -l\u00f6sungen f\u00fcr Windkraftt\u00fcrme hilft Avanti ihren Kunden, die Kosten der Windenergie wettbewerbsf\u00e4hig zu machen. Avanti ist Teil der Alimak Group und verf\u00fcgt \u00fcber Niederlassungen und Produktionsanlagen in allen wichtigen Windkraftm\u00e4rkten. Avanti hat weltweit mehr als 40.000 Serviceaufz\u00fcge sowie \u00fcber 10.000 Turmeinbauten installiert. In der Windkraftindustrie arbeiten mehr als 15.000 Avanti-Servicetechniker, die in Sachen Sicherheit von Avanti geschult und ausgebildet wurden \u2013 sowohl f\u00fcr Onshore- als auch f\u00fcr Offshore-Installationen.<\/p>\n                        <div class=\"s_links\">\n            \t<p><a href=\"https:\/\/www.avanti-online.com\/\" target=\"_blank\" rel=\"noopener\">www.avanti-online.com<\/a><\/p>\n            <\/div>\n                    <\/div>\n                \n        <div class=\"ind_img\">\n            <div class=\" flex\">\n            \t\t                <div class=\"in_img\" style=\"background:url(https:\/\/www.alimakgroup.com\/de\/wp-content\/uploads\/sites\/10\/2022\/07\/industry_10-400x600_c.jpg) center no-repeat; background-size:cover;\"><img decoding=\"async\" src=\"https:\/\/www.alimakgroup.com\/de\/wp-content\/uploads\/sites\/10\/2022\/07\/industry_10-400x600_c.jpg\" alt=\"\"><\/div>\n                                \t                <div class=\"in_img\" style=\"background:url(https:\/\/www.alimakgroup.com\/de\/wp-content\/uploads\/sites\/10\/2022\/07\/industry_11-400x600_c.jpg) center no-repeat; background-size:cover;\"><img decoding=\"async\" src=\"https:\/\/www.alimakgroup.com\/de\/wp-content\/uploads\/sites\/10\/2022\/07\/industry_11-400x600_c.jpg\" alt=\"\"><\/div>\n                                \t                <div class=\"in_img\" style=\"background:url(https:\/\/www.alimakgroup.com\/de\/wp-content\/uploads\/sites\/10\/2022\/07\/industry_12-400x600_c.jpg) center no-repeat; background-size:cover;\"><img decoding=\"async\" src=\"https:\/\/www.alimakgroup.com\/de\/wp-content\/uploads\/sites\/10\/2022\/07\/industry_12-400x600_c.jpg\" alt=\"\"><\/div>\n                            <\/div>\n        <\/div>\n        <\/div>\n    <\/div>\n<\/section>\n\n\n<section class=\"industry_block height_safety \">\n    <div class=\"content_holder\">   \n    \t    \t<div class=\"ind_title\"><h3>Height Safety &#038; Productivity Solutions<\/h3><\/div>\n                <div class=\"flex has_title\">\n                <div class=\"ind_txts\">\n            <p>Der Gesch\u00e4ftsbereich Height Safety &#038; Productivity Solutions wird von der Marke Tractel repr\u00e4sentiert. Tractel ist als weltweit f\u00fchrender Hersteller spezialisiert auf zuverl\u00e4ssige, innovative und qualitativ hochwertige Hebezeuge, Ausr\u00fcstungen zur Absturzsicherung und die zugeh\u00f6rigen Servicedienstleistungen.Der Gesch\u00e4ftsbereich hat Kunden in den Segmenten Industrie, Bauwesen, Energie, Telekommunikation und Infrastruktur. Alle Kunden werden mit umfassenden Service- und Supportl\u00f6sungen, einschlie\u00dflich Wartung und Schulung, unterst\u00fctzt. Im Bereich der Hebetechnik ist Tractel weltweit bekannt f\u00fcr Seilaufz\u00fcge zur Bef\u00f6rderung von Personen und Material, sowie f\u00fcr eine breite Palette an zugeh\u00f6riger Ausr\u00fcstung in der Hebetechnik. Das Portfolio umfasst pers\u00f6nliche Schutzausr\u00fcstungen gegen Absturz, Zugangssysteme f\u00fcr beengte R\u00e4ume, Systeme zur H\u00f6henrettung und installierte Systeme wie Sicherheitsleitern, Schutzgel\u00e4nder und Sicherungsseilsysteme.<\/p>\n                        <div class=\"s_links\">\n            \t<p><a href=\"https:\/\/www.tractel.com\/\" target=\"_blank\" rel=\"noopener\">www.tractel.com<\/a><\/p>\n            <\/div>\n                    <\/div>\n                \n        <div class=\"ind_img\">\n            <div class=\" flex\">\n            \t\t                <div class=\"in_img\" style=\"background:url(https:\/\/www.alimakgroup.com\/de\/wp-content\/uploads\/sites\/10\/2022\/11\/img_1-400x600_c.jpg) center no-repeat; background-size:cover;\"><img decoding=\"async\" src=\"https:\/\/www.alimakgroup.com\/de\/wp-content\/uploads\/sites\/10\/2022\/11\/img_1-400x600_c.jpg\" alt=\"\"><\/div>\n                                \t                <div class=\"in_img\" style=\"background:url(https:\/\/www.alimakgroup.com\/de\/wp-content\/uploads\/sites\/10\/2022\/11\/img_2-400x600_c.jpg) center no-repeat; background-size:cover;\"><img decoding=\"async\" src=\"https:\/\/www.alimakgroup.com\/de\/wp-content\/uploads\/sites\/10\/2022\/11\/img_2-400x600_c.jpg\" alt=\"\"><\/div>\n                                \t                <div class=\"in_img\" style=\"background:url(https:\/\/www.alimakgroup.com\/de\/wp-content\/uploads\/sites\/10\/2022\/11\/img_3-400x600_c.jpg) center no-repeat; background-size:cover;\"><img decoding=\"async\" src=\"https:\/\/www.alimakgroup.com\/de\/wp-content\/uploads\/sites\/10\/2022\/11\/img_3-400x600_c.jpg\" alt=\"\"><\/div>\n                            <\/div>\n        <\/div>\n        <\/div>\n    <\/div>\n<\/section>\n","protected":false},"excerpt":{"rendered":"","protected":false},"author":1,"featured_media":0,"parent":0,"menu_order":2,"comment_status":"closed","ping_status":"closed","template":"","meta":{"_acf_changed":false,"_trash_the_other_posts":false,"editor_notices":[],"footnotes":""},"class_list":["post-73","page","type-page","status-publish","hentry"],"acf":[],"yoast_head":"<!-- This site is optimized with the Yoast SEO plugin v27.3 - https:\/\/yoast.com\/product\/yoast-seo-wordpress\/ -->\n<title>Branchen - Germany<\/title>\n<meta name=\"robots\" content=\"index, follow, max-snippet:-1, max-image-preview:large, max-video-preview:-1\" \/>\n<link rel=\"canonical\" href=\"https:\/\/www.alimakgroup.com\/de\/branchen\/\" \/>\n<meta property=\"og:locale\" content=\"de_DE\" \/>\n<meta property=\"og:type\" content=\"article\" \/>\n<meta property=\"og:title\" content=\"Branchen - Germany\" \/>\n<meta property=\"og:url\" content=\"https:\/\/www.alimakgroup.com\/de\/branchen\/\" \/>\n<meta property=\"og:site_name\" content=\"Germany\" \/>\n<meta property=\"article:modified_time\" content=\"2025-11-14T13:29:59+00:00\" \/>\n<meta name=\"twitter:card\" content=\"summary_large_image\" \/>\n<script type=\"application\/ld+json\" class=\"yoast-schema-graph\">{\"@context\":\"https:\\\/\\\/schema.org\",\"@graph\":[{\"@type\":\"WebPage\",\"@id\":\"https:\\\/\\\/www.alimakgroup.com\\\/de\\\/branchen\\\/\",\"url\":\"https:\\\/\\\/www.alimakgroup.com\\\/de\\\/branchen\\\/\",\"name\":\"Branchen - Germany\",\"isPartOf\":{\"@id\":\"https:\\\/\\\/www.alimakgroup.com\\\/de\\\/#website\"},\"datePublished\":\"2022-07-28T02:29:43+00:00\",\"dateModified\":\"2025-11-14T13:29:59+00:00\",\"inLanguage\":\"de\",\"potentialAction\":[{\"@type\":\"ReadAction\",\"target\":[\"https:\\\/\\\/www.alimakgroup.com\\\/de\\\/branchen\\\/\"]}]},{\"@type\":\"WebSite\",\"@id\":\"https:\\\/\\\/www.alimakgroup.com\\\/de\\\/#website\",\"url\":\"https:\\\/\\\/www.alimakgroup.com\\\/de\\\/\",\"name\":\"Germany\",\"description\":\"Just another WordPress site\",\"potentialAction\":[{\"@type\":\"SearchAction\",\"target\":{\"@type\":\"EntryPoint\",\"urlTemplate\":\"https:\\\/\\\/www.alimakgroup.com\\\/de\\\/?s={search_term_string}\"},\"query-input\":{\"@type\":\"PropertyValueSpecification\",\"valueRequired\":true,\"valueName\":\"search_term_string\"}}],\"inLanguage\":\"de\"}]}<\/script>\n<!-- \/ Yoast SEO plugin. -->","yoast_head_json":{"title":"Branchen - Germany","robots":{"index":"index","follow":"follow","max-snippet":"max-snippet:-1","max-image-preview":"max-image-preview:large","max-video-preview":"max-video-preview:-1"},"canonical":"https:\/\/www.alimakgroup.com\/de\/branchen\/","og_locale":"de_DE","og_type":"article","og_title":"Branchen - Germany","og_url":"https:\/\/www.alimakgroup.com\/de\/branchen\/","og_site_name":"Germany","article_modified_time":"2025-11-14T13:29:59+00:00","twitter_card":"summary_large_image","schema":{"@context":"https:\/\/schema.org","@graph":[{"@type":"WebPage","@id":"https:\/\/www.alimakgroup.com\/de\/branchen\/","url":"https:\/\/www.alimakgroup.com\/de\/branchen\/","name":"Branchen - Germany","isPartOf":{"@id":"https:\/\/www.alimakgroup.com\/de\/#website"},"datePublished":"2022-07-28T02:29:43+00:00","dateModified":"2025-11-14T13:29:59+00:00","inLanguage":"de","potentialAction":[{"@type":"ReadAction","target":["https:\/\/www.alimakgroup.com\/de\/branchen\/"]}]},{"@type":"WebSite","@id":"https:\/\/www.alimakgroup.com\/de\/#website","url":"https:\/\/www.alimakgroup.com\/de\/","name":"Germany","description":"Just another WordPress site","potentialAction":[{"@type":"SearchAction","target":{"@type":"EntryPoint","urlTemplate":"https:\/\/www.alimakgroup.com\/de\/?s={search_term_string}"},"query-input":{"@type":"PropertyValueSpecification","valueRequired":true,"valueName":"search_term_string"}}],"inLanguage":"de"}]}},"_links":{"self":[{"href":"https:\/\/www.alimakgroup.com\/de\/wp-json\/wp\/v2\/pages\/73","targetHints":{"allow":["GET"]}}],"collection":[{"href":"https:\/\/www.alimakgroup.com\/de\/wp-json\/wp\/v2\/pages"}],"about":[{"href":"https:\/\/www.alimakgroup.com\/de\/wp-json\/wp\/v2\/types\/page"}],"author":[{"embeddable":true,"href":"https:\/\/www.alimakgroup.com\/de\/wp-json\/wp\/v2\/users\/1"}],"replies":[{"embeddable":true,"href":"https:\/\/www.alimakgroup.com\/de\/wp-json\/wp\/v2\/comments?post=73"}],"version-history":[{"count":28,"href":"https:\/\/www.alimakgroup.com\/de\/wp-json\/wp\/v2\/pages\/73\/revisions"}],"predecessor-version":[{"id":706,"href":"https:\/\/www.alimakgroup.com\/de\/wp-json\/wp\/v2\/pages\/73\/revisions\/706"}],"wp:attachment":[{"href":"https:\/\/www.alimakgroup.com\/de\/wp-json\/wp\/v2\/media?parent=73"}],"curies":[{"name":"wp","href":"https:\/\/api.w.org\/{rel}","templated":true}]}}