{"id":695,"date":"2024-07-16T06:11:36","date_gmt":"2024-07-16T06:11:36","guid":{"rendered":"https:\/\/www.alimakgroup.com\/de\/legal-notice-deutsch\/"},"modified":"2024-07-16T06:32:17","modified_gmt":"2024-07-16T06:32:17","slug":"legal-notice-deutsch","status":"publish","type":"page","link":"https:\/\/www.alimakgroup.com\/de\/legal-notice-deutsch\/","title":{"rendered":"Impressum"},"content":{"rendered":"\n<section class=\"inner_banner_wrap\">\n    <div class=\"banner_pg\" style=\"background:url(https:\/\/www.alimakgroup.com\/de\/wp-content\/uploads\/sites\/10\/2024\/01\/Asset-Data-Management-Feature-Image-2000x344_c.jpg) center no-repeat; background-size:cover;\">\n    \t        <div class=\"b1\"><div class=\"b2\">\n            <div class=\"content_holder\">\n                <h1>Impressum<\/h1>\n            <\/div>\n        <\/div><\/div>\n            <\/div>\n<\/section>\n\n\n\n\n<section class=\"contents_block  remove_bs\">\n    <div class=\"content_holder\">\n    \t<h2>Alimak Group AB (publ)<\/h2>\n<p class=\"p1\">Alimak Group AB (publ) ist mit seinen Tochtergesellschaften (\u201eAlimak Group\u201c) ein globaler Anbieter nachhaltiger L\u00f6sungen f\u00fcr den vertikalen Zugang und Arbeiten in der H\u00f6he mit Pr\u00e4senz in \u00fcber 120 L\u00e4ndern. Die Alimak Group entwickelt, fertigt, verkauft und wartet L\u00f6sungen f\u00fcr den vertikalen Zugang und Arbeiten in der H\u00f6he mit dem Schwerpunkt, den Kundennutzen durch verbesserte Sicherheit, h\u00f6here Produktivit\u00e4t und verbesserte Kosteneffizienz zu steigern.<\/p>\n<h3>GEISTIGES EIGENTUM<\/h3>\n<h4>Urheberrechts- und Vervielf\u00e4ltigungshinweis<\/h4>\n<h4>Copyright \u00a9 2024 Alimak Group. Alle Rechte vorbehalten.<\/h4>\n<p>Der Inhalt der Websites der Alimak Group ist durch internationale Urheberrechtskonventionen gesch\u00fctzt. Die Seitenkopfzeilen, benutzerdefinierten Grafiken, Schaltfl\u00e4chensymbole, Stilvorlagen und Skripte, die zum \u201eLook and Feel\u201c der Site beitragen, sind Dienstleistungsmarken, Warenzeichen und\/oder Handelsaufmachungen der Alimak Group und d\u00fcrfen ohne unsere vorherige schriftliche Zustimmung weder ganz noch teilweise in Verbindung mit einem Produkt oder einer Dienstleistung kopiert, nachgeahmt oder verwendet werden, und zwar in einer Weise, die bei Kunden wahrscheinlich Verwirrung stiftet, oder in einer Weise, die die Alimak Group herabsetzt oder in Verruf bringt. Die Vervielf\u00e4ltigung angemessener Teile des Inhalts der Websites ist nur zul\u00e4ssig, sofern (i) diese Vervielf\u00e4ltigungen kostenlos und f\u00fcr nichtkommerzielle Zwecke zur Verf\u00fcgung gestellt werden, (ii) diese Vervielf\u00e4ltigungen ordnungsgem\u00e4\u00df der Alimak Group zugeschrieben werden, (iii) der reproduzierte Teil der Website nicht ver\u00e4ndert oder in einer Weise zur Verf\u00fcgung gestellt wird, die den Inhalt der Website ver\u00e4ndert oder den reproduzierten Teil der Website in einem falschen Licht darstellt, und (iv) auf die auf der Website enthaltenen Haftungsausschl\u00fcsse hingewiesen wird. Die Erlaubnis zum erneuten Kopieren beinhaltet nicht die Einbindung wesentlicher Teile der Websites in Arbeiten oder Ver\u00f6ffentlichungen, sei es in gedruckter, elektronischer oder sonstiger Form oder f\u00fcr kommerzielle Zwecke.<\/p>\n<h3>Warenzeichen<\/h3>\n<p><strong>ALIMAK, AVANTI, COXGOMYL, MANNTECH, SCANCLIMBER, TRACTEL<\/strong> und zugeh\u00f6rige Logos sind eingetragene Marken der Alimak Group AB und ihrer Tochtergesellschaften in mehreren Rechtsgebieten, darunter, aber nicht beschr\u00e4nkt auf, die EU und die Vereinigten Staaten. Die Alimak Group beh\u00e4lt alle Rechte an ihrem Namen und an den oben genannten Marken sowie an anderen auf der Website genannten Marken und Produktnamen, unabh\u00e4ngig davon, ob sie eingetragen sind oder nicht (die \u201eMarken\u201c). Sie d\u00fcrfen die Marken nicht ohne unsere vorherige schriftliche Zustimmung verwenden; Sie d\u00fcrfen die Marken nicht in einer Weise verwenden, die wahrscheinlich Verwirrung dar\u00fcber stiftet, ob wir die Quelle eines Produkts, einer Dienstleistung oder einer Aktivit\u00e4t sind.<\/p>\n<p>&nbsp;<\/p>\n    <\/div>\n<\/section>\n\n","protected":false},"excerpt":{"rendered":"<p>1 Diese Asset Data Management-Erkl\u00e4rung beschreibt die Praktiken der Alimak Group AB und ihrer &#8230;<\/p>\n","protected":false},"author":1,"featured_media":0,"parent":0,"menu_order":0,"comment_status":"closed","ping_status":"closed","template":"","meta":{"_acf_changed":false,"_trash_the_other_posts":false,"editor_notices":[],"footnotes":""},"class_list":["post-695","page","type-page","status-publish","hentry"],"acf":[],"yoast_head":"<!-- This site is optimized with the Yoast SEO plugin v27.3 - https:\/\/yoast.com\/product\/yoast-seo-wordpress\/ -->\n<title>Impressum - Germany<\/title>\n<meta name=\"robots\" content=\"index, follow, max-snippet:-1, max-image-preview:large, max-video-preview:-1\" \/>\n<link rel=\"canonical\" href=\"https:\/\/www.alimakgroup.com\/de\/legal-notice-deutsch\/\" \/>\n<meta property=\"og:locale\" content=\"de_DE\" \/>\n<meta property=\"og:type\" content=\"article\" \/>\n<meta property=\"og:title\" content=\"Impressum - Germany\" \/>\n<meta property=\"og:description\" content=\"1 Diese Asset Data Management-Erkl\u00e4rung beschreibt die Praktiken der Alimak Group AB und ihrer ...\" \/>\n<meta property=\"og:url\" content=\"https:\/\/www.alimakgroup.com\/de\/legal-notice-deutsch\/\" \/>\n<meta property=\"og:site_name\" content=\"Germany\" \/>\n<meta property=\"article:modified_time\" content=\"2024-07-16T06:32:17+00:00\" \/>\n<meta name=\"twitter:card\" content=\"summary_large_image\" \/>\n<script type=\"application\/ld+json\" class=\"yoast-schema-graph\">{\"@context\":\"https:\\\/\\\/schema.org\",\"@graph\":[{\"@type\":\"WebPage\",\"@id\":\"https:\\\/\\\/www.alimakgroup.com\\\/de\\\/legal-notice-deutsch\\\/\",\"url\":\"https:\\\/\\\/www.alimakgroup.com\\\/de\\\/legal-notice-deutsch\\\/\",\"name\":\"Impressum - Germany\",\"isPartOf\":{\"@id\":\"https:\\\/\\\/www.alimakgroup.com\\\/de\\\/#website\"},\"datePublished\":\"2024-07-16T06:11:36+00:00\",\"dateModified\":\"2024-07-16T06:32:17+00:00\",\"inLanguage\":\"de\",\"potentialAction\":[{\"@type\":\"ReadAction\",\"target\":[\"https:\\\/\\\/www.alimakgroup.com\\\/de\\\/legal-notice-deutsch\\\/\"]}]},{\"@type\":\"WebSite\",\"@id\":\"https:\\\/\\\/www.alimakgroup.com\\\/de\\\/#website\",\"url\":\"https:\\\/\\\/www.alimakgroup.com\\\/de\\\/\",\"name\":\"Germany\",\"description\":\"Just another WordPress site\",\"potentialAction\":[{\"@type\":\"SearchAction\",\"target\":{\"@type\":\"EntryPoint\",\"urlTemplate\":\"https:\\\/\\\/www.alimakgroup.com\\\/de\\\/?s={search_term_string}\"},\"query-input\":{\"@type\":\"PropertyValueSpecification\",\"valueRequired\":true,\"valueName\":\"search_term_string\"}}],\"inLanguage\":\"de\"}]}<\/script>\n<!-- \/ Yoast SEO plugin. -->","yoast_head_json":{"title":"Impressum - Germany","robots":{"index":"index","follow":"follow","max-snippet":"max-snippet:-1","max-image-preview":"max-image-preview:large","max-video-preview":"max-video-preview:-1"},"canonical":"https:\/\/www.alimakgroup.com\/de\/legal-notice-deutsch\/","og_locale":"de_DE","og_type":"article","og_title":"Impressum - Germany","og_description":"1 Diese Asset Data Management-Erkl\u00e4rung beschreibt die Praktiken der Alimak Group AB und ihrer ...","og_url":"https:\/\/www.alimakgroup.com\/de\/legal-notice-deutsch\/","og_site_name":"Germany","article_modified_time":"2024-07-16T06:32:17+00:00","twitter_card":"summary_large_image","schema":{"@context":"https:\/\/schema.org","@graph":[{"@type":"WebPage","@id":"https:\/\/www.alimakgroup.com\/de\/legal-notice-deutsch\/","url":"https:\/\/www.alimakgroup.com\/de\/legal-notice-deutsch\/","name":"Impressum - Germany","isPartOf":{"@id":"https:\/\/www.alimakgroup.com\/de\/#website"},"datePublished":"2024-07-16T06:11:36+00:00","dateModified":"2024-07-16T06:32:17+00:00","inLanguage":"de","potentialAction":[{"@type":"ReadAction","target":["https:\/\/www.alimakgroup.com\/de\/legal-notice-deutsch\/"]}]},{"@type":"WebSite","@id":"https:\/\/www.alimakgroup.com\/de\/#website","url":"https:\/\/www.alimakgroup.com\/de\/","name":"Germany","description":"Just another WordPress site","potentialAction":[{"@type":"SearchAction","target":{"@type":"EntryPoint","urlTemplate":"https:\/\/www.alimakgroup.com\/de\/?s={search_term_string}"},"query-input":{"@type":"PropertyValueSpecification","valueRequired":true,"valueName":"search_term_string"}}],"inLanguage":"de"}]}},"_links":{"self":[{"href":"https:\/\/www.alimakgroup.com\/de\/wp-json\/wp\/v2\/pages\/695","targetHints":{"allow":["GET"]}}],"collection":[{"href":"https:\/\/www.alimakgroup.com\/de\/wp-json\/wp\/v2\/pages"}],"about":[{"href":"https:\/\/www.alimakgroup.com\/de\/wp-json\/wp\/v2\/types\/page"}],"author":[{"embeddable":true,"href":"https:\/\/www.alimakgroup.com\/de\/wp-json\/wp\/v2\/users\/1"}],"replies":[{"embeddable":true,"href":"https:\/\/www.alimakgroup.com\/de\/wp-json\/wp\/v2\/comments?post=695"}],"version-history":[{"count":3,"href":"https:\/\/www.alimakgroup.com\/de\/wp-json\/wp\/v2\/pages\/695\/revisions"}],"predecessor-version":[{"id":698,"href":"https:\/\/www.alimakgroup.com\/de\/wp-json\/wp\/v2\/pages\/695\/revisions\/698"}],"wp:attachment":[{"href":"https:\/\/www.alimakgroup.com\/de\/wp-json\/wp\/v2\/media?parent=695"}],"curies":[{"name":"wp","href":"https:\/\/api.w.org\/{rel}","templated":true}]}}