{"id":674,"date":"2022-07-28T02:42:30","date_gmt":"2022-07-28T02:42:30","guid":{"rendered":"https:\/\/www.alimakgroup.com\/de\/asset-management-deutsch\/"},"modified":"2026-01-07T10:37:12","modified_gmt":"2026-01-07T10:37:12","slug":"asset-management-deutsch","status":"publish","type":"page","link":"https:\/\/www.alimakgroup.com\/de\/asset-management-deutsch\/","title":{"rendered":"Verm\u00f6gensverwaltung"},"content":{"rendered":"\n<section class=\"inner_banner_wrap\">\n    <div class=\"banner_pg\" style=\"background:url(https:\/\/www.alimakgroup.com\/de\/wp-content\/uploads\/sites\/10\/2024\/01\/Asset-Data-Management-Feature-Image-2000x344_c.jpg) center no-repeat; background-size:cover;\">\n    \t        <div class=\"b1\"><div class=\"b2\">\n            <div class=\"content_holder\">\n                <h1>Asset-Datenmanagement<\/h1>\n            <\/div>\n        <\/div><\/div>\n            <\/div>\n<\/section>\n\n\n\n\n<section class=\"contents_block  remove_bs\">\n    <div class=\"content_holder\">\n    \t<h5>Diese Erkl\u00e4rung zum Asset Data Management beschreibt die Praktiken der Alimak Group AB und ihrer Konzernunternehmen, wie in Anhang A (\u201eAlimak Group\u201c, \u201ewir\u201c, \u201euns\u201c oder \u201eunser\u201c) f\u00fcr die Erhebung, Speicherung und Nutzung von Daten der Alimak Group dargelegt Maschinen, Produkte und andere Verm\u00f6genswerte, die von oder im Auftrag von Kunden betrieben werden (\u201eVerm\u00f6genswerte\u201c).<\/h5>\n<h5> Unsere Datenschutzrichtlinie beschreibt, wie wir personenbezogene Daten verwalten. Das sind Informationen, die zur Identifizierung einer Person genutzt werden k\u00f6nnen.<\/h5>\n<h2> Welche Daten wir m\u00f6glicherweise sammeln<\/h2>\n<h3> Systemdaten<\/h3>\n<p> Systemdaten sind Informationen, die uns \u00fcber digitale Plattformen (\u201ePlattformen\u201c), My Alimak, My BMU, A3 und \u00e4hnliche Anwendungen (\u201eAnwendungen\u201c) sowie \u00fcber Telematikger\u00e4te (und \u00e4hnliche Ger\u00e4te) (\u201eGer\u00e4te\u201c) \u00fcbermittelt werden (wir nutzen die Der Begriff \u201eDigitale Angebote\u201c bezieht sich zusammenfassend auf alle von uns genutzten Anwendungen und Ger\u00e4te), was Folgendes umfassen kann:<\/p>\n<ul>\n<li> Informationen zu Ger\u00e4ten, Verm\u00f6genswerten und Komponenten, einschlie\u00dflich Modellnummer, Seriennummer, Bestellnummer, Software- und Hardware-Versionsnummern, Leistung und Konfiguration, einschlie\u00dflich Arbeitsger\u00e4ten oder anderen an Verm\u00f6genswerte angeschlossenen Peripherieger\u00e4ten.<\/li>\n<li> Elektronische Daten, einschlie\u00dflich Sensorprotokolle, Trends, Histogramme, Ereignisdaten, andere Warnungen, digitale Zustandsdaten, Fehlercodes, Betriebsstundenz\u00e4hler, manuell oder automatisch von einem Asset heruntergeladene elektronische Datendateien, Fehlerbehebungsdaten und andere Daten, je nach Kunde und Asset und Kommunikationskanal, der von einem Ger\u00e4t verwendet wird.<\/li>\n<li> Informationen zum Ger\u00e4testandort, einschlie\u00dflich des physischen Standorts eines Verm\u00f6genswerts (z. B. ermittelt mithilfe von Satelliten-, GPS-, Mobilfunkmast-, Bluetooth- oder Wi-Fi-Signalen).<\/li>\n<li> Ereignisaufzeichnungsdaten, einschlie\u00dflich Standort, Geschwindigkeit und Richtung.<\/li>\n<li> Service- und Wartungsverlauf, einschlie\u00dflich Arbeitsauftr\u00e4gen (Aufzeichnungen aller Wartungsarbeiten, Reparaturen, Teilek\u00e4ufe, Austausch und \u00c4nderungen an einer Anlage), Komponentenlebensdauer (Nutzungsverlauf und Verschlei\u00dfdauer einer Komponente), Wartungsplan, geplante Wartung, Daten zur Garantieabdeckung , Wartungs- und Reparaturvertr\u00e4ge, Serviceintervalle (geplantes Intervall f\u00fcr die geplante Wartung von Komponentenaustauschaktivit\u00e4ten f\u00fcr eine Anlage), Komponentenlisten (Listen der Teile, aus denen eine Anlage besteht) und Servicebriefe (Beschreibung spezieller Servicema\u00dfnahmen, die von Herstellern empfohlen werden, um ein bekanntes Problem zu beheben Problem mit einem Asset).<\/li>\n<li> Standort- und Umgebungsbedingungen.<\/li>\n<li> Nutzungsmuster, einschlie\u00dflich aller benutzerdefinierten Informationen zu einem Produkt, das Sie uns \u00fcber ein digitales Angebot zur Verf\u00fcgung stellen.<\/li>\n<\/ul>\n<h2> Wie wir Daten sammeln k\u00f6nnen<\/h2>\n<h3> Daten, die durch Ihre Nutzung unserer Produkte und\/oder Dienstleistungen erfasst werden<\/h3>\n<p> Wir k\u00f6nnen Informationen \u00fcber Ihre Nutzung unserer Produkte und\/oder Dienste sammeln. Zum Beispiel:<\/p>\n<ul>\n<li> <strong>\u00dcber Plattformen\/Anwendungen\/Ger\u00e4te:<\/strong> Wir k\u00f6nnen Informationen direkt \u00fcber eine Mobilfunk- oder Satellitenverbindung oder eine Funk- oder Ethernet-Verbindung von Verm\u00f6genswerten erhalten, die mit einer Anwendung oder einem Ger\u00e4t ausgestattet sind, das entweder vorinstalliert oder von uns installiert wurde, was Systemdaten enthalten kann.<\/li>\n<li> Wir k\u00f6nnten auch Informationen durch Ihre Nutzung unserer Single-Sign-On-Dienste erhalten. Diese Dienste erm\u00f6glichen es uns, Ihre Anmeldedaten zur Authentifizierung Ihrer Identit\u00e4t zu verwenden und Ihnen die M\u00f6glichkeit zu geben, bestimmte pers\u00f6nliche Informationen mit uns zu teilen.<\/li>\n<\/ul>\n<h3> Andere Arten, wie wir Informationen sammeln<\/h3>\n<p> Wir k\u00f6nnen auch andere Informationen \u00fcber Sie, Ihr Ger\u00e4t oder Ihre Nutzung der Dienste auf die Art und Weise erfassen, die wir Ihnen zum Zeitpunkt der Erfassung beschreiben, oder auf andere Weise mit Ihrer Zustimmung. Sie k\u00f6nnen sich daf\u00fcr entscheiden, uns bestimmte Arten von Informationen nicht zur Verf\u00fcgung zu stellen. Dies kann jedoch Ihre F\u00e4higkeit beeintr\u00e4chtigen, einige der Produkte und Dienstleistungen zu nutzen.<\/p>\n<h3> Wie wir Informationen nutzen d\u00fcrfen<\/h3>\n<p> Wir k\u00f6nnen die gesammelten Informationen unter anderem f\u00fcr die folgenden Zwecke verwenden:<\/p>\n<h3> Um Dienstleistungen f\u00fcr Sie und andere bereitzustellen:<\/h3>\n<ul>\n<li> Um es Ihnen zu erm\u00f6glichen, den Status von Verm\u00f6genswerten zu \u00fcberwachen, Bestellungen abzuschlie\u00dfen und auszuf\u00fchren, mit Ihnen bez\u00fcglich Ihres Kaufs oder Ihrer Miete von Verm\u00f6genswerten und Ihres Kaufs von Verm\u00f6gensgegenst\u00e4nden zu kommunizieren und Ihnen den damit verbundenen Kundenservice zu bieten.<\/li>\n<li> Um Kundensupportvereinbarungen zu erf\u00fcllen, Wartungs- und Reparaturarbeiten durchzuf\u00fchren und Mietgegenst\u00e4nde oder Teile zu liefern.<\/li>\n<li> Abgabe von Empfehlungen zur Sicherheit, zum Zustand der Anlagen und zur Wartung.<\/li>\n<li> Zur Verbesserung der Sicherheit des Maschinenbetriebs, unter anderem durch Verfolgung der N\u00e4he zu Verm\u00f6genswerten oder anderen Objekten.<\/li>\n<li> So aktivieren Sie die Remote-Fehlerbehebung.<\/li>\n<li> Um Ihnen standortbezogene Dienste und Inhalte bereitzustellen.<\/li>\n<\/ul>\n<h3> F\u00fcr andere allgemeine Gesch\u00e4ftszwecke:<\/h3>\n<ul>\n<li> Um Marktforschung durchzuf\u00fchren.<\/li>\n<li> Um Datenanalysen und Audits durchzuf\u00fchren, Produkte zu verbessern, neue Produkte zu entwickeln, unsere digitalen Angebote zu erweitern, zu verbessern oder zu modifizieren, Nutzungstrends zu identifizieren und unsere Gesch\u00e4ftsaktivit\u00e4ten zu betreiben und zu erweitern sowie f\u00fcr statistische Analysen auf der Grundlage aggregierter und anonymisierter Daten, wie z. B. Benchmarking-Berichte .<\/li>\n<li> Um Dienstleistungen f\u00fcr Kunden bereitzustellen, Arbeitsabl\u00e4ufe zu verwalten, Reparaturen zu \u00fcberwachen, zuk\u00fcnftige Wartungs- und Servicearbeiten zu planen und Probleme zu beheben.<\/li>\n<li> Um die Wirksamkeit von Empfehlungen zu \u00fcberpr\u00fcfen, Beschwerden zu l\u00f6sen und Bestellungen auszuf\u00fchren.<\/li>\n<li> Verwaltung des Anlagen- und Teilebestands, um Sie mit Maschinen, Teilen und Dienstleistungen zu versorgen.<\/li>\n<li> Zur Verwaltung einer Flotte eigener oder gemieteter Verm\u00f6genswerte.<\/li>\n<li> Digitale Anwendungen entwickeln.<\/li>\n<\/ul>\n<h3> Wie wir Informationen offenlegen d\u00fcrfen<\/h3>\n<p> Au\u00dfer wie in dieser Verm\u00f6gensdatenmanagement-Erkl\u00e4rung beschrieben, k\u00f6nnen wir auch Informationen offenlegen:<\/p>\n    <\/div>\n<\/section>\n\n\n\n\n<section class=\"contents_block remove_ts \">\n    <div class=\"content_holder\">\n    \t<ul>\n<li>An unsere verbundenen Unternehmen, um die von Ihnen angeforderten Produkte und Dienstleistungen zu liefern.<\/li>\n<li>An Asset-Eigent\u00fcmer, um ihnen die Verwaltung der Nutzung ihres Assets zu erm\u00f6glichen.<\/li>\n<li>F\u00fcr Komponentenhersteller, um ihnen die M\u00f6glichkeit zu geben, die Verwendung ihrer Produkte zu untersuchen, ihre Produkte zu verbessern und neue Produkte zu entwickeln.<\/li>\n<li>An Agenten, Dienstleister und andere Dritte, die von Verm\u00f6genseigent\u00fcmern beauftragt wurden oder Gesch\u00e4fte mit ihnen t\u00e4tigen und die Verwaltungsverantwortung f\u00fcr das Verm\u00f6gen tragen.<\/li>\n<li>An einen verbundenen Dritten im Falle einer Umstrukturierung, Fusion, eines Verkaufs, eines Joint Ventures, einer Abtretung, \u00dcbertragung oder sonstigen Ver\u00e4u\u00dferung unseres gesamten Unternehmens, unserer Verm\u00f6genswerte oder Aktien oder eines Teils davon (einschlie\u00dflich im Zusammenhang mit einem Insolvenz- oder \u00e4hnlichen Verfahren).<\/li>\n<li>An einen verbundenen Dritten im Falle einer Umstrukturierung, Fusion, eines Verkaufs, eines Joint Ventures, einer Abtretung, \u00dcbertragung oder sonstigen Ver\u00e4u\u00dferung unseres gesamten Unternehmens, unserer Verm\u00f6genswerte oder Aktien oder eines Teils davon (einschlie\u00dflich im Zusammenhang mit einem Insolvenz- oder \u00e4hnlichen Verfahren).<\/li>\n<li>An weitere Empf\u00e4nger, wie von Ihnen und uns vereinbart.<\/li>\n<\/ul>\n<h3>Sicherheit<\/h3>\n<p>Wir haben angemessene organisatorische, technische und administrative Ma\u00dfnahmen implementiert, um Informationen innerhalb unserer Organisation zu sch\u00fctzen. Leider kann kein Daten\u00fcbertragungs- oder Speichersystem zu 100 % garantiert werden. Wenn Sie Grund zu der Annahme haben, dass Ihre Interaktion mit uns nicht mehr sicher ist (z. B. wenn Sie das Gef\u00fchl haben, dass die Sicherheit Ihres Kontos gef\u00e4hrdet ist), benachrichtigen Sie uns bitte umgehend gem\u00e4\u00df dem Abschnitt \u201eKontakt\u201c unten.<\/p>\n<h3>Aktualisierungen dieser Governance-Erkl\u00e4rung<\/h3>\n<p>Wir k\u00f6nnen diese Anlagedatenverwaltungserkl\u00e4rung von Zeit zu Zeit und ohne Vorank\u00fcndigung \u00e4ndern. Die Legende \u201eLETZTE AKTUALISIERUNG\u201c unten auf dieser Seite gibt an, wann diese Asset Data Management-Erkl\u00e4rung zuletzt \u00fcberarbeitet wurde. In allen F\u00e4llen und unter allen Umst\u00e4nden erheben, verwenden und offenbaren wir die Daten nur in einer Weise, die durch geltende Gesetze und Vorschriften zul\u00e4ssig ist.<\/p>\n<h3>Zeitplan A<\/h3>\n<h3>Unternehmen der Alimak-Gruppe<\/h3>\n<ul>\n<li>Alimak do Brasil Elevadores Ltda<\/li>\n<li>Alimak Group Australia Pty. Ltd<\/li>\n<li>Alimak Group Benelux BV Niederlande<\/li>\n<li>Alimak Group Benelux NV Belgien<\/li>\n<li>Alimak Group BMU (Shanghai) Co. Ltd<\/li>\n<li>Alimak Group Canada Ltd<\/li>\n<li>Alimak Group Denmark A\/S<\/li>\n<li>Alimak Group Deutschland GmbH<\/li>\n<li>Alimak Group France SAS<\/li>\n<li>Alimak Group Hong Kong Ltd<\/li>\n<li>Alimak Group India Pvt. GmbH<\/li>\n<li>Alimak Group Italy srl<\/li>\n<li>Alimak Group Korea Co. Ltd<\/li>\n<li>Alimak Group Malaysia Sdn. Bhd<\/li>\n<li>Alimak Group Management AB<\/li>\n<li>Alimak Group Manufacturing SL<\/li>\n<li>Alimak Group Norway AS<\/li>\n<li>Alimak Group Singapore Pte. GmbH<\/li>\n<li>Alimak Group Sweden AB<\/li>\n<li>Alimak Group Swiss AG<\/li>\n<li>Alimak Group UK Ltd<\/li>\n<li>Alimak Group USA Inc<\/li>\n<li>Alimak Group Vertical Access Equipment Co. Ltd<\/li>\n<li>Avanti Brasil Sistemas Eolicos Ltda<\/li>\n<li>Avanti Wind Eng. Technik. Guangdong Co Ltd<\/li>\n<li>Avanti Wind Systems Co. Ltd. Shanghai<\/li>\n<li>Avanti Wind Systems India Pvt. GmbH<\/li>\n<li>Avanti Wind Systems SL<\/li>\n<li>Avanti Wind Systems SL<\/li>\n<li>Avanti Wind Systems Techn. SL<\/li>\n<li>Cento Engineering Company Ltd.<\/li>\n<li>Cox Gomyl Macau Ltd.<\/li>\n<li>Cox Gomyl Operations SAU<\/li>\n<li>Cox Gomyl Shenzhen Co. Ltd<\/li>\n<li>EW Cox Middle East LLC<\/li>\n<li>James Hickey Industrial Traning School Ltd<\/li>\n<li>Manntech (HK) Ltd<\/li>\n<\/ul>\n<h3>An wen Sie sich bei Fragen und weiteren Informationen wenden k\u00f6nnen<\/h3>\n<p>Bei Fragen zu dieser Erkl\u00e4rung wenden Sie sich bitte per E-Mail an <strong><a href=\"mailto:privacy@alimakgroup.com\">Privacy@alimakgroup.com<\/a><\/strong> oder per Post an die unten angegebene Adresse:<\/p>\n<p>Alimak Group AB (publ)<br \/>\nAtt: Global Data Protection Manager<br \/>\nBlekholmstorget 30 111 64 Stockholm<\/p>\n<p>Last ge\u00e4ndert: 7. Januar 2026<\/p>\n    <\/div>\n<\/section>\n\n","protected":false},"excerpt":{"rendered":"<p>1 This Asset Data Management Statement describes the practices of Alimak Group AB and its &#8230;<\/p>\n","protected":false},"author":1,"featured_media":0,"parent":0,"menu_order":5,"comment_status":"closed","ping_status":"closed","template":"","meta":{"_acf_changed":false,"_trash_the_other_posts":false,"editor_notices":[],"footnotes":""},"class_list":["post-674","page","type-page","status-publish","hentry"],"acf":[],"yoast_head":"<!-- This site is optimized with the Yoast SEO plugin v27.3 - https:\/\/yoast.com\/product\/yoast-seo-wordpress\/ -->\n<title>Verm\u00f6gensverwaltung - Germany<\/title>\n<meta name=\"robots\" content=\"index, follow, max-snippet:-1, max-image-preview:large, max-video-preview:-1\" \/>\n<link rel=\"canonical\" href=\"https:\/\/www.alimakgroup.com\/de\/asset-management-deutsch\/\" \/>\n<meta property=\"og:locale\" content=\"de_DE\" \/>\n<meta property=\"og:type\" content=\"article\" \/>\n<meta property=\"og:title\" content=\"Verm\u00f6gensverwaltung - Germany\" \/>\n<meta property=\"og:description\" content=\"1 This Asset Data Management Statement describes the practices of Alimak Group AB and its ...\" \/>\n<meta property=\"og:url\" content=\"https:\/\/www.alimakgroup.com\/de\/asset-management-deutsch\/\" \/>\n<meta property=\"og:site_name\" content=\"Germany\" \/>\n<meta property=\"article:modified_time\" content=\"2026-01-07T10:37:12+00:00\" \/>\n<meta name=\"twitter:card\" content=\"summary_large_image\" \/>\n<script type=\"application\/ld+json\" class=\"yoast-schema-graph\">{\"@context\":\"https:\\\/\\\/schema.org\",\"@graph\":[{\"@type\":\"WebPage\",\"@id\":\"https:\\\/\\\/www.alimakgroup.com\\\/de\\\/asset-management-deutsch\\\/\",\"url\":\"https:\\\/\\\/www.alimakgroup.com\\\/de\\\/asset-management-deutsch\\\/\",\"name\":\"Verm\u00f6gensverwaltung - Germany\",\"isPartOf\":{\"@id\":\"https:\\\/\\\/www.alimakgroup.com\\\/de\\\/#website\"},\"datePublished\":\"2022-07-28T02:42:30+00:00\",\"dateModified\":\"2026-01-07T10:37:12+00:00\",\"inLanguage\":\"de\",\"potentialAction\":[{\"@type\":\"ReadAction\",\"target\":[\"https:\\\/\\\/www.alimakgroup.com\\\/de\\\/asset-management-deutsch\\\/\"]}]},{\"@type\":\"WebSite\",\"@id\":\"https:\\\/\\\/www.alimakgroup.com\\\/de\\\/#website\",\"url\":\"https:\\\/\\\/www.alimakgroup.com\\\/de\\\/\",\"name\":\"Germany\",\"description\":\"Just another WordPress site\",\"potentialAction\":[{\"@type\":\"SearchAction\",\"target\":{\"@type\":\"EntryPoint\",\"urlTemplate\":\"https:\\\/\\\/www.alimakgroup.com\\\/de\\\/?s={search_term_string}\"},\"query-input\":{\"@type\":\"PropertyValueSpecification\",\"valueRequired\":true,\"valueName\":\"search_term_string\"}}],\"inLanguage\":\"de\"}]}<\/script>\n<!-- \/ Yoast SEO plugin. -->","yoast_head_json":{"title":"Verm\u00f6gensverwaltung - Germany","robots":{"index":"index","follow":"follow","max-snippet":"max-snippet:-1","max-image-preview":"max-image-preview:large","max-video-preview":"max-video-preview:-1"},"canonical":"https:\/\/www.alimakgroup.com\/de\/asset-management-deutsch\/","og_locale":"de_DE","og_type":"article","og_title":"Verm\u00f6gensverwaltung - Germany","og_description":"1 This Asset Data Management Statement describes the practices of Alimak Group AB and its ...","og_url":"https:\/\/www.alimakgroup.com\/de\/asset-management-deutsch\/","og_site_name":"Germany","article_modified_time":"2026-01-07T10:37:12+00:00","twitter_card":"summary_large_image","schema":{"@context":"https:\/\/schema.org","@graph":[{"@type":"WebPage","@id":"https:\/\/www.alimakgroup.com\/de\/asset-management-deutsch\/","url":"https:\/\/www.alimakgroup.com\/de\/asset-management-deutsch\/","name":"Verm\u00f6gensverwaltung - Germany","isPartOf":{"@id":"https:\/\/www.alimakgroup.com\/de\/#website"},"datePublished":"2022-07-28T02:42:30+00:00","dateModified":"2026-01-07T10:37:12+00:00","inLanguage":"de","potentialAction":[{"@type":"ReadAction","target":["https:\/\/www.alimakgroup.com\/de\/asset-management-deutsch\/"]}]},{"@type":"WebSite","@id":"https:\/\/www.alimakgroup.com\/de\/#website","url":"https:\/\/www.alimakgroup.com\/de\/","name":"Germany","description":"Just another WordPress site","potentialAction":[{"@type":"SearchAction","target":{"@type":"EntryPoint","urlTemplate":"https:\/\/www.alimakgroup.com\/de\/?s={search_term_string}"},"query-input":{"@type":"PropertyValueSpecification","valueRequired":true,"valueName":"search_term_string"}}],"inLanguage":"de"}]}},"_links":{"self":[{"href":"https:\/\/www.alimakgroup.com\/de\/wp-json\/wp\/v2\/pages\/674","targetHints":{"allow":["GET"]}}],"collection":[{"href":"https:\/\/www.alimakgroup.com\/de\/wp-json\/wp\/v2\/pages"}],"about":[{"href":"https:\/\/www.alimakgroup.com\/de\/wp-json\/wp\/v2\/types\/page"}],"author":[{"embeddable":true,"href":"https:\/\/www.alimakgroup.com\/de\/wp-json\/wp\/v2\/users\/1"}],"replies":[{"embeddable":true,"href":"https:\/\/www.alimakgroup.com\/de\/wp-json\/wp\/v2\/comments?post=674"}],"version-history":[{"count":6,"href":"https:\/\/www.alimakgroup.com\/de\/wp-json\/wp\/v2\/pages\/674\/revisions"}],"predecessor-version":[{"id":709,"href":"https:\/\/www.alimakgroup.com\/de\/wp-json\/wp\/v2\/pages\/674\/revisions\/709"}],"wp:attachment":[{"href":"https:\/\/www.alimakgroup.com\/de\/wp-json\/wp\/v2\/media?parent=674"}],"curies":[{"name":"wp","href":"https:\/\/api.w.org\/{rel}","templated":true}]}}