{"id":60,"date":"2022-07-28T02:27:01","date_gmt":"2022-07-28T02:27:01","guid":{"rendered":"https:\/\/www.alimakgroup.com\/?page_id=60"},"modified":"2022-11-26T05:23:27","modified_gmt":"2022-11-26T05:23:27","slug":"service","status":"publish","type":"page","link":"https:\/\/www.alimakgroup.com\/de\/service\/","title":{"rendered":"Service"},"content":{"rendered":"\n<section class=\"inner_banner_wrap\">\n    <div class=\"banner_pg\" style=\"background:url(https:\/\/www.alimakgroup.com\/de\/wp-content\/uploads\/sites\/10\/2022\/08\/Services-Feature-Image-2000x344_c.jpg) center no-repeat; background-size:cover;\">\n    \t        <div class=\"b1\"><div class=\"b2\">\n            <div class=\"content_holder\">\n                <h1>Servicel\u00f6sungen<\/h1>\n            <\/div>\n        <\/div><\/div>\n            <\/div>\n<\/section>\n\n\n\n\n<section class=\"contents_block  \">\n    <div class=\"content_holder\">\n    \t<h5>Die Alimak Group hat weltweit mehr als 67.000 Aufz&#252;ge, Hebeb&#252;hnen, Plattformen, Serviceaufz&#252;ge und Fassadenbefahrsysteme installiert. Die Alimak Group nutzt ihre globale Pr&#228;senz von Technikern, um unseren Kunden ein H&#246;chstma&#223; an Produktverf&#252;gbarkeit und -sicherheit zu bieten \u2013 wir sind Experten bei der Wartung von H&#246;henzugangsanlagen.<\/h5>\n<p>Wo auch immer sich Ihre Anlage auf der Welt befindet, die Alimak Group bietet zahlreiche L&#246;sungen, die darauf zugeschnitten sind, die Produktivit&#228;t Ihrer Anlagen zu maximieren und gleichzeitig die hohen Anspr&#252;che der H&#246;henzugangsbranche zu erf&#252;llen. &#220;ber unsere Servicezentren und sorgf&#228;ltig ausgew&#228;hlten autorisierten Vertriebspartner in &#252;ber 100 L&#228;ndern bietet die Alimak Group umfassende Pauschalangebote, die darauf ausgelegt sind, &#252;ber den gesamten Lebenszyklus der Anlage f&#252;r Ihre Produkte und die Menschen, die sie bedienen, zu sorgen.<\/p>\n    <\/div>\n<\/section>\n\n\n\n    <section class=\"services_list\">\n        <div class=\"content_holder\">\n            <div class=\"s_list flex\">\n            \t                            <div class=\"s_item\">                            \n                                                                <div class=\"s_icon\">\n                                                                                                <img decoding=\"async\" src=\"https:\/\/www.alimakgroup.com\/de\/wp-content\/uploads\/sites\/10\/2022\/07\/service_1.svg\" alt=\"Inspektionen, Sicherheit und Konformit\u00e4t\" title=\"Inspektionen, Sicherheit und Konformit\u00e4t\">\n                                                                <\/div>\n                                                                \n                                                                <h3>\n                                                                Inspektionen, Sicherheit und Konformit\u00e4t                                                                <\/h3>\n                                                                \n                                <p>Routinem\u00e4\u00dfige Inspektionsprogramme zur Gew\u00e4hrleistung der Sicherheit und Konformit\u00e4t der Anlagen<\/p>\n                            <\/div>\n                                                        <div class=\"s_item\">                            \n                                                                <div class=\"s_icon\">\n                                                                                                <img decoding=\"async\" src=\"https:\/\/www.alimakgroup.com\/de\/wp-content\/uploads\/sites\/10\/2022\/07\/service_2.svg\" alt=\"Wartungsarbeiten\" title=\"Wartungsarbeiten\">\n                                                                <\/div>\n                                                                \n                                                                <h3>\n                                                                Wartungsarbeiten                                                                <\/h3>\n                                                                \n                                <p>Ein umfassendes Angebot an Servicevertr\u00e4gen, Wartungsprogrammen und Reparaturl\u00f6sungen<\/p>\n                            <\/div>\n                                                        <div class=\"s_item\">                            \n                                                                <div class=\"s_icon\">\n                                                                                                <img decoding=\"async\" src=\"https:\/\/www.alimakgroup.com\/de\/wp-content\/uploads\/sites\/10\/2022\/07\/service_3.svg\" alt=\"Schulungen\" title=\"Schulungen\">\n                                                                <\/div>\n                                                                \n                                                                <h3>\n                                                                Schulungen                                                                <\/h3>\n                                                                \n                                <p>Pr\u00e4senzschulungen und eLearning-Schulungen zur Unterst\u00fctzung des sicheren Betriebs, der Wartung und der Installation von Anlagen<\/p>\n                            <\/div>\n                                                        <div class=\"s_item\">                            \n                                                                <div class=\"s_icon\">\n                                                                                                <img decoding=\"async\" src=\"https:\/\/www.alimakgroup.com\/de\/wp-content\/uploads\/sites\/10\/2022\/07\/service_4.svg\" alt=\"Asset-Management\" title=\"Asset-Management\">\n                                                                <\/div>\n                                                                \n                                                                <h3>\n                                                                Asset-Management                                                                <\/h3>\n                                                                \n                                <p>Eine Kombination aus Fern\u00fcberwachung, Servicel\u00f6sungen und fachkundigen After-Sales-Profis sorgt f\u00fcr einen optimalen Lebenszyklus der Anlage und kundenorientierte L\u00f6sungen<\/p>\n                            <\/div>\n                                                        <div class=\"s_item\">                            \n                                                                <div class=\"s_icon\">\n                                                                                                <img decoding=\"async\" src=\"https:\/\/www.alimakgroup.com\/de\/wp-content\/uploads\/sites\/10\/2022\/07\/service_5.svg\" alt=\"Originalersatzteile\" title=\"Originalersatzteile\">\n                                                                <\/div>\n                                                                \n                                                                <h3>\n                                                                Originalersatzteile                                                                <\/h3>\n                                                                \n                                <p>Originalersatzteile verl\u00e4ngern die Lebensdauer der Maschine und maximieren die Leistung<\/p>\n                            <\/div>\n                                                        <div class=\"s_item\">                            \n                                                                <div class=\"s_icon\">\n                                                                                                <img decoding=\"async\" src=\"https:\/\/www.alimakgroup.com\/de\/wp-content\/uploads\/sites\/10\/2022\/07\/service_6.svg\" alt=\"Renovierungsl\u00f6sungen\" title=\"Renovierungsl\u00f6sungen\">\n                                                                <\/div>\n                                                                \n                                                                <h3>\n                                                                Renovierungsl\u00f6sungen                                                                <\/h3>\n                                                                \n                                <p>Erwecken Sie eine in die Jahre gekommene Maschine mit einer kosteng\u00fcnstigen \u00dcberholung oder Nachr\u00fcstung zu neuem Leben<\/p>\n                            <\/div>\n                                        <\/div>\n        <\/div>\n    <\/section>\n\n\n\n<section class=\"contents_block  \">\n    <div class=\"content_holder\">\n    \t<p>Wenn Sie sich bei der Wartung Ihrer Anlage f\u00fcr die Alimak Group entscheiden, k\u00f6nnen Sie sich darauf verlassen, dass Ihre Anlage und die Mitarbeiter, die sie bedienen, sicher und produktiv sind, sodass Sie sich auf die Maximierung des Ertragspotenzials Ihres Assets konzentrieren k\u00f6nnen. Als engagierte Serviceorganisation, die aus dem Zusammenschluss der f\u00fchrenden Marken Alimak, Tractel, CoxGomyl, Manntech und Avanti hervorgegangen ist, konzentriert sich die Alimak Group auf die Bereitstellung der branchenweit besten Kundenbetreuung in der N\u00e4he unserer Kunden.<\/p>\n<p>Die Alimak Group bietet auch Servicel\u00f6sungen f\u00fcr H\u00f6henzugangsanlagen anderer Hersteller an.<\/p>\n    <\/div>\n<\/section>\n\n","protected":false},"excerpt":{"rendered":"","protected":false},"author":1,"featured_media":0,"parent":0,"menu_order":1,"comment_status":"closed","ping_status":"closed","template":"","meta":{"_acf_changed":false,"_trash_the_other_posts":false,"editor_notices":[],"footnotes":""},"class_list":["post-60","page","type-page","status-publish","hentry"],"acf":[],"yoast_head":"<!-- This site is optimized with the Yoast SEO plugin v27.3 - https:\/\/yoast.com\/product\/yoast-seo-wordpress\/ -->\n<title>Service - Germany<\/title>\n<meta name=\"robots\" content=\"index, follow, max-snippet:-1, max-image-preview:large, max-video-preview:-1\" \/>\n<link rel=\"canonical\" href=\"https:\/\/www.alimakgroup.com\/de\/service\/\" \/>\n<meta property=\"og:locale\" content=\"de_DE\" \/>\n<meta property=\"og:type\" content=\"article\" \/>\n<meta property=\"og:title\" content=\"Service - Germany\" \/>\n<meta property=\"og:url\" content=\"https:\/\/www.alimakgroup.com\/de\/service\/\" \/>\n<meta property=\"og:site_name\" content=\"Germany\" \/>\n<meta property=\"article:modified_time\" content=\"2022-11-26T05:23:27+00:00\" \/>\n<meta name=\"twitter:card\" content=\"summary_large_image\" \/>\n<script type=\"application\/ld+json\" class=\"yoast-schema-graph\">{\"@context\":\"https:\\\/\\\/schema.org\",\"@graph\":[{\"@type\":\"WebPage\",\"@id\":\"https:\\\/\\\/www.alimakgroup.com\\\/de\\\/service\\\/\",\"url\":\"https:\\\/\\\/www.alimakgroup.com\\\/de\\\/service\\\/\",\"name\":\"Service - Germany\",\"isPartOf\":{\"@id\":\"https:\\\/\\\/www.alimakgroup.com\\\/de\\\/#website\"},\"datePublished\":\"2022-07-28T02:27:01+00:00\",\"dateModified\":\"2022-11-26T05:23:27+00:00\",\"inLanguage\":\"de\",\"potentialAction\":[{\"@type\":\"ReadAction\",\"target\":[\"https:\\\/\\\/www.alimakgroup.com\\\/de\\\/service\\\/\"]}]},{\"@type\":\"WebSite\",\"@id\":\"https:\\\/\\\/www.alimakgroup.com\\\/de\\\/#website\",\"url\":\"https:\\\/\\\/www.alimakgroup.com\\\/de\\\/\",\"name\":\"Germany\",\"description\":\"Just another WordPress site\",\"potentialAction\":[{\"@type\":\"SearchAction\",\"target\":{\"@type\":\"EntryPoint\",\"urlTemplate\":\"https:\\\/\\\/www.alimakgroup.com\\\/de\\\/?s={search_term_string}\"},\"query-input\":{\"@type\":\"PropertyValueSpecification\",\"valueRequired\":true,\"valueName\":\"search_term_string\"}}],\"inLanguage\":\"de\"}]}<\/script>\n<!-- \/ Yoast SEO plugin. -->","yoast_head_json":{"title":"Service - Germany","robots":{"index":"index","follow":"follow","max-snippet":"max-snippet:-1","max-image-preview":"max-image-preview:large","max-video-preview":"max-video-preview:-1"},"canonical":"https:\/\/www.alimakgroup.com\/de\/service\/","og_locale":"de_DE","og_type":"article","og_title":"Service - Germany","og_url":"https:\/\/www.alimakgroup.com\/de\/service\/","og_site_name":"Germany","article_modified_time":"2022-11-26T05:23:27+00:00","twitter_card":"summary_large_image","schema":{"@context":"https:\/\/schema.org","@graph":[{"@type":"WebPage","@id":"https:\/\/www.alimakgroup.com\/de\/service\/","url":"https:\/\/www.alimakgroup.com\/de\/service\/","name":"Service - Germany","isPartOf":{"@id":"https:\/\/www.alimakgroup.com\/de\/#website"},"datePublished":"2022-07-28T02:27:01+00:00","dateModified":"2022-11-26T05:23:27+00:00","inLanguage":"de","potentialAction":[{"@type":"ReadAction","target":["https:\/\/www.alimakgroup.com\/de\/service\/"]}]},{"@type":"WebSite","@id":"https:\/\/www.alimakgroup.com\/de\/#website","url":"https:\/\/www.alimakgroup.com\/de\/","name":"Germany","description":"Just another WordPress site","potentialAction":[{"@type":"SearchAction","target":{"@type":"EntryPoint","urlTemplate":"https:\/\/www.alimakgroup.com\/de\/?s={search_term_string}"},"query-input":{"@type":"PropertyValueSpecification","valueRequired":true,"valueName":"search_term_string"}}],"inLanguage":"de"}]}},"_links":{"self":[{"href":"https:\/\/www.alimakgroup.com\/de\/wp-json\/wp\/v2\/pages\/60","targetHints":{"allow":["GET"]}}],"collection":[{"href":"https:\/\/www.alimakgroup.com\/de\/wp-json\/wp\/v2\/pages"}],"about":[{"href":"https:\/\/www.alimakgroup.com\/de\/wp-json\/wp\/v2\/types\/page"}],"author":[{"embeddable":true,"href":"https:\/\/www.alimakgroup.com\/de\/wp-json\/wp\/v2\/users\/1"}],"replies":[{"embeddable":true,"href":"https:\/\/www.alimakgroup.com\/de\/wp-json\/wp\/v2\/comments?post=60"}],"version-history":[{"count":13,"href":"https:\/\/www.alimakgroup.com\/de\/wp-json\/wp\/v2\/pages\/60\/revisions"}],"predecessor-version":[{"id":514,"href":"https:\/\/www.alimakgroup.com\/de\/wp-json\/wp\/v2\/pages\/60\/revisions\/514"}],"wp:attachment":[{"href":"https:\/\/www.alimakgroup.com\/de\/wp-json\/wp\/v2\/media?parent=60"}],"curies":[{"name":"wp","href":"https:\/\/api.w.org\/{rel}","templated":true}]}}