{"id":10,"date":"2022-07-28T02:09:36","date_gmt":"2022-07-28T02:09:36","guid":{"rendered":"https:\/\/www.alimakgroup.com\/?page_id=10"},"modified":"2024-02-16T05:55:22","modified_gmt":"2024-02-16T05:55:22","slug":"startseite","status":"publish","type":"page","link":"https:\/\/www.alimakgroup.com\/ch\/","title":{"rendered":"Startseite"},"content":{"rendered":"    <section class=\"site_banner_wrap\" id=\"block_d1f91dfd06bb2270517b2670eec25516\"><div class=\"site_banner\">\n            <div>\n            <div class=\"banner_slide\" style=\"background:url(https:\/\/www.alimakgroup.com\/ch\/wp-content\/uploads\/sites\/21\/2022\/07\/banner_slide-1920x600_c.jpg) center no-repeat; background-size:cover;\">\n                <img decoding=\"async\" src=\"https:\/\/www.alimakgroup.com\/ch\/wp-content\/uploads\/sites\/21\/2022\/07\/banner_slide-1920x600_c.jpg\" alt=\"Die Alimak Group ist ein globaler Anbieter von nachhaltigen L\u00f6sungen f\u00fcr den vertikalen Zugang und das Arbeiten in der H\u00f6he\" title=\"Die Alimak Group ist ein globaler Anbieter von nachhaltigen L\u00f6sungen f\u00fcr den vertikalen Zugang und das Arbeiten in der H\u00f6he\">\n                                <div class=\"banner_txts\"><div class=\"b1\"><div class=\"b2\">\n                    <div class=\"content_holder\">\n\t\t\t\t\t\t                        <h1>Die Alimak Group ist ein globaler Anbieter von nachhaltigen L\u00f6sungen f\u00fcr den vertikalen Zugang und das Arbeiten in der H\u00f6he<\/h1>\n                                            <\/div>\n                <\/div><\/div><\/div>\n                            <\/div>\n        <\/div>\n            <\/div>\n    <div class=\"banner_navi\">\n        <div class=\"content_holder\">\n            <div class=\"b_navi\">\n            \t                <a href=\"#\" class=\"banner_arrow\" id=\"banner_arrow\"><\/a>\n            <\/div>\n        <\/div>\n    <\/div>\n<\/section>\n    \n\n\n<section class=\"contents_block inro_block\">\n    <div class=\"content_holder\">\n        <p>Die Alimak Group ist ein globaler Anbieter von L\u00f6sungen f\u00fcr motorisierte Zugangsl\u00f6sungen f\u00fcr die Industrie- und Baum\u00e4rkte mit starkem Engagement f\u00fcr die Verbesserung der Kundensicherheit, Produktivit\u00e4t und Kosteneffizienz. Die Unternehmensgruppe ist seit 70 Jahren ein Pionier und Branchenf\u00fchrer bei der Lieferung eines vielf\u00e4ltigen Produktangebots an H\u00f6henzugangsl\u00f6sungen, darunter Bauaufz\u00fcge und Plattformen, Industrieaufz\u00fcge, durchg\u00e4ngiger Fassadenzugangsl\u00f6sungen und Serviceaufzugsysteme f\u00fcr Windkraftt\u00fcrme. Das Markenportfolio der Alimak Group setzt sich aus <a href=\"https:\/\/alimak.com\/\" target=\"_blank\" rel=\"noopener\">Alimak<\/a>, <a href=\"http:\/\/www.scanclimber.com\" target=\"_blank\" rel=\"noopener\">Scanclimber<\/a>, <a href=\"https:\/\/www.tractel.com\/\" target=\"_blank\" rel=\"noopener\">Tractel<\/a>, <a href=\"https:\/\/www.coxgomyl.com\/\" target=\"_blank\" rel=\"noopener\">CoxGomyl<\/a>, <a href=\"https:\/\/www.manntech.com\/\" target=\"_blank\" rel=\"noopener\">Manntech<\/a> und <a href=\"https:\/\/www.avanti-online.com\/\" target=\"_blank\" rel=\"noopener\">Avanti<\/a> zusammen.<\/p>\n    <\/div>\n<\/section>\n\n\n<section class=\"content_logos\">\n    <div class=\"content_holder\">\n    \t                <a href=\"https:\/\/alimak.com\/\" target=\"_blank\">                \t<img decoding=\"async\" src=\"https:\/\/www.alimakgroup.com\/ch\/wp-content\/uploads\/sites\/21\/2022\/07\/logo_1.png\" alt=\"Alimak\" title=\"Alimak\">\n                <\/a>                                <a href=\"https:\/\/www.scanclimber.com\/\" target=\"_blank\">                \t<img decoding=\"async\" src=\"https:\/\/www.alimakgroup.com\/ch\/wp-content\/uploads\/sites\/21\/2023\/03\/logo_5.png\" alt=\"Scanclimber\" title=\"Scanclimber\">\n                <\/a>                                <a href=\"https:\/\/www.tractel.com\/\" target=\"_blank\">                \t<img decoding=\"async\" src=\"https:\/\/www.alimakgroup.com\/ch\/wp-content\/uploads\/sites\/21\/2023\/03\/tractel_logo_no_r.png\" alt=\"Tractel\" title=\"Tractel\">\n                <\/a>                                <a href=\"https:\/\/www.coxgomyl.com\/\" target=\"_blank\">                \t<img decoding=\"async\" src=\"https:\/\/www.alimakgroup.com\/ch\/wp-content\/uploads\/sites\/21\/2022\/07\/logo_2.png\" alt=\"Coxgomyl\" title=\"Coxgomyl\">\n                <\/a>                                <a href=\"https:\/\/www.manntech.com\/\" target=\"_blank\">                \t<img decoding=\"async\" src=\"https:\/\/www.alimakgroup.com\/ch\/wp-content\/uploads\/sites\/21\/2022\/07\/logo_3.png\" alt=\"Manntech\" title=\"Manntech\">\n                <\/a>                                <a href=\"https:\/\/www.avanti-online.com\/\" target=\"_blank\">                \t<img decoding=\"async\" src=\"https:\/\/www.alimakgroup.com\/ch\/wp-content\/uploads\/sites\/21\/2022\/07\/logo_4.png\" alt=\"Avanti\" title=\"Avanti\">\n                <\/a>                    <\/div>\n<\/section>\n\n\n<section class=\"cta_banner\">\n    <div class=\"cta_bg\" style=\"background:url(https:\/\/www.alimakgroup.com\/ch\/wp-content\/uploads\/sites\/21\/2022\/07\/cta_img-1920x434_c.jpg) center no-repeat; background-size:cover;\">\n    \t        <div class=\"ct_1\"><div class=\"ct_2\">\n            <div class=\"content_holder\">\n                <h2>Neue Dimensionen erreichen<\/h2>\n            <\/div>\n        <\/div><\/div>\n            <\/div>\n<\/section>\n\n\n<section class=\"industries_block\">\n    <div class=\"content_holder\">\n    \t<h2>Branchen<\/h2>        <p>Die Produkte und Dienstleistungen der Alimak Group konzentrieren sich auf vier Schl&#252;sselbranchen: Fassadenzugang, Bauwesen, Industrie und Wind.<\/p>        \n        \n                <div class=\"ind_cols flex\">\n        \t                        \n                        \n            <div class=\"ind_c ind_c_1\" style=\"background:url(https:\/\/www.alimakgroup.com\/ch\/wp-content\/uploads\/sites\/21\/2022\/07\/ind_1-336x645_c.jpg) center no-repeat; background-size:cover;\">\n                <img decoding=\"async\" src=\"https:\/\/www.alimakgroup.com\/ch\/wp-content\/uploads\/sites\/21\/2022\/07\/ind_1-336x645_c.jpg\" alt=\"Industrie\" title=\"Industrie\">\n                <h3>Industrie<\/h3>\n                                <div class=\"ind_logo\">\n                \t\n                                        \n                \t                    <a href=\"https:\/\/www.alimakgroup.com\/ch\/branchen\/#industrie\" title=\"Industrie\">                    \t<img decoding=\"async\" src=\"https:\/\/www.alimakgroup.com\/ch\/wp-content\/uploads\/sites\/21\/2022\/07\/ind_logo_1.png\" alt=\"Industrie\" title=\"Industrie\" class=\"logo_1\">\n                    <\/a>                                                        <\/div>\n                                <a href=\"https:\/\/www.alimakgroup.com\/ch\/branchen\/#industrie\" title=\"Industrie\" class=\"overlay_link\"><\/a>            <\/div>\n                        \n                        \n                      \t                        \n                        \n            <div class=\"ind_c ind_c_2\" style=\"background:url(https:\/\/www.alimakgroup.com\/ch\/wp-content\/uploads\/sites\/21\/2022\/07\/ind_2-336x645_c.jpg) center no-repeat; background-size:cover;\">\n                <img decoding=\"async\" src=\"https:\/\/www.alimakgroup.com\/ch\/wp-content\/uploads\/sites\/21\/2022\/07\/ind_2-336x645_c.jpg\" alt=\"Bauwesen\" title=\"Bauwesen\">\n                <h3>Bauwesen<\/h3>\n                                <div class=\"ind_logo\">\n                \t\n                                        \n                \t                    <a href=\"https:\/\/www.alimakgroup.com\/ch\/branchen\/#bauwesen\" title=\"Bauwesen\">                    \t<img decoding=\"async\" src=\"https:\/\/www.alimakgroup.com\/ch\/wp-content\/uploads\/sites\/21\/2022\/11\/ind_logo_1.png\" alt=\"Bauwesen\" title=\"Bauwesen\" class=\"logo_1\">\n                    <\/a>                                                            <a href=\"https:\/\/www.alimakgroup.com\/ch\/branchen\/#bauwesen\" title=\"Bauwesen\">                    \t<img decoding=\"async\" src=\"https:\/\/www.alimakgroup.com\/ch\/wp-content\/uploads\/sites\/21\/2022\/11\/scan_logo.png\" alt=\"Bauwesen\" title=\"Bauwesen\" class=\"logo_2\">\n                    <\/a>                                    <\/div>\n                                <a href=\"https:\/\/www.alimakgroup.com\/ch\/branchen\/#bauwesen\" title=\"Bauwesen\" class=\"overlay_link\"><\/a>            <\/div>\n                        \n                        \n                      \t                        \n                        \n            <div class=\"ind_c ind_c_3\" style=\"background:url(https:\/\/www.alimakgroup.com\/ch\/wp-content\/uploads\/sites\/21\/2022\/07\/ind_3-336x645_c.jpg) center no-repeat; background-size:cover;\">\n                <img decoding=\"async\" src=\"https:\/\/www.alimakgroup.com\/ch\/wp-content\/uploads\/sites\/21\/2022\/07\/ind_3-336x645_c.jpg\" alt=\"Fassaden-zugang\" title=\"Fassaden-zugang\">\n                <h3>Fassaden-zugang<\/h3>\n                                <div class=\"ind_logo\">\n                \t\n                                        <a href=\"https:\/\/www.alimakgroup.com\/ch\/branchen\/#fassaden_zugang\" title=\"Fassaden-zugang\">                    \t<img decoding=\"async\" src=\"https:\/\/www.alimakgroup.com\/ch\/wp-content\/uploads\/sites\/21\/2022\/11\/tractel_logo_white-1.png\" alt=\"Fassaden-zugang\" title=\"Fassaden-zugang\" class=\"logo_0\">\n                    <\/a>                                        \n                \t                    <a href=\"https:\/\/www.alimakgroup.com\/ch\/branchen\/#fassaden_zugang\" title=\"Fassaden-zugang\">                    \t<img decoding=\"async\" src=\"https:\/\/www.alimakgroup.com\/ch\/wp-content\/uploads\/sites\/21\/2022\/11\/ind_mann_logo.png\" alt=\"Fassaden-zugang\" title=\"Fassaden-zugang\" class=\"logo_1\">\n                    <\/a>                                                            <a href=\"https:\/\/www.alimakgroup.com\/ch\/branchen\/#fassaden_zugang\" title=\"Fassaden-zugang\">                    \t<img decoding=\"async\" src=\"https:\/\/www.alimakgroup.com\/ch\/wp-content\/uploads\/sites\/21\/2022\/11\/ind_cox_logo.png\" alt=\"Fassaden-zugang\" title=\"Fassaden-zugang\" class=\"logo_2\">\n                    <\/a>                                    <\/div>\n                                <a href=\"https:\/\/www.alimakgroup.com\/ch\/branchen\/#fassaden_zugang\" title=\"Fassaden-zugang\" class=\"overlay_link\"><\/a>            <\/div>\n                        \n                        \n                      \t                        \n                        \n            <div class=\"ind_c ind_c_4\" style=\"background:url(https:\/\/www.alimakgroup.com\/ch\/wp-content\/uploads\/sites\/21\/2022\/07\/ind_4-336x645_c.jpg) center no-repeat; background-size:cover;\">\n                <img decoding=\"async\" src=\"https:\/\/www.alimakgroup.com\/ch\/wp-content\/uploads\/sites\/21\/2022\/07\/ind_4-336x645_c.jpg\" alt=\"Wind\" title=\"Wind\">\n                <h3>Wind<\/h3>\n                                <div class=\"ind_logo\">\n                \t\n                                        \n                \t                    <a href=\"https:\/\/www.alimakgroup.com\/ch\/branchen\/#wind\" title=\"Wind\">                    \t<img decoding=\"async\" src=\"https:\/\/www.alimakgroup.com\/ch\/wp-content\/uploads\/sites\/21\/2022\/07\/ind_logo_4.png\" alt=\"Wind\" title=\"Wind\" class=\"logo_1\">\n                    <\/a>                                                        <\/div>\n                                <a href=\"https:\/\/www.alimakgroup.com\/ch\/branchen\/#wind\" title=\"Wind\" class=\"overlay_link\"><\/a>            <\/div>\n                        \n                        \n                      \t                        \n                        \n            <div class=\"ind_c ind_c_5\" style=\"background:url(https:\/\/www.alimakgroup.com\/ch\/wp-content\/uploads\/sites\/21\/2022\/11\/tractel_ind_img-336x645_c.jpg) center no-repeat; background-size:cover;\">\n                <img decoding=\"async\" src=\"https:\/\/www.alimakgroup.com\/ch\/wp-content\/uploads\/sites\/21\/2022\/11\/tractel_ind_img-336x645_c.jpg\" alt=\"Height Safety &#038; Productivity Solutions\" title=\"Height Safety &#038; Productivity Solutions\">\n                <h3>Height Safety &#038; Productivity Solutions<\/h3>\n                                <div class=\"ind_logo\">\n                \t\n                                        \n                \t                    <a href=\"https:\/\/www.alimakgroup.com\/ch\/branchen\/#height_safety\" title=\"Height Safety &#038; Productivity Solutions\">                    \t<img decoding=\"async\" src=\"https:\/\/www.alimakgroup.com\/ch\/wp-content\/uploads\/sites\/21\/2022\/11\/tractel_logo_white.png\" alt=\"Height Safety &#038; Productivity Solutions\" title=\"Height Safety &#038; Productivity Solutions\" class=\"logo_1\">\n                    <\/a>                                                        <\/div>\n                                <a href=\"https:\/\/www.alimakgroup.com\/ch\/branchen\/#height_safety\" title=\"Height Safety &#038; Productivity Solutions\" class=\"overlay_link\"><\/a>            <\/div>\n                        \n                        \n                      \t        <\/div>\n            <\/div>\n<\/section>\n\n\n<section class=\"map_block\">\n    <div class=\"content_holder flex\">\n        <div class=\"map_box\">\n            <img decoding=\"async\" src=\"https:\/\/www.alimakgroup.com\/ch\/wp-content\/uploads\/sites\/21\/2022\/11\/Alimak-Division-Industrial-Worldmap-artwork-2022-820x453_c.png\" alt=\"Alimak Group auf der ganzen Welt\" title=\"Alimak Group auf der ganzen Welt\">\n            <span class=\"line_1\"><\/span>\n            <span class=\"line_2\"><\/span>\n            <span class=\"line_3\"><\/span>\n        <\/div>\n        <div class=\"map_texts\">\n            <div class=\"mt_padding\">\n                <div class=\"mt_txs\">\n                \t<h5>Alimak Group auf der ganzen Welt<\/h5>\n<p>Die Alimak Group verf&#252;gt &#252;ber ein globales Netzwerk aus eigenen Verkaufsb&#252;ros und Vertriebspartnern in &#252;ber 100 L&#228;ndern. Die globale Organisation bringt die Alimak Group den Kunden nahe und gew&#228;hrleistet eine gute Kenntnis ihres Gesch&#228;fts, langfristige Beziehungen und eine hohe Servicequalit&#228;t.<\/p>\n                                    <\/div>\n            <\/div>\n            <div class=\"mt_shadow\"><\/div>\n        <\/div>\n    <\/div>\n<\/section>\n\n\n<section class=\"insta_feed flex\">\n\t    <div class=\"in_img\" style=\"background:url(https:\/\/www.alimakgroup.com\/ch\/wp-content\/uploads\/sites\/21\/2022\/08\/insta_1-322x322_c.jpg) center no-repeat; background-size:cover;\">\n        <img decoding=\"async\" src=\"https:\/\/www.alimakgroup.com\/ch\/wp-content\/uploads\/sites\/21\/2022\/08\/insta_1-322x322_c.jpg\" alt=\"\" title=\"\">\n    <\/div>\n    \t    <div class=\"in_img\" style=\"background:url(https:\/\/www.alimakgroup.com\/ch\/wp-content\/uploads\/sites\/21\/2022\/08\/insta_2-322x322_c.jpg) center no-repeat; background-size:cover;\">\n        <img decoding=\"async\" src=\"https:\/\/www.alimakgroup.com\/ch\/wp-content\/uploads\/sites\/21\/2022\/08\/insta_2-322x322_c.jpg\" alt=\"\" title=\"\">\n    <\/div>\n    \t    <div class=\"in_img\" style=\"background:url(https:\/\/www.alimakgroup.com\/ch\/wp-content\/uploads\/sites\/21\/2022\/08\/insta_3-322x322_c.jpg) center no-repeat; background-size:cover;\">\n        <img decoding=\"async\" src=\"https:\/\/www.alimakgroup.com\/ch\/wp-content\/uploads\/sites\/21\/2022\/08\/insta_3-322x322_c.jpg\" alt=\"\" title=\"\">\n    <\/div>\n    \t    <div class=\"in_img\" style=\"background:url(https:\/\/www.alimakgroup.com\/ch\/wp-content\/uploads\/sites\/21\/2022\/08\/insta_4-322x322_c.jpg) center no-repeat; background-size:cover;\">\n        <img decoding=\"async\" src=\"https:\/\/www.alimakgroup.com\/ch\/wp-content\/uploads\/sites\/21\/2022\/08\/insta_4-322x322_c.jpg\" alt=\"\" title=\"\">\n    <\/div>\n    \t    <div class=\"in_img\" style=\"background:url(https:\/\/www.alimakgroup.com\/ch\/wp-content\/uploads\/sites\/21\/2022\/08\/insta_5-322x322_c.jpg) center no-repeat; background-size:cover;\">\n        <img decoding=\"async\" src=\"https:\/\/www.alimakgroup.com\/ch\/wp-content\/uploads\/sites\/21\/2022\/08\/insta_5-322x322_c.jpg\" alt=\"\" title=\"\">\n    <\/div>\n    \t    <div class=\"in_img\" style=\"background:url(https:\/\/www.alimakgroup.com\/ch\/wp-content\/uploads\/sites\/21\/2022\/08\/insta_6-322x322_c.jpg) center no-repeat; background-size:cover;\">\n        <img decoding=\"async\" src=\"https:\/\/www.alimakgroup.com\/ch\/wp-content\/uploads\/sites\/21\/2022\/08\/insta_6-322x322_c.jpg\" alt=\"\" title=\"\">\n    <\/div>\n       \n<\/section>","protected":false},"excerpt":{"rendered":"<p>1 \u672c\u8d44\u4ea7\u6570\u636e\u7ba1\u7406\u58f0\u660e\u63cf\u8ff0\u4e86 Alimak Group AB \u53ca\u5176&#8230;\u7684\u5b9e\u8df5\u3002<\/p>\n","protected":false},"author":1,"featured_media":0,"parent":0,"menu_order":1,"comment_status":"closed","ping_status":"closed","template":"","meta":{"_acf_changed":false,"_trash_the_other_posts":false,"editor_notices":[],"footnotes":""},"class_list":["post-10","page","type-page","status-publish","hentry"],"acf":[],"yoast_head":"<!-- This site is optimized with the Yoast SEO plugin v27.5 - https:\/\/yoast.com\/product\/yoast-seo-wordpress\/ -->\n<title>Startseite - Switzerland<\/title>\n<meta name=\"robots\" content=\"index, follow, max-snippet:-1, max-image-preview:large, max-video-preview:-1\" \/>\n<link rel=\"canonical\" href=\"https:\/\/www.alimakgroup.com\/ch\/\" \/>\n<meta property=\"og:locale\" content=\"de_DE\" \/>\n<meta property=\"og:type\" content=\"article\" \/>\n<meta property=\"og:title\" content=\"Startseite - Switzerland\" \/>\n<meta property=\"og:description\" content=\"1 \u672c\u8d44\u4ea7\u6570\u636e\u7ba1\u7406\u58f0\u660e\u63cf\u8ff0\u4e86 Alimak Group AB \u53ca\u5176...\u7684\u5b9e\u8df5\u3002\" \/>\n<meta property=\"og:url\" content=\"https:\/\/www.alimakgroup.com\/ch\/\" \/>\n<meta property=\"og:site_name\" content=\"Switzerland\" \/>\n<meta property=\"article:modified_time\" content=\"2024-02-16T05:55:22+00:00\" \/>\n<meta name=\"twitter:card\" content=\"summary_large_image\" \/>\n<script type=\"application\/ld+json\" class=\"yoast-schema-graph\">{\"@context\":\"https:\\\/\\\/schema.org\",\"@graph\":[{\"@type\":\"WebPage\",\"@id\":\"https:\\\/\\\/www.alimakgroup.com\\\/ch\\\/\",\"url\":\"https:\\\/\\\/www.alimakgroup.com\\\/ch\\\/\",\"name\":\"Startseite - Switzerland\",\"isPartOf\":{\"@id\":\"https:\\\/\\\/www.alimakgroup.com\\\/ch\\\/#website\"},\"datePublished\":\"2022-07-28T02:09:36+00:00\",\"dateModified\":\"2024-02-16T05:55:22+00:00\",\"inLanguage\":\"de-CH\",\"potentialAction\":[{\"@type\":\"ReadAction\",\"target\":[\"https:\\\/\\\/www.alimakgroup.com\\\/ch\\\/\"]}]},{\"@type\":\"WebSite\",\"@id\":\"https:\\\/\\\/www.alimakgroup.com\\\/ch\\\/#website\",\"url\":\"https:\\\/\\\/www.alimakgroup.com\\\/ch\\\/\",\"name\":\"Switzerland\",\"description\":\"Just another WordPress site\",\"potentialAction\":[{\"@type\":\"SearchAction\",\"target\":{\"@type\":\"EntryPoint\",\"urlTemplate\":\"https:\\\/\\\/www.alimakgroup.com\\\/ch\\\/?s={search_term_string}\"},\"query-input\":{\"@type\":\"PropertyValueSpecification\",\"valueRequired\":true,\"valueName\":\"search_term_string\"}}],\"inLanguage\":\"de-CH\"}]}<\/script>\n<!-- \/ Yoast SEO plugin. -->","yoast_head_json":{"title":"Startseite - Switzerland","robots":{"index":"index","follow":"follow","max-snippet":"max-snippet:-1","max-image-preview":"max-image-preview:large","max-video-preview":"max-video-preview:-1"},"canonical":"https:\/\/www.alimakgroup.com\/ch\/","og_locale":"de_DE","og_type":"article","og_title":"Startseite - Switzerland","og_description":"1 \u672c\u8d44\u4ea7\u6570\u636e\u7ba1\u7406\u58f0\u660e\u63cf\u8ff0\u4e86 Alimak Group AB \u53ca\u5176...\u7684\u5b9e\u8df5\u3002","og_url":"https:\/\/www.alimakgroup.com\/ch\/","og_site_name":"Switzerland","article_modified_time":"2024-02-16T05:55:22+00:00","twitter_card":"summary_large_image","schema":{"@context":"https:\/\/schema.org","@graph":[{"@type":"WebPage","@id":"https:\/\/www.alimakgroup.com\/ch\/","url":"https:\/\/www.alimakgroup.com\/ch\/","name":"Startseite - Switzerland","isPartOf":{"@id":"https:\/\/www.alimakgroup.com\/ch\/#website"},"datePublished":"2022-07-28T02:09:36+00:00","dateModified":"2024-02-16T05:55:22+00:00","inLanguage":"de-CH","potentialAction":[{"@type":"ReadAction","target":["https:\/\/www.alimakgroup.com\/ch\/"]}]},{"@type":"WebSite","@id":"https:\/\/www.alimakgroup.com\/ch\/#website","url":"https:\/\/www.alimakgroup.com\/ch\/","name":"Switzerland","description":"Just another WordPress site","potentialAction":[{"@type":"SearchAction","target":{"@type":"EntryPoint","urlTemplate":"https:\/\/www.alimakgroup.com\/ch\/?s={search_term_string}"},"query-input":{"@type":"PropertyValueSpecification","valueRequired":true,"valueName":"search_term_string"}}],"inLanguage":"de-CH"}]}},"_links":{"self":[{"href":"https:\/\/www.alimakgroup.com\/ch\/wp-json\/wp\/v2\/pages\/10","targetHints":{"allow":["GET"]}}],"collection":[{"href":"https:\/\/www.alimakgroup.com\/ch\/wp-json\/wp\/v2\/pages"}],"about":[{"href":"https:\/\/www.alimakgroup.com\/ch\/wp-json\/wp\/v2\/types\/page"}],"author":[{"embeddable":true,"href":"https:\/\/www.alimakgroup.com\/ch\/wp-json\/wp\/v2\/users\/1"}],"replies":[{"embeddable":true,"href":"https:\/\/www.alimakgroup.com\/ch\/wp-json\/wp\/v2\/comments?post=10"}],"version-history":[{"count":69,"href":"https:\/\/www.alimakgroup.com\/ch\/wp-json\/wp\/v2\/pages\/10\/revisions"}],"predecessor-version":[{"id":593,"href":"https:\/\/www.alimakgroup.com\/ch\/wp-json\/wp\/v2\/pages\/10\/revisions\/593"}],"wp:attachment":[{"href":"https:\/\/www.alimakgroup.com\/ch\/wp-json\/wp\/v2\/media?parent=10"}],"curies":[{"name":"wp","href":"https:\/\/api.w.org\/{rel}","templated":true}]}}