{"id":10,"date":"2022-07-28T02:09:36","date_gmt":"2022-07-28T02:09:36","guid":{"rendered":"https:\/\/www.alimakgroup.com\/?page_id=10"},"modified":"2024-02-16T05:46:43","modified_gmt":"2024-02-16T05:46:43","slug":"accueil","status":"publish","type":"page","link":"https:\/\/www.alimakgroup.com\/be\/","title":{"rendered":"Accueil"},"content":{"rendered":"    <section class=\"site_banner_wrap\" id=\"block_2bb0777ada36b63104cbb36f005bbf1d\"><div class=\"site_banner\">\n            <div>\n            <div class=\"banner_slide\" style=\"background:url(https:\/\/www.alimakgroup.com\/be\/wp-content\/uploads\/sites\/2\/2022\/07\/banner_slide-1920x600_c.jpg) center no-repeat; background-size:cover;\">\n                <img decoding=\"async\" src=\"https:\/\/www.alimakgroup.com\/be\/wp-content\/uploads\/sites\/2\/2022\/07\/banner_slide-1920x600_c.jpg\" alt=\"Alimak Group est un fournisseur mondial de solutions durables d'acc\u00e8s vertical et de travail en hauteur\" title=\"Alimak Group est un fournisseur mondial de solutions durables d'acc\u00e8s vertical et de travail en hauteur\">\n                                <div class=\"banner_txts\"><div class=\"b1\"><div class=\"b2\">\n                    <div class=\"content_holder\">\n\t\t\t\t\t\t                        <h1>Alimak Group est un fournisseur mondial de solutions durables d&rsquo;acc\u00e8s vertical et de travail en hauteur<\/h1>\n                                            <\/div>\n                <\/div><\/div><\/div>\n                            <\/div>\n        <\/div>\n            <\/div>\n    <div class=\"banner_navi\">\n        <div class=\"content_holder\">\n            <div class=\"b_navi\">\n            \t                <a href=\"#\" class=\"banner_arrow\" id=\"banner_arrow\"><\/a>\n            <\/div>\n        <\/div>\n    <\/div>\n<\/section>\n    \n\n\n<section class=\"contents_block inro_block\">\n    <div class=\"content_holder\">\n        <p>Alimak Group est un fournisseur mondial du march\u00e9 des solutions d&rsquo;acc\u00e8s vertical pour les secteurs de l&rsquo;industrie et de la construction, avec un engagement fort pour am\u00e9liorer la s\u00e9curit\u00e9, la productivit\u00e9 et la rentabilit\u00e9 de ses clients. Alimak Group est un pionnier et un leader de l&rsquo;industrie qui propose depuis 70 ans une gamme diversifi\u00e9e de solutions d&rsquo;acc\u00e8s vertical, notamment des monte-charges et des plates-formes de construction, des \u00e9l\u00e9vateurs industriels, des solutions d&rsquo;acc\u00e8s aux fa\u00e7ades compl\u00e8tes et des syst\u00e8mes d&rsquo;\u00e9l\u00e9vateurs de service pour les pyl\u00f4nes d&rsquo;\u00e9oliennes. Parmi les marques du Groupe Alimak, on trouve <a href=\"https:\/\/alimak.com\/\" target=\"_blank\" rel=\"noopener\">Alimak<\/a>, <a href=\"http:\/\/www.scanclimber.com\" target=\"_blank\" rel=\"noopener\">Scanclimber<\/a>, <a href=\"https:\/\/www.tractel.com\/\" target=\"_blank\" rel=\"noopener\">Tractel<\/a>, <a href=\"https:\/\/www.coxgomyl.com\/\" target=\"_blank\" rel=\"noopener\">CoxGomyl<\/a>, <a href=\"https:\/\/www.manntech.com\/\" target=\"_blank\" rel=\"noopener\">Manntech<\/a> et <a href=\"https:\/\/www.avanti-online.com\/\" target=\"_blank\" rel=\"noopener\">Avanti<\/a>.<\/p>\n    <\/div>\n<\/section>\n\n\n<section class=\"content_logos\">\n    <div class=\"content_holder\">\n    \t                <a href=\"https:\/\/alimak.com\/\" target=\"_blank\">                \t<img decoding=\"async\" src=\"https:\/\/www.alimakgroup.com\/be\/wp-content\/uploads\/sites\/2\/2022\/07\/logo_1.png\" alt=\"Alimak\" title=\"Alimak\">\n                <\/a>                                <a href=\"https:\/\/www.scanclimber.com\/\" target=\"_blank\">                \t<img decoding=\"async\" src=\"https:\/\/www.alimakgroup.com\/be\/wp-content\/uploads\/sites\/2\/2023\/03\/logo_5.png\" alt=\"Scanclimber\" title=\"Scanclimber\">\n                <\/a>                                <a href=\"https:\/\/www.tractel.com\/\" target=\"_blank\">                \t<img decoding=\"async\" src=\"https:\/\/www.alimakgroup.com\/be\/wp-content\/uploads\/sites\/2\/2023\/03\/tractel_logo_no_r.png\" alt=\"Tractel\" title=\"Tractel\">\n                <\/a>                                <a href=\"https:\/\/www.coxgomyl.com\/\" target=\"_blank\">                \t<img decoding=\"async\" src=\"https:\/\/www.alimakgroup.com\/be\/wp-content\/uploads\/sites\/2\/2022\/07\/logo_2.png\" alt=\"Coxgomyl\" title=\"Coxgomyl\">\n                <\/a>                                <a href=\"https:\/\/www.manntech.com\/\" target=\"_blank\">                \t<img decoding=\"async\" src=\"https:\/\/www.alimakgroup.com\/be\/wp-content\/uploads\/sites\/2\/2022\/07\/logo_3.png\" alt=\"Manntech\" title=\"Manntech\">\n                <\/a>                                <a href=\"https:\/\/www.avanti-online.com\/\" target=\"_blank\">                \t<img decoding=\"async\" src=\"https:\/\/www.alimakgroup.com\/be\/wp-content\/uploads\/sites\/2\/2022\/07\/logo_4.png\" alt=\"Avanti\" title=\"Avanti\">\n                <\/a>                    <\/div>\n<\/section>\n\n\n<section class=\"cta_banner\">\n    <div class=\"cta_bg\" style=\"background:url(https:\/\/www.alimakgroup.com\/be\/wp-content\/uploads\/sites\/2\/2022\/07\/cta_img-1920x434_c.jpg) center no-repeat; background-size:cover;\">\n    \t        <div class=\"ct_1\"><div class=\"ct_2\">\n            <div class=\"content_holder\">\n                <h2>Atteindre de nouveaux sommets<\/h2>\n            <\/div>\n        <\/div><\/div>\n            <\/div>\n<\/section>\n\n\n<section class=\"industries_block\">\n    <div class=\"content_holder\">\n    \t<h2>Secteurs industriels<\/h2>        <p>Les produits et services du groupe Alimak se concentrent sur quatre secteurs cl\u00e9s : l&rsquo;acc\u00e8s aux fa\u00e7ades, la construction, l&rsquo;industriel et l&rsquo;\u00e9olien.<\/p>        \n        \n                <div class=\"ind_cols flex\">\n        \t                        \n                        \n            <div class=\"ind_c ind_c_1\" style=\"background:url(https:\/\/www.alimakgroup.com\/be\/wp-content\/uploads\/sites\/2\/2022\/07\/ind_1-336x645_c.jpg) center no-repeat; background-size:cover;\">\n                <img decoding=\"async\" src=\"https:\/\/www.alimakgroup.com\/be\/wp-content\/uploads\/sites\/2\/2022\/07\/ind_1-336x645_c.jpg\" alt=\"Industriel\" title=\"Industriel\">\n                <h3>Industriel<\/h3>\n                                <div class=\"ind_logo\">\n                \t\n                                        \n                \t                    <a href=\"https:\/\/www.alimakgroup.com\/be\/secteurs-industriels\/#industriel\" title=\"Industriel\">                    \t<img decoding=\"async\" src=\"https:\/\/www.alimakgroup.com\/be\/wp-content\/uploads\/sites\/2\/2022\/07\/ind_logo_1.png\" alt=\"Industriel\" title=\"Industriel\" class=\"logo_1\">\n                    <\/a>                                                        <\/div>\n                                <a href=\"https:\/\/www.alimakgroup.com\/be\/secteurs-industriels\/#industriel\" title=\"Industriel\" class=\"overlay_link\"><\/a>            <\/div>\n                        \n                        \n                      \t                        \n                        \n            <div class=\"ind_c ind_c_2\" style=\"background:url(https:\/\/www.alimakgroup.com\/be\/wp-content\/uploads\/sites\/2\/2022\/07\/ind_2-336x645_c.jpg) center no-repeat; background-size:cover;\">\n                <img decoding=\"async\" src=\"https:\/\/www.alimakgroup.com\/be\/wp-content\/uploads\/sites\/2\/2022\/07\/ind_2-336x645_c.jpg\" alt=\"Construction\" title=\"Construction\">\n                <h3>Construction<\/h3>\n                                <div class=\"ind_logo\">\n                \t\n                                        \n                \t                    <a href=\"https:\/\/www.alimakgroup.com\/be\/secteurs-industriels\/#construction\" title=\"Construction\">                    \t<img decoding=\"async\" src=\"https:\/\/www.alimakgroup.com\/be\/wp-content\/uploads\/sites\/2\/2022\/11\/ind_logo_1.png\" alt=\"Construction\" title=\"Construction\" class=\"logo_1\">\n                    <\/a>                                                            <a href=\"https:\/\/www.alimakgroup.com\/be\/secteurs-industriels\/#construction\" title=\"Construction\">                    \t<img decoding=\"async\" src=\"https:\/\/www.alimakgroup.com\/be\/wp-content\/uploads\/sites\/2\/2022\/11\/scan_logo.png\" alt=\"Construction\" title=\"Construction\" class=\"logo_2\">\n                    <\/a>                                    <\/div>\n                                <a href=\"https:\/\/www.alimakgroup.com\/be\/secteurs-industriels\/#construction\" title=\"Construction\" class=\"overlay_link\"><\/a>            <\/div>\n                        \n                        \n                      \t                        \n                        \n            <div class=\"ind_c ind_c_3\" style=\"background:url(https:\/\/www.alimakgroup.com\/be\/wp-content\/uploads\/sites\/2\/2022\/07\/ind_3-336x645_c.jpg) center no-repeat; background-size:cover;\">\n                <img decoding=\"async\" src=\"https:\/\/www.alimakgroup.com\/be\/wp-content\/uploads\/sites\/2\/2022\/07\/ind_3-336x645_c.jpg\" alt=\"Acc\u00e8s aux fa\u00e7ades\" title=\"Acc\u00e8s aux fa\u00e7ades\">\n                <h3>Acc\u00e8s aux fa\u00e7ades<\/h3>\n                                <div class=\"ind_logo\">\n                \t\n                                        <a href=\"https:\/\/www.alimakgroup.com\/be\/secteurs-industriels\/#acc\u00e8s_aux_fa\u00e7ades\" title=\"Acc\u00e8s aux fa\u00e7ades\">                    \t<img decoding=\"async\" src=\"https:\/\/www.alimakgroup.com\/be\/wp-content\/uploads\/sites\/2\/2022\/11\/tractel_logo_white-1.png\" alt=\"Acc\u00e8s aux fa\u00e7ades\" title=\"Acc\u00e8s aux fa\u00e7ades\" class=\"logo_0\">\n                    <\/a>                                        \n                \t                    <a href=\"https:\/\/www.alimakgroup.com\/be\/secteurs-industriels\/#acc\u00e8s_aux_fa\u00e7ades\" title=\"Acc\u00e8s aux fa\u00e7ades\">                    \t<img decoding=\"async\" src=\"https:\/\/www.alimakgroup.com\/be\/wp-content\/uploads\/sites\/2\/2022\/11\/ind_mann_logo.png\" alt=\"Acc\u00e8s aux fa\u00e7ades\" title=\"Acc\u00e8s aux fa\u00e7ades\" class=\"logo_1\">\n                    <\/a>                                                            <a href=\"https:\/\/www.alimakgroup.com\/be\/secteurs-industriels\/#acc\u00e8s_aux_fa\u00e7ades\" title=\"Acc\u00e8s aux fa\u00e7ades\">                    \t<img decoding=\"async\" src=\"https:\/\/www.alimakgroup.com\/be\/wp-content\/uploads\/sites\/2\/2022\/11\/ind_cox_logo.png\" alt=\"Acc\u00e8s aux fa\u00e7ades\" title=\"Acc\u00e8s aux fa\u00e7ades\" class=\"logo_2\">\n                    <\/a>                                    <\/div>\n                                <a href=\"https:\/\/www.alimakgroup.com\/be\/secteurs-industriels\/#acc\u00e8s_aux_fa\u00e7ades\" title=\"Acc\u00e8s aux fa\u00e7ades\" class=\"overlay_link\"><\/a>            <\/div>\n                        \n                        \n                      \t                        \n                        \n            <div class=\"ind_c ind_c_4\" style=\"background:url(https:\/\/www.alimakgroup.com\/be\/wp-content\/uploads\/sites\/2\/2022\/07\/ind_4-336x645_c.jpg) center no-repeat; background-size:cover;\">\n                <img decoding=\"async\" src=\"https:\/\/www.alimakgroup.com\/be\/wp-content\/uploads\/sites\/2\/2022\/07\/ind_4-336x645_c.jpg\" alt=\"\u00c9olien\" title=\"\u00c9olien\">\n                <h3>\u00c9olien<\/h3>\n                                <div class=\"ind_logo\">\n                \t\n                                        \n                \t                    <a href=\"https:\/\/www.alimakgroup.com\/be\/secteurs-industriels\/#\u00e9olien\" title=\"\u00c9olien\">                    \t<img decoding=\"async\" src=\"https:\/\/www.alimakgroup.com\/be\/wp-content\/uploads\/sites\/2\/2022\/07\/ind_logo_4.png\" alt=\"\u00c9olien\" title=\"\u00c9olien\" class=\"logo_1\">\n                    <\/a>                                                        <\/div>\n                                <a href=\"https:\/\/www.alimakgroup.com\/be\/secteurs-industriels\/#\u00e9olien\" title=\"\u00c9olien\" class=\"overlay_link\"><\/a>            <\/div>\n                        \n                        \n                      \t                        \n                        \n            <div class=\"ind_c ind_c_5\" style=\"background:url(https:\/\/www.alimakgroup.com\/be\/wp-content\/uploads\/sites\/2\/2022\/11\/tractel_ind_img-336x645_c.jpg) center no-repeat; background-size:cover;\">\n                <img decoding=\"async\" src=\"https:\/\/www.alimakgroup.com\/be\/wp-content\/uploads\/sites\/2\/2022\/11\/tractel_ind_img-336x645_c.jpg\" alt=\"Solutions de s\u00e9curit\u00e9 et de productivit\u00e9 en hauteur\" title=\"Solutions de s\u00e9curit\u00e9 et de productivit\u00e9 en hauteur\">\n                <h3>Solutions de s\u00e9curit\u00e9 et de productivit\u00e9 en hauteur<\/h3>\n                                <div class=\"ind_logo\">\n                \t\n                                        \n                \t                    <a href=\"https:\/\/www.alimakgroup.com\/be\/secteurs-industriels\/#height_safety\" title=\"Solutions de s\u00e9curit\u00e9 et de productivit\u00e9 en hauteur\">                    \t<img decoding=\"async\" src=\"https:\/\/www.alimakgroup.com\/be\/wp-content\/uploads\/sites\/2\/2022\/11\/tractel_logo_white.png\" alt=\"Solutions de s\u00e9curit\u00e9 et de productivit\u00e9 en hauteur\" title=\"Solutions de s\u00e9curit\u00e9 et de productivit\u00e9 en hauteur\" class=\"logo_1\">\n                    <\/a>                                                        <\/div>\n                                <a href=\"https:\/\/www.alimakgroup.com\/be\/secteurs-industriels\/#height_safety\" title=\"Solutions de s\u00e9curit\u00e9 et de productivit\u00e9 en hauteur\" class=\"overlay_link\"><\/a>            <\/div>\n                        \n                        \n                      \t        <\/div>\n            <\/div>\n<\/section>\n\n\n<section class=\"map_block\">\n    <div class=\"content_holder flex\">\n        <div class=\"map_box\">\n            <img decoding=\"async\" src=\"https:\/\/www.alimakgroup.com\/be\/wp-content\/uploads\/sites\/2\/2022\/11\/Alimak-Division-Industrial-Worldmap-artwork-2022-820x453_c.png\" alt=\"Le Groupe Alimak \u00e0 travers le monde\" title=\"Le Groupe Alimak \u00e0 travers le monde\">\n            <span class=\"line_1\"><\/span>\n            <span class=\"line_2\"><\/span>\n            <span class=\"line_3\"><\/span>\n        <\/div>\n        <div class=\"map_texts\">\n            <div class=\"mt_padding\">\n                <div class=\"mt_txs\">\n                \t<h5>Le Groupe Alimak &agrave; travers le monde<\/h5>\n<p>Le Groupe Alimak dispose d&rsquo;un r&eacute;seau mondial de bureaux de vente et de distributeurs en nom propre dans plus de 100 pays. Cette organisation mondiale permet au Groupe Alimak d&rsquo;&ecirc;tre au plus pr&egrave;s de ses clients, garantissant ainsi une bonne connaissance de leurs activit&eacute;s, des relations &agrave; long terme et une qualit&eacute; de service &eacute;lev&eacute;e.<\/p>\n                                    <\/div>\n            <\/div>\n            <div class=\"mt_shadow\"><\/div>\n        <\/div>\n    <\/div>\n<\/section>\n\n\n<section class=\"insta_feed flex\">\n\t    <div class=\"in_img\" style=\"background:url(https:\/\/www.alimakgroup.com\/be\/wp-content\/uploads\/sites\/2\/2022\/08\/insta_1-322x322_c.jpg) center no-repeat; background-size:cover;\">\n        <img decoding=\"async\" src=\"https:\/\/www.alimakgroup.com\/be\/wp-content\/uploads\/sites\/2\/2022\/08\/insta_1-322x322_c.jpg\" alt=\"\" title=\"\">\n    <\/div>\n    \t    <div class=\"in_img\" style=\"background:url(https:\/\/www.alimakgroup.com\/be\/wp-content\/uploads\/sites\/2\/2022\/08\/insta_2-322x322_c.jpg) center no-repeat; background-size:cover;\">\n        <img decoding=\"async\" src=\"https:\/\/www.alimakgroup.com\/be\/wp-content\/uploads\/sites\/2\/2022\/08\/insta_2-322x322_c.jpg\" alt=\"\" title=\"\">\n    <\/div>\n    \t    <div class=\"in_img\" style=\"background:url(https:\/\/www.alimakgroup.com\/be\/wp-content\/uploads\/sites\/2\/2022\/08\/insta_3-322x322_c.jpg) center no-repeat; background-size:cover;\">\n        <img decoding=\"async\" src=\"https:\/\/www.alimakgroup.com\/be\/wp-content\/uploads\/sites\/2\/2022\/08\/insta_3-322x322_c.jpg\" alt=\"\" title=\"\">\n    <\/div>\n    \t    <div class=\"in_img\" style=\"background:url(https:\/\/www.alimakgroup.com\/be\/wp-content\/uploads\/sites\/2\/2022\/08\/insta_4-322x322_c.jpg) center no-repeat; background-size:cover;\">\n        <img decoding=\"async\" src=\"https:\/\/www.alimakgroup.com\/be\/wp-content\/uploads\/sites\/2\/2022\/08\/insta_4-322x322_c.jpg\" alt=\"\" title=\"\">\n    <\/div>\n    \t    <div class=\"in_img\" style=\"background:url(https:\/\/www.alimakgroup.com\/be\/wp-content\/uploads\/sites\/2\/2022\/08\/insta_5-322x322_c.jpg) center no-repeat; background-size:cover;\">\n        <img decoding=\"async\" src=\"https:\/\/www.alimakgroup.com\/be\/wp-content\/uploads\/sites\/2\/2022\/08\/insta_5-322x322_c.jpg\" alt=\"\" title=\"\">\n    <\/div>\n    \t    <div class=\"in_img\" style=\"background:url(https:\/\/www.alimakgroup.com\/be\/wp-content\/uploads\/sites\/2\/2022\/08\/insta_6-322x322_c.jpg) center no-repeat; background-size:cover;\">\n        <img decoding=\"async\" src=\"https:\/\/www.alimakgroup.com\/be\/wp-content\/uploads\/sites\/2\/2022\/08\/insta_6-322x322_c.jpg\" alt=\"\" title=\"\">\n    <\/div>\n       \n<\/section>","protected":false},"excerpt":{"rendered":"<p>1 \u672c\u8d44\u4ea7\u6570\u636e\u7ba1\u7406\u58f0\u660e\u63cf\u8ff0\u4e86 Alimak Group AB \u53ca\u5176&#8230;\u7684\u5b9e\u8df5\u3002<\/p>\n","protected":false},"author":1,"featured_media":0,"parent":0,"menu_order":0,"comment_status":"closed","ping_status":"closed","template":"","meta":{"_acf_changed":false,"_trash_the_other_posts":false,"editor_notices":[],"footnotes":""},"class_list":["post-10","page","type-page","status-publish","hentry"],"acf":[],"yoast_head":"<!-- This site is optimized with the Yoast SEO plugin v27.3 - https:\/\/yoast.com\/product\/yoast-seo-wordpress\/ -->\n<title>Accueil - Belguim<\/title>\n<meta name=\"robots\" content=\"index, follow, max-snippet:-1, max-image-preview:large, max-video-preview:-1\" \/>\n<link rel=\"canonical\" href=\"https:\/\/www.alimakgroup.com\/be\/\" \/>\n<meta property=\"og:locale\" content=\"fr_FR\" \/>\n<meta property=\"og:type\" content=\"article\" \/>\n<meta property=\"og:title\" content=\"Accueil - Belguim\" \/>\n<meta property=\"og:description\" content=\"1 \u672c\u8d44\u4ea7\u6570\u636e\u7ba1\u7406\u58f0\u660e\u63cf\u8ff0\u4e86 Alimak Group AB \u53ca\u5176...\u7684\u5b9e\u8df5\u3002\" \/>\n<meta property=\"og:url\" content=\"https:\/\/www.alimakgroup.com\/be\/\" \/>\n<meta property=\"og:site_name\" content=\"Belguim\" \/>\n<meta property=\"article:modified_time\" content=\"2024-02-16T05:46:43+00:00\" \/>\n<meta name=\"twitter:card\" content=\"summary_large_image\" \/>\n<script type=\"application\/ld+json\" class=\"yoast-schema-graph\">{\"@context\":\"https:\\\/\\\/schema.org\",\"@graph\":[{\"@type\":\"WebPage\",\"@id\":\"https:\\\/\\\/www.alimakgroup.com\\\/be\\\/\",\"url\":\"https:\\\/\\\/www.alimakgroup.com\\\/be\\\/\",\"name\":\"Accueil - Belguim\",\"isPartOf\":{\"@id\":\"https:\\\/\\\/www.alimakgroup.com\\\/be\\\/#website\"},\"datePublished\":\"2022-07-28T02:09:36+00:00\",\"dateModified\":\"2024-02-16T05:46:43+00:00\",\"inLanguage\":\"fr-BE\",\"potentialAction\":[{\"@type\":\"ReadAction\",\"target\":[\"https:\\\/\\\/www.alimakgroup.com\\\/be\\\/\"]}]},{\"@type\":\"WebSite\",\"@id\":\"https:\\\/\\\/www.alimakgroup.com\\\/be\\\/#website\",\"url\":\"https:\\\/\\\/www.alimakgroup.com\\\/be\\\/\",\"name\":\"Belguim\",\"description\":\"Just another WordPress site\",\"potentialAction\":[{\"@type\":\"SearchAction\",\"target\":{\"@type\":\"EntryPoint\",\"urlTemplate\":\"https:\\\/\\\/www.alimakgroup.com\\\/be\\\/?s={search_term_string}\"},\"query-input\":{\"@type\":\"PropertyValueSpecification\",\"valueRequired\":true,\"valueName\":\"search_term_string\"}}],\"inLanguage\":\"fr-BE\"}]}<\/script>\n<!-- \/ Yoast SEO plugin. -->","yoast_head_json":{"title":"Accueil - Belguim","robots":{"index":"index","follow":"follow","max-snippet":"max-snippet:-1","max-image-preview":"max-image-preview:large","max-video-preview":"max-video-preview:-1"},"canonical":"https:\/\/www.alimakgroup.com\/be\/","og_locale":"fr_FR","og_type":"article","og_title":"Accueil - Belguim","og_description":"1 \u672c\u8d44\u4ea7\u6570\u636e\u7ba1\u7406\u58f0\u660e\u63cf\u8ff0\u4e86 Alimak Group AB \u53ca\u5176...\u7684\u5b9e\u8df5\u3002","og_url":"https:\/\/www.alimakgroup.com\/be\/","og_site_name":"Belguim","article_modified_time":"2024-02-16T05:46:43+00:00","twitter_card":"summary_large_image","schema":{"@context":"https:\/\/schema.org","@graph":[{"@type":"WebPage","@id":"https:\/\/www.alimakgroup.com\/be\/","url":"https:\/\/www.alimakgroup.com\/be\/","name":"Accueil - Belguim","isPartOf":{"@id":"https:\/\/www.alimakgroup.com\/be\/#website"},"datePublished":"2022-07-28T02:09:36+00:00","dateModified":"2024-02-16T05:46:43+00:00","inLanguage":"fr-BE","potentialAction":[{"@type":"ReadAction","target":["https:\/\/www.alimakgroup.com\/be\/"]}]},{"@type":"WebSite","@id":"https:\/\/www.alimakgroup.com\/be\/#website","url":"https:\/\/www.alimakgroup.com\/be\/","name":"Belguim","description":"Just another WordPress site","potentialAction":[{"@type":"SearchAction","target":{"@type":"EntryPoint","urlTemplate":"https:\/\/www.alimakgroup.com\/be\/?s={search_term_string}"},"query-input":{"@type":"PropertyValueSpecification","valueRequired":true,"valueName":"search_term_string"}}],"inLanguage":"fr-BE"}]}},"_links":{"self":[{"href":"https:\/\/www.alimakgroup.com\/be\/wp-json\/wp\/v2\/pages\/10","targetHints":{"allow":["GET"]}}],"collection":[{"href":"https:\/\/www.alimakgroup.com\/be\/wp-json\/wp\/v2\/pages"}],"about":[{"href":"https:\/\/www.alimakgroup.com\/be\/wp-json\/wp\/v2\/types\/page"}],"author":[{"embeddable":true,"href":"https:\/\/www.alimakgroup.com\/be\/wp-json\/wp\/v2\/users\/1"}],"replies":[{"embeddable":true,"href":"https:\/\/www.alimakgroup.com\/be\/wp-json\/wp\/v2\/comments?post=10"}],"version-history":[{"count":82,"href":"https:\/\/www.alimakgroup.com\/be\/wp-json\/wp\/v2\/pages\/10\/revisions"}],"predecessor-version":[{"id":496,"href":"https:\/\/www.alimakgroup.com\/be\/wp-json\/wp\/v2\/pages\/10\/revisions\/496"}],"wp:attachment":[{"href":"https:\/\/www.alimakgroup.com\/be\/wp-json\/wp\/v2\/media?parent=10"}],"curies":[{"name":"wp","href":"https:\/\/api.w.org\/{rel}","templated":true}]}}